{"id":31854,"date":"2024-05-30T18:18:27","date_gmt":"2024-05-30T16:18:27","guid":{"rendered":"https:\/\/jumelage.org\/francais\/?page_id=31854"},"modified":"2026-03-03T11:38:38","modified_gmt":"2026-03-03T10:38:38","slug":"adhesion","status":"publish","type":"page","link":"https:\/\/jumelage.org\/francais\/adhesion\/","title":{"rendered":"Adh\u00e9sion"},"content":{"rendered":"<div id=\"pl-31854\"  class=\"panel-layout\" ><div id=\"pg-31854-0\"  class=\"panel-grid panel-has-style\" ><div style=\"padding: 0px 0; \" data-overlay=\"true\" data-overlay-color=\"#000000\" class=\"panel-row-style panel-row-style-for-31854-0\" ><div id=\"pgc-31854-0-0\"  class=\"panel-grid-cell\" ><div id=\"panel-31854-0-0-0\" class=\"so-panel widget widget_sow-editor panel-first-child panel-last-child\" data-index=\"0\" ><div style=\"text-align: left;\" data-title-color=\"#443f3f\" data-headings-color=\"#443f3f\" class=\"panel-widget-style panel-widget-style-for-31854-0-0-0\" ><div\n\t\t\t\n\t\t\tclass=\"so-widget-sow-editor so-widget-sow-editor-base\"\n\t\t\t\n\t\t>\n<div class=\"siteorigin-widget-tinymce textwidget\">\n\t\n<div class=\"wpcf7 no-js\" id=\"wpcf7-f32339-o1\" lang=\"fr-FR\" dir=\"ltr\" data-wpcf7-id=\"32339\">\n<div class=\"screen-reader-response\"><p role=\"status\" aria-live=\"polite\" aria-atomic=\"true\"><\/p> <ul><\/ul><\/div>\n<form action=\"\/francais\/wp-json\/wp\/v2\/pages\/31854#wpcf7-f32339-o1\" method=\"post\" class=\"wpcf7-form init\" aria-label=\"Formulaire de contact\" novalidate=\"novalidate\" data-status=\"init\">\n<fieldset class=\"hidden-fields-container\"><input type=\"hidden\" name=\"_wpcf7\" value=\"32339\" \/><input type=\"hidden\" name=\"_wpcf7_version\" value=\"6.1.5\" \/><input type=\"hidden\" name=\"_wpcf7_locale\" value=\"fr_FR\" \/><input type=\"hidden\" name=\"_wpcf7_unit_tag\" value=\"wpcf7-f32339-o1\" \/><input type=\"hidden\" name=\"_wpcf7_container_post\" value=\"0\" \/><input type=\"hidden\" name=\"_wpcf7_posted_data_hash\" value=\"\" \/>\n<\/fieldset>\n<div align=center>\n\t<font color=\"#262899\"<font size=5>\n\t\t<p><b>ASSOCIATION des AMIS du JUMELAGE SAINT-GERMAIN-EN-LAYE \/ WINCHESTER (MA)<br \/>\n\t\t\t\t<font color=\"#ff0000\">Adh\u00e9sion 2026\n\t\t\t\t<\/font><\/b>\n\t\t<\/p>\n\t<\/font>\n\t<div >\n\t\t<p><img decoding=\"async\" src=\"http:\/\/jumelage.org\/francais\/wp-content\/uploads\/2020\/03\/LogoWinchesterStGermDEPUIS-1990-e1584095901241.jpg\" \/>\n\t\t<\/p>\n\t<\/div>\n\t<center>\n\t\t<p><span class=\"wpcf7-form-control-wrap\" data-name=\"checkbox-916\"><span class=\"wpcf7-form-control wpcf7-checkbox wpcf7-exclusive-checkbox\"><span class=\"wpcf7-list-item first last\"><input type=\"checkbox\" name=\"checkbox-916\" value=\"Mme \/ Mr\" \/><span class=\"wpcf7-list-item-label\">Mme \/ Mr<\/span><\/span><\/span><\/span><span class=\"wpcf7-form-control-wrap\" data-name=\"checkbox-916\"><span class=\"wpcf7-form-control wpcf7-checkbox wpcf7-exclusive-checkbox\"><span class=\"wpcf7-list-item first last\"><input type=\"checkbox\" name=\"checkbox-916\" value=\"Mme\" \/><span class=\"wpcf7-list-item-label\">Mme<\/span><\/span><\/span><\/span><span class=\"wpcf7-form-control-wrap\" data-name=\"checkbox-916\"><span class=\"wpcf7-form-control wpcf7-checkbox wpcf7-exclusive-checkbox\"><span class=\"wpcf7-list-item first last\"><input type=\"checkbox\" name=\"checkbox-916\" value=\"Mr\" \/><span class=\"wpcf7-list-item-label\">Mr<\/span><\/span><\/span><\/span>\n\t\t<\/p>\n\t\t<p>Votre (1)\/ vos NOM(s) Pr\u00e9nom(s) (1\/2)<br \/>\n<span class=\"wpcf7-form-control-wrap\" data-name=\"your-name1\"><input size=\"40\" maxlength=\"400\" class=\"wpcf7-form-control wpcf7-text\" aria-invalid=\"false\" value=\"\" type=\"text\" name=\"your-name1\" \/><\/span> \/ <span class=\"wpcf7-form-control-wrap\" data-name=\"your-name2\"><input size=\"40\" maxlength=\"400\" class=\"wpcf7-form-control wpcf7-text\" aria-invalid=\"false\" value=\"\" type=\"text\" name=\"your-name2\" \/><\/span>\n\t\t<\/p>\n\t\t<div align=center>\n\t\t\t<div align=left>\n\t\t\t\t<p>Adh\u00e8re \/ Adh\u00e9rons \u00e0 l'Association des Amis du Jumelage Saint-Germain-en-Laye \/ Winchester (MA), pour l'ann\u00e9e 2026, selon la formule suivante :<br \/>\n<span class=\"wpcf7-form-control-wrap\" data-name=\"checkbox-761\"><span class=\"wpcf7-form-control wpcf7-checkbox wpcf7-exclusive-checkbox\"><span class=\"wpcf7-list-item first last\"><input type=\"checkbox\" name=\"checkbox-761\" value=\"Membre individuel : 18 \u20ac\" \/><span class=\"wpcf7-list-item-label\">Membre individuel : 18 \u20ac<\/span><\/span><\/span><\/span>&emsp;&emsp;&emsp;&ensp;&emsp;&emsp;&emsp;&ensp;<span class=\"wpcf7-form-control-wrap\" data-name=\"checkbox-761\"><span class=\"wpcf7-form-control wpcf7-checkbox wpcf7-exclusive-checkbox\"><span class=\"wpcf7-list-item first last\"><input type=\"checkbox\" name=\"checkbox-761\" value=\"Couple : 27 \u20ac\" \/><span class=\"wpcf7-list-item-label\">Couple : 27 \u20ac<\/span><\/span><\/span><\/span><br \/>\n<span class=\"wpcf7-form-control-wrap\" data-name=\"checkbox-761\"><span class=\"wpcf7-form-control wpcf7-checkbox wpcf7-exclusive-checkbox\"><span class=\"wpcf7-list-item first last\"><input type=\"checkbox\" name=\"checkbox-761\" value=\"Famille (parents + enfants) : 33 \u20ac\" \/><span class=\"wpcf7-list-item-label\">Famille (parents + enfants) : 33 \u20ac<\/span><\/span><\/span><\/span>&emsp;&emsp;&emsp;&ensp;<span class=\"wpcf7-form-control-wrap\" data-name=\"checkbox-761\"><span class=\"wpcf7-form-control wpcf7-checkbox wpcf7-exclusive-checkbox\"><span class=\"wpcf7-list-item first last\"><input type=\"checkbox\" name=\"checkbox-761\" value=\"Jeune (&lt;25 ans) : 10 \u20ac\" \/><span class=\"wpcf7-list-item-label\">Jeune (&lt;25 ans) : 10 \u20ac<\/span><\/span><\/span><\/span><br \/>\n<span class=\"wpcf7-form-control-wrap\" data-name=\"checkbox-761\"><span class=\"wpcf7-form-control wpcf7-checkbox wpcf7-exclusive-checkbox\"><span class=\"wpcf7-list-item first last\"><input type=\"checkbox\" name=\"checkbox-761\" value=\"Membre bienfaiteur : 50 \u20ac\" \/><span class=\"wpcf7-list-item-label\">Membre bienfaiteur : 50 \u20ac<\/span><\/span><\/span><\/span>\n\t\t\t\t<\/p>\n\t\t\t\t<p>Enfants : pr\u00e9noms (Noms) :<br \/>\n<span class=\"wpcf7-form-control-wrap\" data-name=\"your-name3\"><input size=\"40\" maxlength=\"400\" class=\"wpcf7-form-control wpcf7-text\" aria-invalid=\"false\" value=\"\" type=\"text\" name=\"your-name3\" \/><\/span> \/ <span class=\"wpcf7-form-control-wrap\" data-name=\"your-name4\"><input size=\"40\" maxlength=\"400\" class=\"wpcf7-form-control wpcf7-text\" aria-invalid=\"false\" value=\"\" type=\"text\" name=\"your-name4\" \/><\/span> \/ <span class=\"wpcf7-form-control-wrap\" data-name=\"your-name5\"><input size=\"40\" maxlength=\"400\" class=\"wpcf7-form-control wpcf7-text\" aria-invalid=\"false\" value=\"\" type=\"text\" name=\"your-name5\" \/><\/span> \/ <span class=\"wpcf7-form-control-wrap\" data-name=\"your-name6\"><input size=\"40\" maxlength=\"400\" class=\"wpcf7-form-control wpcf7-text\" aria-invalid=\"false\" value=\"\" type=\"text\" name=\"your-name6\" \/><\/span>\n\t\t\t\t<\/p>\n\t\t\t\t<p>Je paie par :<br \/>\n<span class=\"wpcf7-form-control-wrap\" data-name=\"radio-810\"><span class=\"wpcf7-form-control wpcf7-radio\"><span class=\"wpcf7-list-item first\"><label><input type=\"radio\" name=\"radio-810\" value=\"- Carte bancaire\" \/><span class=\"wpcf7-list-item-label\">- Carte bancaire<\/span><\/label><\/span><span class=\"wpcf7-list-item\"><label><input type=\"radio\" name=\"radio-810\" value=\"- Virement\" \/><span class=\"wpcf7-list-item-label\">- Virement<\/span><\/label><\/span><span class=\"wpcf7-list-item last\"><label><input type=\"radio\" name=\"radio-810\" value=\"- Ch\u00e8que ou liquide\" \/><span class=\"wpcf7-list-item-label\">- Ch\u00e8que ou liquide<\/span><\/label><\/span><\/span><\/span><br \/>\n&emsp;&emsp;&emsp;&ensp;J'ai bien not\u00e9 que cette adh\u00e9sion sera effective \u00e0 la r\u00e9ception du paiement.\n\t\t\t\t<\/p>\n\t\t\t\t<font color=\"#ff0000\">Si vous \u00eates nouvel adh\u00e9rent ou si vos coordonn\u00e9es sont modifi\u00e9es, veuillez renseigner les rubriques suivantes :\n\t\t\t\t<\/font>\n\t\t\t\t<div align=center>\n\t\t\t\t\t<p>Votre (1) \/ vos e-mail(s) (1\/2) (un obligatoire)<br \/>\n<span class=\"wpcf7-form-control-wrap\" data-name=\"your-email1\"><input size=\"40\" maxlength=\"400\" class=\"wpcf7-form-control wpcf7-email wpcf7-text wpcf7-validates-as-email\" aria-invalid=\"false\" value=\"\" type=\"email\" name=\"your-email1\" \/><\/span> \/ <span class=\"wpcf7-form-control-wrap\" data-name=\"your-email2\"><input size=\"40\" maxlength=\"400\" class=\"wpcf7-form-control wpcf7-email wpcf7-text wpcf7-validates-as-email\" aria-invalid=\"false\" value=\"\" type=\"email\" name=\"your-email2\" \/><\/span>\n\t\t\t\t\t<\/p>\n\t\t\t\t<\/div>\n\t\t\t\t<div align=center>\n\t\t\t\t\t<p>Votre (1) \/ vos t\u00e9l\u00e9phone(s) (1\/2) (un obligatoire)<br \/>\n<span class=\"wpcf7-form-control-wrap\" data-name=\"tel1\"><input size=\"40\" maxlength=\"400\" class=\"wpcf7-form-control wpcf7-text\" aria-invalid=\"false\" value=\"\" type=\"text\" name=\"tel1\" \/><\/span> \/ <span class=\"wpcf7-form-control-wrap\" data-name=\"tel2\"><input size=\"40\" maxlength=\"400\" class=\"wpcf7-form-control wpcf7-text\" aria-invalid=\"false\" value=\"\" type=\"text\" name=\"tel2\" \/><\/span>\n\t\t\t\t\t<\/p>\n\t\t\t\t<\/div>\n\t\t\t\t<div align=center>\n\t\t\t\t\t<p>Votre adresse (1) obligatoire, et (2) si diff\u00e9rente.<br \/>\n<span class=\"wpcf7-form-control-wrap\" data-name=\"textarea-307\"><textarea cols=\"40\" rows=\"10\" maxlength=\"2000\" class=\"wpcf7-form-control wpcf7-textarea\" aria-invalid=\"false\" name=\"textarea-307\"><\/textarea><\/span><br \/>\n<span class=\"wpcf7-form-control-wrap\" data-name=\"consentement\"><span class=\"wpcf7-form-control wpcf7-acceptance\"><span class=\"wpcf7-list-item\"><label><input type=\"checkbox\" name=\"consentement\" value=\"1\" aria-invalid=\"false\" \/><span class=\"wpcf7-list-item-label\"><i>- En cochant cette boite, je consens \u00e0 ce que vous traitiez mes donn\u00e9es personnelles ci-dessus, en conformit\u00e9 avec vos \"R\u00e8gles de Protection des Donn\u00e9es\". \n&nbsp;&nbsp;&nbsp;&nbsp;&nbsp;&nbsp;&nbsp;&nbsp;&nbsp;&nbsp; Cette proc\u00e9dure est requise par la r\u00e9glementation RGPD pour l'envoi de ce message. <\/i><\/span><\/label><\/span><\/span><\/span>\n\t\t\t\t\t<\/p>\n\t\t\t\t\t<p><span class=\"wpcf7-form-control-wrap\" data-name=\"text-446\"><input size=\"40\" maxlength=\"400\" class=\"wpcf7-form-control wpcf7-text\" aria-invalid=\"false\" value=\"Date :\" type=\"text\" name=\"text-446\" \/><\/span>\n\t\t\t\t\t<\/p>\n\t\t\t\t\t<p><input class=\"wpcf7-form-control wpcf7-submit has-spinner\" type=\"submit\" value=\"Envoyer\" \/>\n\t\t\t\t\t<\/p>\n\t\t\t\t<\/div>\n\t\t\t<\/div>\n\t\t<\/div>\n\t<\/center>\n<\/div><p style=\"display: none !important;\" class=\"akismet-fields-container\" data-prefix=\"_wpcf7_ak_\"><label>&#916;<textarea name=\"_wpcf7_ak_hp_textarea\" cols=\"45\" rows=\"8\" maxlength=\"100\"><\/textarea><\/label><input type=\"hidden\" id=\"ak_js_1\" name=\"_wpcf7_ak_js\" value=\"134\"\/><script type=\"text\/javascript\">\n\/* <![CDATA[ *\/\ndocument.getElementById( \"ak_js_1\" ).setAttribute( \"value\", ( new Date() ).getTime() );\n\/* ]]> *\/\n<\/script>\n<\/p><div class=\"wpcf7-response-output\" aria-hidden=\"true\"><\/div>\n<\/form>\n<\/div>\n\n<p><span style=\"font-size: 20px;\"><strong><span style=\"color: #0000ff;\">Vous avez choisi de payer :<\/span><\/strong><\/span><\/p>\n<p>1 - par <strong>Carte bancaire<\/strong> : suivez ce lien :<span style=\"color: #008000;\"><a style=\"color: #008000;\" href=\"https:\/\/www.helloasso.com\/associations\/association-des-amis-de-jumelage-saint-germain-en-laye-winchester\/adhesions\/adhesion-jumelage-sgl-winchester-2026\" target=\"_blank\" rel=\"noopener\"><strong><em> HelloAsso<\/em><\/strong><\/a><\/span><\/p>\n<p>2 - par Virement bancaire :\u00a0 proc\u00e9dez vers <strong>IBAN FR76 3000 3018 6000 0372 7044 080 - ( BIC : SOGEFRPP ),<\/strong> en pr\u00e9cisant \"<strong>Adh\u00e9sion 2026<\/strong>\"<\/p>\n<p>3 - par Ch\u00e8que ou en Liquide <em>(\u00e0 \u00e9viter)<\/em> : imprimez le bulletin : \u00a0\u00a0<span style=\"color: #008000;\"> <a style=\"color: #008000;\" href=\"https:\/\/jumelage.org\/francais\/wp-content\/uploads\/2025\/12\/Bulletin-dAdhesion-Association-2026.docx\" target=\"_blank\" rel=\"noopener\"><em><strong>.docx<\/strong><\/em><\/a><\/span><strong>\u00a0 ou<\/strong><em><strong>\u00a0 <span style=\"color: #008000;\"><a style=\"color: #008000;\" href=\"https:\/\/jumelage.org\/francais\/wp-content\/uploads\/2025\/12\/Bulletin-dAdhesion-Association-2026.pdf\" target=\"_blank\" rel=\"noopener\">.pdf<\/a><\/span><\/strong><\/em><span style=\"color: #008000;\">\u00a0<\/span> et joignez-le \u00e0 votre paiement.<\/p>\n<\/div>\n<\/div><\/div><\/div><\/div><\/div><\/div><\/div>","protected":false},"excerpt":{"rendered":"<p>Vous avez choisi de payer : 1 &#8211; par Carte bancaire : suivez ce lien : HelloAsso 2 &#8211; par Virement bancaire :\u00a0 proc\u00e9dez vers [&hellip;]<\/p>\n","protected":false},"author":1,"featured_media":0,"parent":0,"menu_order":0,"comment_status":"closed","ping_status":"closed","template":"","meta":{"two_page_speed":[],"footnotes":""},"class_list":["post-31854","page","type-page","status-publish","hentry"],"yoast_head":"<!-- This site is optimized with the Yoast SEO plugin v27.5 - https:\/\/yoast.com\/product\/yoast-seo-wordpress\/ -->\n<title>Adh\u00e9sion Jumelage<\/title>\n<meta name=\"robots\" content=\"index, follow, max-snippet:-1, max-image-preview:large, max-video-preview:-1\" \/>\n<link rel=\"canonical\" href=\"https:\/\/jumelage.org\/francais\/adhesion\/\" \/>\n<meta property=\"og:locale\" content=\"fr_FR\" \/>\n<meta property=\"og:type\" content=\"article\" \/>\n<meta property=\"og:title\" content=\"Adh\u00e9sion Jumelage\" \/>\n<meta property=\"og:description\" content=\"Vous avez choisi de payer : 1 - par Carte bancaire : suivez ce lien : HelloAsso 2 - par Virement bancaire :\u00a0 proc\u00e9dez vers [&hellip;]\" \/>\n<meta property=\"og:url\" content=\"https:\/\/jumelage.org\/francais\/adhesion\/\" \/>\n<meta property=\"og:site_name\" content=\"Jumelage\" \/>\n<meta property=\"article:publisher\" content=\"http:\/\/www.facebook.com\/jumelagew.sgl\/\" \/>\n<meta property=\"article:modified_time\" content=\"2026-03-03T10:38:38+00:00\" \/>\n<meta property=\"og:image\" content=\"http:\/\/jumelage.org\/francais\/wp-content\/uploads\/2020\/03\/LogoWinchesterStGermDEPUIS-1990-e1584095901241.jpg\" \/>\n<meta name=\"twitter:card\" content=\"summary_large_image\" \/>\n<meta name=\"twitter:label1\" content=\"Dur\u00e9e de lecture estim\u00e9e\" \/>\n\t<meta name=\"twitter:data1\" content=\"2 minutes\" \/>\n<script type=\"application\/ld+json\" class=\"yoast-schema-graph\">{\"@context\":\"https:\\\/\\\/schema.org\",\"@graph\":[{\"@type\":\"WebPage\",\"@id\":\"https:\\\/\\\/jumelage.org\\\/francais\\\/adhesion\\\/\",\"url\":\"https:\\\/\\\/jumelage.org\\\/francais\\\/adhesion\\\/\",\"name\":\"Adh\u00e9sion Jumelage\",\"isPartOf\":{\"@id\":\"https:\\\/\\\/jumelage.org\\\/francais\\\/#website\"},\"primaryImageOfPage\":{\"@id\":\"https:\\\/\\\/jumelage.org\\\/francais\\\/adhesion\\\/#primaryimage\"},\"image\":{\"@id\":\"https:\\\/\\\/jumelage.org\\\/francais\\\/adhesion\\\/#primaryimage\"},\"thumbnailUrl\":\"http:\\\/\\\/jumelage.org\\\/francais\\\/wp-content\\\/uploads\\\/2020\\\/03\\\/LogoWinchesterStGermDEPUIS-1990-e1584095901241.jpg\",\"datePublished\":\"2024-05-30T16:18:27+00:00\",\"dateModified\":\"2026-03-03T10:38:38+00:00\",\"breadcrumb\":{\"@id\":\"https:\\\/\\\/jumelage.org\\\/francais\\\/adhesion\\\/#breadcrumb\"},\"inLanguage\":\"fr-FR\",\"potentialAction\":[{\"@type\":\"ReadAction\",\"target\":[\"https:\\\/\\\/jumelage.org\\\/francais\\\/adhesion\\\/\"]}]},{\"@type\":\"ImageObject\",\"inLanguage\":\"fr-FR\",\"@id\":\"https:\\\/\\\/jumelage.org\\\/francais\\\/adhesion\\\/#primaryimage\",\"url\":\"https:\\\/\\\/jumelage.org\\\/francais\\\/wp-content\\\/uploads\\\/2020\\\/03\\\/LogoWinchesterStGermDEPUIS-1990-e1584095901241.jpg\",\"contentUrl\":\"https:\\\/\\\/jumelage.org\\\/francais\\\/wp-content\\\/uploads\\\/2020\\\/03\\\/LogoWinchesterStGermDEPUIS-1990-e1584095901241.jpg\",\"width\":150,\"height\":152},{\"@type\":\"BreadcrumbList\",\"@id\":\"https:\\\/\\\/jumelage.org\\\/francais\\\/adhesion\\\/#breadcrumb\",\"itemListElement\":[{\"@type\":\"ListItem\",\"position\":1,\"name\":\"Accueil\",\"item\":\"https:\\\/\\\/jumelage.org\\\/francais\\\/\"},{\"@type\":\"ListItem\",\"position\":2,\"name\":\"Adh\u00e9sion\"}]},{\"@type\":\"WebSite\",\"@id\":\"https:\\\/\\\/jumelage.org\\\/francais\\\/#website\",\"url\":\"https:\\\/\\\/jumelage.org\\\/francais\\\/\",\"name\":\"Jumelage\",\"description\":\"Saint-Germain-en-Laye &amp; Winchester (MA)\",\"potentialAction\":[{\"@type\":\"SearchAction\",\"target\":{\"@type\":\"EntryPoint\",\"urlTemplate\":\"https:\\\/\\\/jumelage.org\\\/francais\\\/?s={search_term_string}\"},\"query-input\":{\"@type\":\"PropertyValueSpecification\",\"valueRequired\":true,\"valueName\":\"search_term_string\"}}],\"inLanguage\":\"fr-FR\"}]}<\/script>\n<!-- \/ Yoast SEO plugin. -->","yoast_head_json":{"title":"Adh\u00e9sion Jumelage","robots":{"index":"index","follow":"follow","max-snippet":"max-snippet:-1","max-image-preview":"max-image-preview:large","max-video-preview":"max-video-preview:-1"},"canonical":"https:\/\/jumelage.org\/francais\/adhesion\/","og_locale":"fr_FR","og_type":"article","og_title":"Adh\u00e9sion Jumelage","og_description":"Vous avez choisi de payer : 1 - par Carte bancaire : suivez ce lien : HelloAsso 2 - par Virement bancaire :\u00a0 proc\u00e9dez vers [&hellip;]","og_url":"https:\/\/jumelage.org\/francais\/adhesion\/","og_site_name":"Jumelage","article_publisher":"http:\/\/www.facebook.com\/jumelagew.sgl\/","article_modified_time":"2026-03-03T10:38:38+00:00","og_image":[{"url":"http:\/\/jumelage.org\/francais\/wp-content\/uploads\/2020\/03\/LogoWinchesterStGermDEPUIS-1990-e1584095901241.jpg","type":"","width":"","height":""}],"twitter_card":"summary_large_image","twitter_misc":{"Dur\u00e9e de lecture estim\u00e9e":"2 minutes"},"schema":{"@context":"https:\/\/schema.org","@graph":[{"@type":"WebPage","@id":"https:\/\/jumelage.org\/francais\/adhesion\/","url":"https:\/\/jumelage.org\/francais\/adhesion\/","name":"Adh\u00e9sion Jumelage","isPartOf":{"@id":"https:\/\/jumelage.org\/francais\/#website"},"primaryImageOfPage":{"@id":"https:\/\/jumelage.org\/francais\/adhesion\/#primaryimage"},"image":{"@id":"https:\/\/jumelage.org\/francais\/adhesion\/#primaryimage"},"thumbnailUrl":"http:\/\/jumelage.org\/francais\/wp-content\/uploads\/2020\/03\/LogoWinchesterStGermDEPUIS-1990-e1584095901241.jpg","datePublished":"2024-05-30T16:18:27+00:00","dateModified":"2026-03-03T10:38:38+00:00","breadcrumb":{"@id":"https:\/\/jumelage.org\/francais\/adhesion\/#breadcrumb"},"inLanguage":"fr-FR","potentialAction":[{"@type":"ReadAction","target":["https:\/\/jumelage.org\/francais\/adhesion\/"]}]},{"@type":"ImageObject","inLanguage":"fr-FR","@id":"https:\/\/jumelage.org\/francais\/adhesion\/#primaryimage","url":"https:\/\/jumelage.org\/francais\/wp-content\/uploads\/2020\/03\/LogoWinchesterStGermDEPUIS-1990-e1584095901241.jpg","contentUrl":"https:\/\/jumelage.org\/francais\/wp-content\/uploads\/2020\/03\/LogoWinchesterStGermDEPUIS-1990-e1584095901241.jpg","width":150,"height":152},{"@type":"BreadcrumbList","@id":"https:\/\/jumelage.org\/francais\/adhesion\/#breadcrumb","itemListElement":[{"@type":"ListItem","position":1,"name":"Accueil","item":"https:\/\/jumelage.org\/francais\/"},{"@type":"ListItem","position":2,"name":"Adh\u00e9sion"}]},{"@type":"WebSite","@id":"https:\/\/jumelage.org\/francais\/#website","url":"https:\/\/jumelage.org\/francais\/","name":"Jumelage","description":"Saint-Germain-en-Laye &amp; Winchester (MA)","potentialAction":[{"@type":"SearchAction","target":{"@type":"EntryPoint","urlTemplate":"https:\/\/jumelage.org\/francais\/?s={search_term_string}"},"query-input":{"@type":"PropertyValueSpecification","valueRequired":true,"valueName":"search_term_string"}}],"inLanguage":"fr-FR"}]}},"_links":{"self":[{"href":"https:\/\/jumelage.org\/francais\/wp-json\/wp\/v2\/pages\/31854","targetHints":{"allow":["GET"]}}],"collection":[{"href":"https:\/\/jumelage.org\/francais\/wp-json\/wp\/v2\/pages"}],"about":[{"href":"https:\/\/jumelage.org\/francais\/wp-json\/wp\/v2\/types\/page"}],"author":[{"embeddable":true,"href":"https:\/\/jumelage.org\/francais\/wp-json\/wp\/v2\/users\/1"}],"replies":[{"embeddable":true,"href":"https:\/\/jumelage.org\/francais\/wp-json\/wp\/v2\/comments?post=31854"}],"version-history":[{"count":91,"href":"https:\/\/jumelage.org\/francais\/wp-json\/wp\/v2\/pages\/31854\/revisions"}],"predecessor-version":[{"id":32499,"href":"https:\/\/jumelage.org\/francais\/wp-json\/wp\/v2\/pages\/31854\/revisions\/32499"}],"wp:attachment":[{"href":"https:\/\/jumelage.org\/francais\/wp-json\/wp\/v2\/media?parent=31854"}],"curies":[{"name":"wp","href":"https:\/\/api.w.org\/{rel}","templated":true}]}}