{"id":29797,"date":"2021-11-09T10:15:37","date_gmt":"2021-11-09T09:15:37","guid":{"rendered":"http:\/\/jumelage.org\/francais\/?page_id=29797"},"modified":"2024-06-10T15:38:27","modified_gmt":"2024-06-10T13:38:27","slug":"winchester-en-laye","status":"publish","type":"page","link":"https:\/\/jumelage.org\/francais\/newsletters-saint-germain\/winchester-en-laye\/","title":{"rendered":"Winchester-en-Laye"},"content":{"rendered":"<div id=\"pl-29797\"  class=\"panel-layout\" ><div id=\"pg-29797-0\"  class=\"panel-grid panel-has-style\" ><div style=\"padding: 5px 0; \" data-overlay=\"true\" data-overlay-color=\"#000000\" class=\"panel-row-style panel-row-style-for-29797-0\" ><div id=\"pgc-29797-0-0\"  class=\"panel-grid-cell\" ><div id=\"panel-29797-0-0-0\" class=\"so-panel widget widget_sow-editor panel-first-child panel-last-child\" data-index=\"0\" ><div style=\"text-align: left;\" data-title-color=\"#443f3f\" data-headings-color=\"#443f3f\" class=\"panel-widget-style panel-widget-style-for-29797-0-0-0\" ><div\n\t\t\t\n\t\t\tclass=\"so-widget-sow-editor so-widget-sow-editor-base\"\n\t\t\t\n\t\t>\n<div class=\"siteorigin-widget-tinymce textwidget\">\n\t<p><img decoding=\"async\" class=\"size-medium wp-image-29815 aligncenter\" src=\"http:\/\/jumelage.org\/francais\/wp-content\/uploads\/2021\/11\/Entete-Lettre-Jumelage-2.001-RevRev-1000x185.jpeg\" alt=\"\" width=\"1000\" height=\"185\" srcset=\"https:\/\/jumelage.org\/francais\/wp-content\/uploads\/2021\/11\/Entete-Lettre-Jumelage-2.001-RevRev-1000x185.jpeg 1000w, https:\/\/jumelage.org\/francais\/wp-content\/uploads\/2021\/11\/Entete-Lettre-Jumelage-2.001-RevRev-768x142.jpeg 768w, https:\/\/jumelage.org\/francais\/wp-content\/uploads\/2021\/11\/Entete-Lettre-Jumelage-2.001-RevRev-1536x285.jpeg 1536w, https:\/\/jumelage.org\/francais\/wp-content\/uploads\/2021\/11\/Entete-Lettre-Jumelage-2.001-RevRev-920x171.jpeg 920w, https:\/\/jumelage.org\/francais\/wp-content\/uploads\/2021\/11\/Entete-Lettre-Jumelage-2.001-RevRev-230x43.jpeg 230w, https:\/\/jumelage.org\/francais\/wp-content\/uploads\/2021\/11\/Entete-Lettre-Jumelage-2.001-RevRev-350x65.jpeg 350w, https:\/\/jumelage.org\/francais\/wp-content\/uploads\/2021\/11\/Entete-Lettre-Jumelage-2.001-RevRev-480x89.jpeg 480w, https:\/\/jumelage.org\/francais\/wp-content\/uploads\/2021\/11\/Entete-Lettre-Jumelage-2.001-RevRev-1320x245.jpeg 1320w, https:\/\/jumelage.org\/francais\/wp-content\/uploads\/2021\/11\/Entete-Lettre-Jumelage-2.001-RevRev.jpeg 1920w\" sizes=\"(max-width: 1000px) 100vw, 1000px\" \/><\/p>\n<p style=\"text-align: center;\"><span class=\"Normal-C-C0\" style=\"color: #0000ff; font-size: 20px;\">Son nom fait r\u00e9f\u00e9rence \u00e0 la relation d\u2019amiti\u00e9 entre nos deux villes depuis plus de 30 ans. <\/span><\/p>\n<p style=\"text-align: center;\"><span class=\"Normal-C-C0\" style=\"color: #ff0000; font-size: 20px;\">Cette nouvelle publication met \u00e0 la disposition des membres de notre association et des Saint-Germanois des regards crois\u00e9s visant \u00e0 partager des connaissances sur nos deux pays.<\/span><\/p>\n<\/div>\n<\/div><\/div><\/div><\/div><\/div><\/div><div id=\"pg-29797-1\"  class=\"panel-grid panel-has-style\" ><div style=\"padding: 7px 0; \" data-overlay=\"true\" data-overlay-color=\"#000000\" class=\"panel-row-style panel-row-style-for-29797-1\" ><div id=\"pgc-29797-1-0\"  class=\"panel-grid-cell\" ><div id=\"panel-29797-1-0-0\" class=\"so-panel widget widget_sow-editor panel-first-child panel-last-child\" data-index=\"1\" ><div style=\"text-align: left;\" data-title-color=\"#443f3f\" data-headings-color=\"#443f3f\" class=\"panel-widget-style panel-widget-style-for-29797-1-0-0\" ><div\n\t\t\t\n\t\t\tclass=\"so-widget-sow-editor so-widget-sow-editor-base\"\n\t\t\t\n\t\t>\n<div class=\"siteorigin-widget-tinymce textwidget\">\n\t<p style=\"text-align: center;\"><span style=\"color: #008000;\"><em>Cliquer l'image pour lire<\/em><\/span><\/p>\n<\/div>\n<\/div><\/div><\/div><\/div><div id=\"pgc-29797-1-1\"  class=\"panel-grid-cell\" ><div id=\"panel-29797-1-1-0\" class=\"so-panel widget widget_sow-editor panel-first-child panel-last-child\" data-index=\"2\" ><div style=\"text-align: left;\" data-title-color=\"#443f3f\" data-headings-color=\"#443f3f\" class=\"panel-widget-style panel-widget-style-for-29797-1-1-0\" ><div\n\t\t\t\n\t\t\tclass=\"so-widget-sow-editor so-widget-sow-editor-base\"\n\t\t\t\n\t\t>\n<div class=\"siteorigin-widget-tinymce textwidget\">\n\t<p style=\"text-align: center;\"><span style=\"color: #008000;\"><em>Click on the picture to read<\/em><\/span><\/p>\n<\/div>\n<\/div><\/div><\/div><\/div><\/div><\/div><div id=\"pg-29797-2\"  class=\"panel-grid panel-has-style\" ><div style=\"padding: 7px 0; \" data-overlay=\"true\" data-overlay-color=\"#000000\" class=\"panel-row-style panel-row-style-for-29797-2\" ><div id=\"pgc-29797-2-0\"  class=\"panel-grid-cell\" ><div id=\"panel-29797-2-0-0\" class=\"so-panel widget widget_sow-image panel-first-child panel-last-child\" data-index=\"3\" ><div style=\"text-align: center;\" data-title-color=\"#282699\" data-headings-color=\"#282699\" class=\"panel-widget-style panel-widget-style-for-29797-2-0-0\" ><div\n\t\t\t\n\t\t\tclass=\"so-widget-sow-image so-widget-sow-image-default-c67d20f9f743-29797\"\n\t\t\t\n\t\t>\n<div class=\"sow-image-container\">\n\t\t\t<a href=\"https:\/\/jumelage.org\/francais\/wp-content\/uploads\/2024\/06\/2024-Winchester-en-Laye-SGL.pdf\"\n\t\t\ttarget=\"_blank\" rel=\"noopener noreferrer\" \t\t>\n\t\t\t<img \n\tsrc=\"https:\/\/jumelage.org\/francais\/wp-content\/uploads\/2024\/05\/Win-en-Laye-2024-FR.jpg\" width=\"706\" height=\"939\" srcset=\"https:\/\/jumelage.org\/francais\/wp-content\/uploads\/2024\/05\/Win-en-Laye-2024-FR.jpg 706w, https:\/\/jumelage.org\/francais\/wp-content\/uploads\/2024\/05\/Win-en-Laye-2024-FR-230x306.jpg 230w, https:\/\/jumelage.org\/francais\/wp-content\/uploads\/2024\/05\/Win-en-Laye-2024-FR-350x466.jpg 350w, https:\/\/jumelage.org\/francais\/wp-content\/uploads\/2024\/05\/Win-en-Laye-2024-FR-480x638.jpg 480w\" sizes=\"(max-width: 706px) 100vw, 706px\" title=\"2024\" alt=\"\" \t\tclass=\"so-widget-image\"\/>\n\t\t\t<\/a><\/div>\n\n<h3 class=\"widget-title\">2024<\/h3><\/div><\/div><\/div><\/div><div id=\"pgc-29797-2-1\"  class=\"panel-grid-cell\" ><div id=\"panel-29797-2-1-0\" class=\"so-panel widget widget_sow-image panel-first-child panel-last-child\" data-index=\"4\" ><div style=\"text-align: center;\" data-title-color=\"#282699\" data-headings-color=\"#282699\" class=\"panel-widget-style panel-widget-style-for-29797-2-1-0\" ><div\n\t\t\t\n\t\t\tclass=\"so-widget-sow-image so-widget-sow-image-default-c67d20f9f743-29797\"\n\t\t\t\n\t\t>\n<div class=\"sow-image-container\">\n\t\t\t<a href=\"https:\/\/jumelage.org\/francais\/wp-content\/uploads\/2024\/06\/2024-Winchester-en-Laye-WIN.pdf\"\n\t\t\ttarget=\"_blank\" rel=\"noopener noreferrer\" \t\t>\n\t\t\t<img \n\tsrc=\"https:\/\/jumelage.org\/francais\/wp-content\/uploads\/2024\/05\/Win-en-Laye-2024-EN.jpg\" width=\"708\" height=\"992\" srcset=\"https:\/\/jumelage.org\/francais\/wp-content\/uploads\/2024\/05\/Win-en-Laye-2024-EN.jpg 708w, https:\/\/jumelage.org\/francais\/wp-content\/uploads\/2024\/05\/Win-en-Laye-2024-EN-230x322.jpg 230w, https:\/\/jumelage.org\/francais\/wp-content\/uploads\/2024\/05\/Win-en-Laye-2024-EN-350x490.jpg 350w, https:\/\/jumelage.org\/francais\/wp-content\/uploads\/2024\/05\/Win-en-Laye-2024-EN-480x673.jpg 480w\" sizes=\"(max-width: 708px) 100vw, 708px\" title=\"2024\" alt=\"\" \t\tclass=\"so-widget-image\"\/>\n\t\t\t<\/a><\/div>\n\n<h3 class=\"widget-title\">2024<\/h3><\/div><\/div><\/div><\/div><\/div><\/div><div id=\"pg-29797-3\"  class=\"panel-grid panel-has-style\" ><div style=\"padding: 7px 0; \" data-overlay=\"true\" data-overlay-color=\"#000000\" class=\"panel-row-style panel-row-style-for-29797-3\" ><div id=\"pgc-29797-3-0\"  class=\"panel-grid-cell\" ><div id=\"panel-29797-3-0-0\" class=\"so-panel widget widget_sow-image panel-first-child panel-last-child\" data-index=\"5\" ><div style=\"text-align: center;\" data-title-color=\"#282699\" data-headings-color=\"#282699\" class=\"panel-widget-style panel-widget-style-for-29797-3-0-0\" ><div\n\t\t\t\n\t\t\tclass=\"so-widget-sow-image so-widget-sow-image-default-c67d20f9f743-29797\"\n\t\t\t\n\t\t>\n<div class=\"sow-image-container\">\n\t\t\t<a href=\"https:\/\/jumelage.org\/francais\/wp-content\/uploads\/2024\/05\/Win-en-Laye-2023-FR.jpg\"\n\t\t\ttarget=\"_blank\" rel=\"noopener noreferrer\" \t\t>\n\t\t\t<img \n\tsrc=\"https:\/\/jumelage.org\/francais\/wp-content\/uploads\/2024\/05\/Win-en-Laye-2023-FR.jpg\" width=\"673\" height=\"956\" srcset=\"https:\/\/jumelage.org\/francais\/wp-content\/uploads\/2024\/05\/Win-en-Laye-2023-FR.jpg 673w, https:\/\/jumelage.org\/francais\/wp-content\/uploads\/2024\/05\/Win-en-Laye-2023-FR-230x327.jpg 230w, https:\/\/jumelage.org\/francais\/wp-content\/uploads\/2024\/05\/Win-en-Laye-2023-FR-350x497.jpg 350w, https:\/\/jumelage.org\/francais\/wp-content\/uploads\/2024\/05\/Win-en-Laye-2023-FR-480x682.jpg 480w\" sizes=\"(max-width: 673px) 100vw, 673px\" title=\"2023\" alt=\"\" \t\tclass=\"so-widget-image\"\/>\n\t\t\t<\/a><\/div>\n\n<h3 class=\"widget-title\">2023<\/h3><\/div><\/div><\/div><\/div><div id=\"pgc-29797-3-1\"  class=\"panel-grid-cell\" ><div id=\"panel-29797-3-1-0\" class=\"so-panel widget widget_sow-image panel-first-child panel-last-child\" data-index=\"6\" ><div style=\"text-align: center;\" data-title-color=\"#282699\" data-headings-color=\"#282699\" class=\"panel-widget-style panel-widget-style-for-29797-3-1-0\" ><div\n\t\t\t\n\t\t\tclass=\"so-widget-sow-image so-widget-sow-image-default-c67d20f9f743-29797\"\n\t\t\t\n\t\t>\n<div class=\"sow-image-container\">\n\t\t\t<a href=\"https:\/\/jumelage.org\/francais\/wp-content\/uploads\/2024\/05\/Win-en-Laye-2023-EN.jpg\"\n\t\t\ttarget=\"_blank\" rel=\"noopener noreferrer\" \t\t>\n\t\t\t<img \n\tsrc=\"https:\/\/jumelage.org\/francais\/wp-content\/uploads\/2024\/05\/Win-en-Laye-2023-EN.jpg\" width=\"657\" height=\"953\" srcset=\"https:\/\/jumelage.org\/francais\/wp-content\/uploads\/2024\/05\/Win-en-Laye-2023-EN.jpg 657w, https:\/\/jumelage.org\/francais\/wp-content\/uploads\/2024\/05\/Win-en-Laye-2023-EN-230x334.jpg 230w, https:\/\/jumelage.org\/francais\/wp-content\/uploads\/2024\/05\/Win-en-Laye-2023-EN-350x508.jpg 350w, https:\/\/jumelage.org\/francais\/wp-content\/uploads\/2024\/05\/Win-en-Laye-2023-EN-480x696.jpg 480w\" sizes=\"(max-width: 657px) 100vw, 657px\" title=\"2023\" alt=\"\" \t\tclass=\"so-widget-image\"\/>\n\t\t\t<\/a><\/div>\n\n<h3 class=\"widget-title\">2023<\/h3><\/div><\/div><\/div><\/div><\/div><\/div><div id=\"pg-29797-4\"  class=\"panel-grid panel-has-style\" ><div style=\"padding: 7px 0; \" data-overlay=\"true\" data-overlay-color=\"#000000\" class=\"panel-row-style panel-row-style-for-29797-4\" ><div id=\"pgc-29797-4-0\"  class=\"panel-grid-cell\" ><div id=\"panel-29797-4-0-0\" class=\"so-panel widget widget_sow-image panel-first-child panel-last-child\" data-index=\"7\" ><div style=\"text-align: center;\" data-title-color=\"#282699\" data-headings-color=\"#282699\" class=\"panel-widget-style panel-widget-style-for-29797-4-0-0\" ><div\n\t\t\t\n\t\t\tclass=\"so-widget-sow-image so-widget-sow-image-default-c67d20f9f743-29797\"\n\t\t\t\n\t\t>\n<div class=\"sow-image-container\">\n\t\t\t<a href=\"http:\/\/jumelage.org\/francais\/wp-content\/uploads\/2021\/11\/Winchester-en-Laye-FR-Octobre-2021-FRENCH.pdf\"\n\t\t\ttarget=\"_blank\" rel=\"noopener noreferrer\" \t\t>\n\t\t\t<img \n\tsrc=\"https:\/\/jumelage.org\/francais\/wp-content\/uploads\/2021\/11\/Pouzyreff-Day-1000x1098.jpg\" width=\"1000\" height=\"1098\" srcset=\"https:\/\/jumelage.org\/francais\/wp-content\/uploads\/2021\/11\/Pouzyreff-Day-1000x1098.jpg 1000w, https:\/\/jumelage.org\/francais\/wp-content\/uploads\/2021\/11\/Pouzyreff-Day-768x843.jpg 768w, https:\/\/jumelage.org\/francais\/wp-content\/uploads\/2021\/11\/Pouzyreff-Day-920x1010.jpg 920w, https:\/\/jumelage.org\/francais\/wp-content\/uploads\/2021\/11\/Pouzyreff-Day-230x253.jpg 230w, https:\/\/jumelage.org\/francais\/wp-content\/uploads\/2021\/11\/Pouzyreff-Day-350x384.jpg 350w, https:\/\/jumelage.org\/francais\/wp-content\/uploads\/2021\/11\/Pouzyreff-Day-480x527.jpg 480w, https:\/\/jumelage.org\/francais\/wp-content\/uploads\/2021\/11\/Pouzyreff-Day.jpg 1124w\" sizes=\"(max-width: 1000px) 100vw, 1000px\" title=\"2021 Octobre\" alt=\"\" \t\tclass=\"so-widget-image\"\/>\n\t\t\t<\/a><\/div>\n\n<h3 class=\"widget-title\">2021 Octobre<\/h3><\/div><\/div><\/div><\/div><div id=\"pgc-29797-4-1\"  class=\"panel-grid-cell\" ><div id=\"panel-29797-4-1-0\" class=\"so-panel widget widget_sow-image panel-first-child panel-last-child\" data-index=\"8\" ><div style=\"text-align: center;\" data-title-color=\"#282699\" data-headings-color=\"#282699\" class=\"panel-widget-style panel-widget-style-for-29797-4-1-0\" ><div\n\t\t\t\n\t\t\tclass=\"so-widget-sow-image so-widget-sow-image-default-c67d20f9f743-29797\"\n\t\t\t\n\t\t>\n<div class=\"sow-image-container\">\n\t\t\t<a href=\"http:\/\/jumelage.org\/francais\/wp-content\/uploads\/2021\/11\/Winchester-en-Laye-FR-Octobre-2021-ENGLISH1.pdf\"\n\t\t\ttarget=\"_blank\" rel=\"noopener noreferrer\" \t\t>\n\t\t\t<img \n\tsrc=\"https:\/\/jumelage.org\/francais\/wp-content\/uploads\/2021\/11\/Day-Pouzyreff-2-1000x1196.jpg\" width=\"1000\" height=\"1196\" srcset=\"https:\/\/jumelage.org\/francais\/wp-content\/uploads\/2021\/11\/Day-Pouzyreff-2-1000x1196.jpg 1000w, https:\/\/jumelage.org\/francais\/wp-content\/uploads\/2021\/11\/Day-Pouzyreff-2-768x919.jpg 768w, https:\/\/jumelage.org\/francais\/wp-content\/uploads\/2021\/11\/Day-Pouzyreff-2-920x1100.jpg 920w, https:\/\/jumelage.org\/francais\/wp-content\/uploads\/2021\/11\/Day-Pouzyreff-2-230x275.jpg 230w, https:\/\/jumelage.org\/francais\/wp-content\/uploads\/2021\/11\/Day-Pouzyreff-2-350x419.jpg 350w, https:\/\/jumelage.org\/francais\/wp-content\/uploads\/2021\/11\/Day-Pouzyreff-2-480x574.jpg 480w, https:\/\/jumelage.org\/francais\/wp-content\/uploads\/2021\/11\/Day-Pouzyreff-2.jpg 1091w\" sizes=\"(max-width: 1000px) 100vw, 1000px\" title=\"2021 October\" alt=\"\" \t\tclass=\"so-widget-image\"\/>\n\t\t\t<\/a><\/div>\n\n<h3 class=\"widget-title\">2021 October<\/h3><\/div><\/div><\/div><\/div><\/div><\/div><\/div>","protected":false},"excerpt":{"rendered":"<p>Son nom fait r\u00e9f\u00e9rence \u00e0 la relation d\u2019amiti\u00e9 entre nos deux villes depuis plus de 30 ans. Cette nouvelle publication met \u00e0 la disposition des [&hellip;]<\/p>\n","protected":false},"author":1,"featured_media":0,"parent":583,"menu_order":0,"comment_status":"closed","ping_status":"closed","template":"page-templates\/page_fullwidth.php","meta":{"two_page_speed":[],"footnotes":""},"class_list":["post-29797","page","type-page","status-publish","hentry"],"yoast_head":"<!-- This site is optimized with the Yoast SEO plugin v27.4 - https:\/\/yoast.com\/product\/yoast-seo-wordpress\/ -->\n<title>Winchester-en-Laye Jumelage<\/title>\n<meta name=\"robots\" content=\"index, follow, max-snippet:-1, max-image-preview:large, max-video-preview:-1\" \/>\n<link rel=\"canonical\" href=\"http:\/\/jumelage.org\/francais\/newsletters-saint-germain\/winchester-en-laye\/\" \/>\n<meta property=\"og:locale\" content=\"fr_FR\" \/>\n<meta property=\"og:type\" content=\"article\" \/>\n<meta property=\"og:title\" content=\"Winchester-en-Laye Jumelage\" \/>\n<meta property=\"og:description\" content=\"Son nom fait r\u00e9f\u00e9rence \u00e0 la relation d\u2019amiti\u00e9 entre nos deux villes depuis plus de 30 ans. Cette nouvelle publication met \u00e0 la disposition des [&hellip;]\" \/>\n<meta property=\"og:url\" content=\"http:\/\/jumelage.org\/francais\/newsletters-saint-germain\/winchester-en-laye\/\" \/>\n<meta property=\"og:site_name\" content=\"Jumelage\" \/>\n<meta property=\"article:publisher\" content=\"http:\/\/www.facebook.com\/jumelagew.sgl\/\" \/>\n<meta property=\"article:modified_time\" content=\"2024-06-10T13:38:27+00:00\" \/>\n<meta property=\"og:image\" content=\"http:\/\/jumelage.org\/francais\/wp-content\/uploads\/2021\/11\/Entete-Lettre-Jumelage-2.001-RevRev-1000x185.jpeg\" \/>\n<meta name=\"twitter:card\" content=\"summary_large_image\" \/>\n<meta name=\"twitter:label1\" content=\"Dur\u00e9e de lecture estim\u00e9e\" \/>\n\t<meta name=\"twitter:data1\" content=\"2 minutes\" \/>\n<script type=\"application\/ld+json\" class=\"yoast-schema-graph\">{\"@context\":\"https:\\\/\\\/schema.org\",\"@graph\":[{\"@type\":\"WebPage\",\"@id\":\"http:\\\/\\\/jumelage.org\\\/francais\\\/newsletters-saint-germain\\\/winchester-en-laye\\\/\",\"url\":\"http:\\\/\\\/jumelage.org\\\/francais\\\/newsletters-saint-germain\\\/winchester-en-laye\\\/\",\"name\":\"Winchester-en-Laye Jumelage\",\"isPartOf\":{\"@id\":\"https:\\\/\\\/jumelage.org\\\/francais\\\/#website\"},\"primaryImageOfPage\":{\"@id\":\"http:\\\/\\\/jumelage.org\\\/francais\\\/newsletters-saint-germain\\\/winchester-en-laye\\\/#primaryimage\"},\"image\":{\"@id\":\"http:\\\/\\\/jumelage.org\\\/francais\\\/newsletters-saint-germain\\\/winchester-en-laye\\\/#primaryimage\"},\"thumbnailUrl\":\"http:\\\/\\\/jumelage.org\\\/francais\\\/wp-content\\\/uploads\\\/2021\\\/11\\\/Entete-Lettre-Jumelage-2.001-RevRev-1000x185.jpeg\",\"datePublished\":\"2021-11-09T09:15:37+00:00\",\"dateModified\":\"2024-06-10T13:38:27+00:00\",\"breadcrumb\":{\"@id\":\"http:\\\/\\\/jumelage.org\\\/francais\\\/newsletters-saint-germain\\\/winchester-en-laye\\\/#breadcrumb\"},\"inLanguage\":\"fr-FR\",\"potentialAction\":[{\"@type\":\"ReadAction\",\"target\":[\"http:\\\/\\\/jumelage.org\\\/francais\\\/newsletters-saint-germain\\\/winchester-en-laye\\\/\"]}]},{\"@type\":\"ImageObject\",\"inLanguage\":\"fr-FR\",\"@id\":\"http:\\\/\\\/jumelage.org\\\/francais\\\/newsletters-saint-germain\\\/winchester-en-laye\\\/#primaryimage\",\"url\":\"https:\\\/\\\/jumelage.org\\\/francais\\\/wp-content\\\/uploads\\\/2021\\\/11\\\/Entete-Lettre-Jumelage-2.001-RevRev.jpeg\",\"contentUrl\":\"https:\\\/\\\/jumelage.org\\\/francais\\\/wp-content\\\/uploads\\\/2021\\\/11\\\/Entete-Lettre-Jumelage-2.001-RevRev.jpeg\",\"width\":1920,\"height\":356},{\"@type\":\"BreadcrumbList\",\"@id\":\"http:\\\/\\\/jumelage.org\\\/francais\\\/newsletters-saint-germain\\\/winchester-en-laye\\\/#breadcrumb\",\"itemListElement\":[{\"@type\":\"ListItem\",\"position\":1,\"name\":\"Accueil\",\"item\":\"https:\\\/\\\/jumelage.org\\\/francais\\\/\"},{\"@type\":\"ListItem\",\"position\":2,\"name\":\"Infolettres\",\"item\":\"https:\\\/\\\/jumelage.org\\\/francais\\\/newsletters-saint-germain\\\/\"},{\"@type\":\"ListItem\",\"position\":3,\"name\":\"Winchester-en-Laye\"}]},{\"@type\":\"WebSite\",\"@id\":\"https:\\\/\\\/jumelage.org\\\/francais\\\/#website\",\"url\":\"https:\\\/\\\/jumelage.org\\\/francais\\\/\",\"name\":\"Jumelage\",\"description\":\"Saint-Germain-en-Laye &amp; Winchester (MA)\",\"potentialAction\":[{\"@type\":\"SearchAction\",\"target\":{\"@type\":\"EntryPoint\",\"urlTemplate\":\"https:\\\/\\\/jumelage.org\\\/francais\\\/?s={search_term_string}\"},\"query-input\":{\"@type\":\"PropertyValueSpecification\",\"valueRequired\":true,\"valueName\":\"search_term_string\"}}],\"inLanguage\":\"fr-FR\"}]}<\/script>\n<!-- \/ Yoast SEO plugin. -->","yoast_head_json":{"title":"Winchester-en-Laye Jumelage","robots":{"index":"index","follow":"follow","max-snippet":"max-snippet:-1","max-image-preview":"max-image-preview:large","max-video-preview":"max-video-preview:-1"},"canonical":"http:\/\/jumelage.org\/francais\/newsletters-saint-germain\/winchester-en-laye\/","og_locale":"fr_FR","og_type":"article","og_title":"Winchester-en-Laye Jumelage","og_description":"Son nom fait r\u00e9f\u00e9rence \u00e0 la relation d\u2019amiti\u00e9 entre nos deux villes depuis plus de 30 ans. Cette nouvelle publication met \u00e0 la disposition des [&hellip;]","og_url":"http:\/\/jumelage.org\/francais\/newsletters-saint-germain\/winchester-en-laye\/","og_site_name":"Jumelage","article_publisher":"http:\/\/www.facebook.com\/jumelagew.sgl\/","article_modified_time":"2024-06-10T13:38:27+00:00","og_image":[{"url":"http:\/\/jumelage.org\/francais\/wp-content\/uploads\/2021\/11\/Entete-Lettre-Jumelage-2.001-RevRev-1000x185.jpeg","type":"","width":"","height":""}],"twitter_card":"summary_large_image","twitter_misc":{"Dur\u00e9e de lecture estim\u00e9e":"2 minutes"},"schema":{"@context":"https:\/\/schema.org","@graph":[{"@type":"WebPage","@id":"http:\/\/jumelage.org\/francais\/newsletters-saint-germain\/winchester-en-laye\/","url":"http:\/\/jumelage.org\/francais\/newsletters-saint-germain\/winchester-en-laye\/","name":"Winchester-en-Laye Jumelage","isPartOf":{"@id":"https:\/\/jumelage.org\/francais\/#website"},"primaryImageOfPage":{"@id":"http:\/\/jumelage.org\/francais\/newsletters-saint-germain\/winchester-en-laye\/#primaryimage"},"image":{"@id":"http:\/\/jumelage.org\/francais\/newsletters-saint-germain\/winchester-en-laye\/#primaryimage"},"thumbnailUrl":"http:\/\/jumelage.org\/francais\/wp-content\/uploads\/2021\/11\/Entete-Lettre-Jumelage-2.001-RevRev-1000x185.jpeg","datePublished":"2021-11-09T09:15:37+00:00","dateModified":"2024-06-10T13:38:27+00:00","breadcrumb":{"@id":"http:\/\/jumelage.org\/francais\/newsletters-saint-germain\/winchester-en-laye\/#breadcrumb"},"inLanguage":"fr-FR","potentialAction":[{"@type":"ReadAction","target":["http:\/\/jumelage.org\/francais\/newsletters-saint-germain\/winchester-en-laye\/"]}]},{"@type":"ImageObject","inLanguage":"fr-FR","@id":"http:\/\/jumelage.org\/francais\/newsletters-saint-germain\/winchester-en-laye\/#primaryimage","url":"https:\/\/jumelage.org\/francais\/wp-content\/uploads\/2021\/11\/Entete-Lettre-Jumelage-2.001-RevRev.jpeg","contentUrl":"https:\/\/jumelage.org\/francais\/wp-content\/uploads\/2021\/11\/Entete-Lettre-Jumelage-2.001-RevRev.jpeg","width":1920,"height":356},{"@type":"BreadcrumbList","@id":"http:\/\/jumelage.org\/francais\/newsletters-saint-germain\/winchester-en-laye\/#breadcrumb","itemListElement":[{"@type":"ListItem","position":1,"name":"Accueil","item":"https:\/\/jumelage.org\/francais\/"},{"@type":"ListItem","position":2,"name":"Infolettres","item":"https:\/\/jumelage.org\/francais\/newsletters-saint-germain\/"},{"@type":"ListItem","position":3,"name":"Winchester-en-Laye"}]},{"@type":"WebSite","@id":"https:\/\/jumelage.org\/francais\/#website","url":"https:\/\/jumelage.org\/francais\/","name":"Jumelage","description":"Saint-Germain-en-Laye &amp; Winchester (MA)","potentialAction":[{"@type":"SearchAction","target":{"@type":"EntryPoint","urlTemplate":"https:\/\/jumelage.org\/francais\/?s={search_term_string}"},"query-input":{"@type":"PropertyValueSpecification","valueRequired":true,"valueName":"search_term_string"}}],"inLanguage":"fr-FR"}]}},"_links":{"self":[{"href":"https:\/\/jumelage.org\/francais\/wp-json\/wp\/v2\/pages\/29797","targetHints":{"allow":["GET"]}}],"collection":[{"href":"https:\/\/jumelage.org\/francais\/wp-json\/wp\/v2\/pages"}],"about":[{"href":"https:\/\/jumelage.org\/francais\/wp-json\/wp\/v2\/types\/page"}],"author":[{"embeddable":true,"href":"https:\/\/jumelage.org\/francais\/wp-json\/wp\/v2\/users\/1"}],"replies":[{"embeddable":true,"href":"https:\/\/jumelage.org\/francais\/wp-json\/wp\/v2\/comments?post=29797"}],"version-history":[{"count":5,"href":"https:\/\/jumelage.org\/francais\/wp-json\/wp\/v2\/pages\/29797\/revisions"}],"predecessor-version":[{"id":31900,"href":"https:\/\/jumelage.org\/francais\/wp-json\/wp\/v2\/pages\/29797\/revisions\/31900"}],"up":[{"embeddable":true,"href":"https:\/\/jumelage.org\/francais\/wp-json\/wp\/v2\/pages\/583"}],"wp:attachment":[{"href":"https:\/\/jumelage.org\/francais\/wp-json\/wp\/v2\/media?parent=29797"}],"curies":[{"name":"wp","href":"https:\/\/api.w.org\/{rel}","templated":true}]}}