{"id":9557,"date":"2018-04-08T12:37:40","date_gmt":"2018-04-08T10:37:40","guid":{"rendered":"http:\/\/jumelage.org\/francais\/?page_id=9557"},"modified":"2022-03-17T12:17:35","modified_gmt":"2022-03-17T11:17:35","slug":"mentions-legales","status":"publish","type":"page","link":"http:\/\/jumelage.org\/francais\/mentions-legales\/","title":{"rendered":"* Mentions l\u00e9gales"},"content":{"rendered":"<div id=\"pl-9557\"  class=\"panel-layout\" ><div id=\"pg-9557-0\"  class=\"panel-grid panel-has-style\" ><div style=\"padding: 1px 0; \" data-overlay=\"true\" data-overlay-color=\"#000000\" class=\"panel-row-style panel-row-style-for-9557-0\" ><div id=\"pgc-9557-0-0\"  class=\"panel-grid-cell\" ><div id=\"panel-9557-0-0-0\" class=\"so-panel widget widget_sow-editor panel-first-child panel-last-child\" data-index=\"0\" ><div style=\"text-align: left;\" data-title-color=\"#443f3f\" data-headings-color=\"#443f3f\" class=\"panel-widget-style panel-widget-style-for-9557-0-0-0\" ><div\n\t\t\t\n\t\t\tclass=\"so-widget-sow-editor so-widget-sow-editor-base\"\n\t\t\t\n\t\t>\n<div class=\"siteorigin-widget-tinymce textwidget\">\n\t<pre style=\"text-align: center;\"><em>(Rev C - En vigueur au 29 juin 2020)\n________________________________________________________________________________________________\n<\/em><\/pre>\n<p style=\"text-align: justify;\"><span style=\"color: #ffffff;\">.\u00a0\u00a0\u00a0\u00a0\u00a0\u00a0\u00a0\u00a0\u00a0\u00a0\u00a0<\/span> Conform\u00e9ment aux dispositions des Articles 6-111 et 19 de la Loi 1102004-575 du 21 juin 2004 pour la Confiance dans l'\u00e9conomie num\u00e9rique, dite L.C.E.N., les pr\u00e9sentes mentions l\u00e9gales sont port\u00e9es \u00e0 la connaissance des Utilisateurs du \u00ab\u00a0Site Web\u00a0\u00bb<\/p>\n<p style=\"text-align: center;\"><a href=\"http:\/\/jumelage.org\/francais\/\"><strong><span style=\"color: #008000;\"><em><span style=\"text-decoration: underline;\"><span style=\"color: #008000; text-decoration: underline;\">h<\/span>t<\/span><\/em><\/span><span style=\"text-decoration: underline;\"><span style=\"color: #008000; text-decoration: underline;\"><em>tp:\/\/jumelage.org\/francais\/<\/em><\/span><\/span><\/strong><\/a><\/p>\n<p style=\"text-align: justify;\">La connexion et la navigation sur ce site par l'Utilisateur impliquent acceptation int\u00e9grale et sans r\u00e9serve des pr\u00e9sentes mentions l\u00e9gales.<\/p>\n<p style=\"text-align: justify;\">Ces derni\u00e8res sont accessibles sur le site par le bouton \u00ab<a href=\"http:\/\/jumelage.org\/francais\/mentions-legales\/\" target=\"_blank\" rel=\"noopener\"><span style=\"text-decoration: underline;\"><em><strong><span style=\"color: #008000; text-decoration: underline;\"> Mentions l\u00e9gales\u00a0<\/span><\/strong><\/em><\/span><\/a>\u00bb, en pied de page.<\/p>\n<p>&nbsp;<\/p>\n<p style=\"text-align: justify;\"><strong><u>Article 1 : L'\u00e9diteur<\/u><\/strong><\/p>\n<p style=\"text-align: justify; padding-left: 60px;\">L'\u00e9dition du site est assur\u00e9e par l\u2019<\/p>\n<p style=\"text-align: left; padding-left: 270px;\"><span style=\"color: #0000ff;\"><strong>Association des Amis du Jumelage Saint-Germain-en-Laye \/ Winchester (MA)<\/strong><\/span><\/p>\n<p style=\"text-align: left; padding-left: 90px;\">dont le si\u00e8ge social est situ\u00e9<\/p>\n<p style=\"padding-left: 270px; text-align: left;\"><span style=\"color: #0000ff;\">c\/o M.A.S.<\/span><\/p>\n<p style=\"padding-left: 270px; text-align: left;\"><span style=\"color: #0000ff;\">3, rue de la R\u00e9publique<\/span><\/p>\n<p style=\"text-align: justify; padding-left: 270px;\"><span style=\"color: #0000ff;\">78100 SAINT-GERMAIN-EN-LAYE (France)<\/span><\/p>\n<p style=\"text-align: justify; padding-left: 90px;\">Siret\u00a0: \u00a0 \u00a0 \u00a0 \u00a0 \u00a0 \u00a0 \u00a0 \u00a0 \u00a0 \u00a0 \u00a0 \u00a0 \u00a0 \u00a0 \u00a0 \u00a0 \u00a0\u00a0\u00a0 <span style=\"color: #0000ff;\">501\u00a0242\u00a0630 00017<\/span><\/p>\n<p style=\"text-align: justify; padding-left: 60px;\">Le Directeur de la publication est son Pr\u00e9sident\u00a0:<\/p>\n<p style=\"text-align: left; padding-left: 270px;\"><span style=\"color: #0000ff;\">Caroline Gorse-Combalat<\/span><em>\u00a0\u00a0\u00a0\u00a0\u00a0\u00a0 <\/em><a href=\"mailto:jumelage.sgl.winchester@gmail.com\" target=\"_blank\" rel=\"noopener\"><span style=\"color: #008000;\"><em><span style=\"text-decoration: underline;\"><strong>jumelage.sgl.winchester@gmail.com<\/strong><\/span><\/em><\/span><\/a><\/p>\n<p style=\"text-align: justify; padding-left: 60px;\">Le responsable du Site Web est<\/p>\n<p style=\"text-align: justify; padding-left: 270px;\"><span style=\"color: #0000ff;\">Didier Briffaud<\/span> \u00a0\u00a0\u00a0\u00a0\u00a0\u00a0\u00a0\u00a0\u00a0\u00a0\u00a0\u00a0\u00a0\u00a0\u00a0\u00a0\u00a0\u00a0\u00a0\u00a0\u00a0\u00a0 <a href=\"mailto:webmaster.sgl.win@jumelage.org\" target=\"_blank\" rel=\"noopener\"><span style=\"text-decoration: underline;\"><strong><em><span style=\"color: #008000; text-decoration: underline;\">webmaster.sgl.w<\/span><\/em><\/strong><\/span><em><span style=\"color: #008000;\"><span style=\"text-decoration: underline;\"><strong>in@jumelage.org<\/strong><\/span><\/span><\/em><\/a><\/p>\n<p>&nbsp;<\/p>\n<p style=\"text-align: justify;\"><strong><u>Article 2 : L'h\u00e9bergeur<\/u><\/strong><\/p>\n<p style=\"text-align: justify; padding-left: 60px;\">L'h\u00e9bergeur du site est\u00a0:\u00a0 \u00a0 \u00a0 \u00a0 \u00a0\u00a0 <span style=\"color: #0000ff;\"><strong>Aplus.net<\/strong>, a Deluxe company<\/span><\/p>\n<p style=\"text-align: justify; padding-left: 90px;\">Si\u00e8ge social :\u00a0\u00a0\u00a0\u00a0\u00a0\u00a0\u00a0 \u00a0 \u00a0 \u00a0 \u00a0 \u00a0 \u00a0 \u00a0 \u00a0 <span style=\"color: #0000ff;\">Overland Park - <\/span><span style=\"color: #0000ff;\">Kansas City, Missouri - \u00c9tats-Unis<\/span><\/p>\n<p style=\"text-align: justify; padding-left: 90px;\">Aplus.net contact\u00a0:\u00a0\u00a0\u00a0 \u00a0 \u00a0\u00a0\u00a0 \u00a0\u00a0 <span style=\"color: #0000ff;\">3680 Victoria Street North<\/span><\/p>\n<p style=\"text-align: justify; padding-left: 270px;\"><span style=\"color: #0000ff;\">\u00a0Shoreview, Minnesota 55126 \u2013 Etats-Unis<\/span><\/p>\n<p style=\"text-align: justify; padding-left: 90px;\"><span style=\"color: #0000ff;\"><span style=\"color: #000000;\">T\u00e9l :<\/span>\u00a0\u00a0\u00a0\u00a0\u00a0\u00a0\u00a0\u00a0\u00a0\u00a0\u00a0\u00a0\u00a0\u00a0\u00a0\u00a0\u00a0\u00a0\u00a0\u00a0\u00a0\u00a0\u00a0\u00a0\u00a0\u00a0\u00a0\u00a0\u00a0\u00a0\u00a0\u00a0\u00a0 \u00a0 \u00a0 \u00a0 + 1 651 481 4598<\/span><\/p>\n<p style=\"text-align: justify; padding-left: 270px;\"><span style=\"color: #0000ff;\">\u00a0abuse@aplus.net<\/span><\/p>\n<p style=\"text-align: justify; padding-left: 60px;\">\u00a0Gestion du contenu (SGC)\u00a0:\u00a0\u00a0 <span style=\"color: #0000ff;\"><strong>WordPress<\/strong>, <\/span><span style=\"color: #0000ff;\">une Fondation de Automattic Inc.<\/span><\/p>\n<p style=\"padding-left: 270px;\"><span style=\"color: #0000ff;\">60 29th Street #343 - San Francisco, California 94110<\/span><\/p>\n<p style=\"text-align: justify; padding-left: 60px;\">Le th\u00e8me est\u00a0: \u00a0\u00a0\u00a0\u00a0\u00a0\u00a0\u00a0\u00a0\u00a0\u00a0\u00a0\u00a0\u00a0\u00a0\u00a0\u00a0\u00a0\u00a0 \u00a0 \u00a0 \u00a0 \u00a0<span style=\"color: #0000ff;\"><strong> <em>Sydney<\/em> <\/strong><span style=\"color: #000000;\">par<\/span> <strong>aThemes<\/strong>.<\/span><\/p>\n<p>&nbsp;<\/p>\n<p style=\"text-align: justify;\"><strong><u>Article 3 : Acc\u00e8s au site<\/u><\/strong><\/p>\n<p style=\"text-align: justify;\"><span style=\"color: #ffffff;\">.\u00a0\u00a0\u00a0\u00a0\u00a0\u00a0\u00a0\u00a0\u00a0\u00a0\u00a0\u00a0<\/span> Le site <span style=\"color: #008000;\"><a style=\"color: #008000;\" href=\"http:\/\/jumelage.org\/francais\/\" target=\"_blank\" rel=\"noopener\"><strong><em>http:\/\/jumelage.org\/francais\/<\/em><\/strong><\/a> <\/span>est accessible par tout endroit, 7j\/7, 24h\/24, \u00a0sauf cas de force majeure, interruption programm\u00e9e ou non et pouvant d\u00e9couler d'une n\u00e9cessit\u00e9 de maintenance.<\/p>\n<p style=\"text-align: justify;\">En cas de modification, interruption ou suspension des services, le site<em><strong> <span style=\"color: #008000;\"><a style=\"color: #008000;\" href=\"http:\/\/jumelage.org\/francais\/\" target=\"_blank\" rel=\"noopener\">http:\/\/jumelage.org\/francais\/<\/a><\/span><\/strong><\/em> ne saurait \u00eatre tenu responsable.<\/p>\n<p>&nbsp;<\/p>\n<p style=\"text-align: justify;\"><strong><u>Article 4 : Collecte des donn\u00e9es<\/u><\/strong>.<\/p>\n<p style=\"text-align: justify;\"><span style=\"color: #ffffff;\">.\u00a0\u00a0\u00a0\u00a0\u00a0\u00a0\u00a0\u00a0\u00a0\u00a0\u00a0\u00a0<\/span> Le site assure \u00e0 l'Utilisateur une collecte et un traitement d'informations personnelles dans le respect de la vie priv\u00e9e conform\u00e9ment \u00e0 la loi n\u00b0 78-17 du 6 janvier 1978 relative \u00e0 l'informatique, aux fichiers et aux libert\u00e9s.<\/p>\n<p style=\"text-align: justify;\">En vertu de la loi <em>Informatique et Libert\u00e9s <\/em>du 6 janvier 1978, l'Utilisateur dispose d'un droit d'acc\u00e8s, de rectification, de suppression et d'opposition de ses donn\u00e9es personnelles.<\/p>\n<p>&nbsp;<\/p>\n<p style=\"text-align: justify;\"><strong><u>Article 5 : Cookies<\/u><\/strong><\/p>\n<p style=\"padding-left: 30px; text-align: center;\"><span style=\"font-size: 14px;\"><em>(Les cookies sont de petits fichiers texte qui sont stock\u00e9s sur votre appareil, par le biais de votre navigateur, lorsque vous vous rendez sur un site web. Ces cookies sont retourn\u00e9s chaque fois que vous consultez ledit site web par la suite, pour vous reconna\u00eetre ou vous faciliter la navigation).<\/em><\/span><\/p>\n<p style=\"text-align: justify;\"><span style=\"color: #ffffff;\">.\u00a0\u00a0\u00a0\u00a0\u00a0\u00a0\u00a0\u00a0\u00a0\u00a0\u00a0\u00a0<\/span> L\u2019Association n\u2019utilise pas d\u2019outil de web analytique, ni cookie qui permettrait de vous reconna\u00eetre \u00e0 chaque utilisation ou de vous suivre sur Internet. Nous n'utilisons aucun dispositif de tra\u00e7age (pixel, <em>fingerprinting, <\/em>...). Nous ne collectons et ne conservons aucun historique de vos recherches et connexions.<\/p>\n<p style=\"text-align: justify;\">Toutefois, l'Utilisateur est inform\u00e9 que lors de ses visites sur le Site Web, un cookie peut s'installer, \u00e0 notre insu, automatiquement sur son logiciel de navigation. En naviguant sur le Site Web, il accepte un tel cookie.<\/p>\n<p style=\"text-align: justify;\">L'Utilisateur sera responsable de d\u00e9sactiver ce cookie \u00e9ventuel par l'interm\u00e9diaire des param\u00e8tres figurant au sein de son logiciel de navigation.<\/p>\n<p>&nbsp;<\/p>\n<p style=\"text-align: justify;\"><strong><u>Article 6 : Propri\u00e9t\u00e9 intellectuelle<\/u><\/strong><\/p>\n<p style=\"text-align: justify;\"><span style=\"color: #ffffff;\">.\u00a0\u00a0\u00a0\u00a0\u00a0\u00a0\u00a0\u00a0\u00a0\u00a0\u00a0\u00a0<\/span> Toute utilisation, reproduction, diffusion, commercialisation, modification de toute ou partie du site<span style=\"color: #008000;\"> <strong><a style=\"color: #008000;\" href=\"http:\/\/jumelage.org\/francais\/\" target=\"_blank\" rel=\"noopener\"><em>http:\/\/jumelage.org\/francais\/<\/em><\/a><\/strong><\/span> sans autorisation de l'Editeur est prohib\u00e9e.<\/p>\n<\/div>\n<\/div><\/div><\/div><\/div><\/div><\/div><\/div>","protected":false},"excerpt":{"rendered":"<p>(Rev C &#8211; En vigueur au 29 juin 2020) ________________________________________________________________________________________________ .\u00a0\u00a0\u00a0\u00a0\u00a0\u00a0\u00a0\u00a0\u00a0\u00a0\u00a0 Conform\u00e9ment aux dispositions des Articles 6-111 et 19 de la Loi 1102004-575 du 21 [&hellip;]<\/p>\n","protected":false},"author":1,"featured_media":0,"parent":0,"menu_order":0,"comment_status":"closed","ping_status":"closed","template":"page-templates\/page_fullwidth.php","meta":{"two_page_speed":[],"footnotes":""},"class_list":["post-9557","page","type-page","status-publish","hentry"],"yoast_head":"<!-- This site is optimized with the Yoast SEO plugin v27.3 - https:\/\/yoast.com\/product\/yoast-seo-wordpress\/ -->\n<title>* Mentions l\u00e9gales Jumelage<\/title>\n<meta name=\"robots\" content=\"index, follow, max-snippet:-1, max-image-preview:large, max-video-preview:-1\" \/>\n<link rel=\"canonical\" href=\"http:\/\/jumelage.org\/francais\/mentions-legales\/\" \/>\n<meta property=\"og:locale\" content=\"fr_FR\" \/>\n<meta property=\"og:type\" content=\"article\" \/>\n<meta property=\"og:title\" content=\"* Mentions l\u00e9gales Jumelage\" \/>\n<meta property=\"og:description\" content=\"(Rev C - En vigueur au 29 juin 2020) ________________________________________________________________________________________________ .\u00a0\u00a0\u00a0\u00a0\u00a0\u00a0\u00a0\u00a0\u00a0\u00a0\u00a0 Conform\u00e9ment aux dispositions des Articles 6-111 et 19 de la Loi 1102004-575 du 21 [&hellip;]\" \/>\n<meta property=\"og:url\" content=\"http:\/\/jumelage.org\/francais\/mentions-legales\/\" \/>\n<meta property=\"og:site_name\" content=\"Jumelage\" \/>\n<meta property=\"article:publisher\" content=\"http:\/\/www.facebook.com\/jumelagew.sgl\/\" \/>\n<meta property=\"article:modified_time\" content=\"2022-03-17T11:17:35+00:00\" \/>\n<meta name=\"twitter:card\" content=\"summary_large_image\" \/>\n<meta name=\"twitter:label1\" content=\"Dur\u00e9e de lecture estim\u00e9e\" \/>\n\t<meta name=\"twitter:data1\" content=\"3 minutes\" \/>\n<script type=\"application\/ld+json\" class=\"yoast-schema-graph\">{\"@context\":\"https:\\\/\\\/schema.org\",\"@graph\":[{\"@type\":\"WebPage\",\"@id\":\"http:\\\/\\\/jumelage.org\\\/francais\\\/mentions-legales\\\/\",\"url\":\"http:\\\/\\\/jumelage.org\\\/francais\\\/mentions-legales\\\/\",\"name\":\"* Mentions l\u00e9gales Jumelage\",\"isPartOf\":{\"@id\":\"https:\\\/\\\/jumelage.org\\\/francais\\\/#website\"},\"datePublished\":\"2018-04-08T10:37:40+00:00\",\"dateModified\":\"2022-03-17T11:17:35+00:00\",\"breadcrumb\":{\"@id\":\"http:\\\/\\\/jumelage.org\\\/francais\\\/mentions-legales\\\/#breadcrumb\"},\"inLanguage\":\"fr-FR\",\"potentialAction\":[{\"@type\":\"ReadAction\",\"target\":[\"http:\\\/\\\/jumelage.org\\\/francais\\\/mentions-legales\\\/\"]}]},{\"@type\":\"BreadcrumbList\",\"@id\":\"http:\\\/\\\/jumelage.org\\\/francais\\\/mentions-legales\\\/#breadcrumb\",\"itemListElement\":[{\"@type\":\"ListItem\",\"position\":1,\"name\":\"Accueil\",\"item\":\"http:\\\/\\\/jumelage.org\\\/francais\\\/\"},{\"@type\":\"ListItem\",\"position\":2,\"name\":\"* Mentions l\u00e9gales\"}]},{\"@type\":\"WebSite\",\"@id\":\"https:\\\/\\\/jumelage.org\\\/francais\\\/#website\",\"url\":\"https:\\\/\\\/jumelage.org\\\/francais\\\/\",\"name\":\"Jumelage\",\"description\":\"Saint-Germain-en-Laye &amp; Winchester (MA)\",\"potentialAction\":[{\"@type\":\"SearchAction\",\"target\":{\"@type\":\"EntryPoint\",\"urlTemplate\":\"https:\\\/\\\/jumelage.org\\\/francais\\\/?s={search_term_string}\"},\"query-input\":{\"@type\":\"PropertyValueSpecification\",\"valueRequired\":true,\"valueName\":\"search_term_string\"}}],\"inLanguage\":\"fr-FR\"}]}<\/script>\n<!-- \/ Yoast SEO plugin. -->","yoast_head_json":{"title":"* Mentions l\u00e9gales Jumelage","robots":{"index":"index","follow":"follow","max-snippet":"max-snippet:-1","max-image-preview":"max-image-preview:large","max-video-preview":"max-video-preview:-1"},"canonical":"http:\/\/jumelage.org\/francais\/mentions-legales\/","og_locale":"fr_FR","og_type":"article","og_title":"* Mentions l\u00e9gales Jumelage","og_description":"(Rev C - En vigueur au 29 juin 2020) ________________________________________________________________________________________________ .\u00a0\u00a0\u00a0\u00a0\u00a0\u00a0\u00a0\u00a0\u00a0\u00a0\u00a0 Conform\u00e9ment aux dispositions des Articles 6-111 et 19 de la Loi 1102004-575 du 21 [&hellip;]","og_url":"http:\/\/jumelage.org\/francais\/mentions-legales\/","og_site_name":"Jumelage","article_publisher":"http:\/\/www.facebook.com\/jumelagew.sgl\/","article_modified_time":"2022-03-17T11:17:35+00:00","twitter_card":"summary_large_image","twitter_misc":{"Dur\u00e9e de lecture estim\u00e9e":"3 minutes"},"schema":{"@context":"https:\/\/schema.org","@graph":[{"@type":"WebPage","@id":"http:\/\/jumelage.org\/francais\/mentions-legales\/","url":"http:\/\/jumelage.org\/francais\/mentions-legales\/","name":"* Mentions l\u00e9gales Jumelage","isPartOf":{"@id":"https:\/\/jumelage.org\/francais\/#website"},"datePublished":"2018-04-08T10:37:40+00:00","dateModified":"2022-03-17T11:17:35+00:00","breadcrumb":{"@id":"http:\/\/jumelage.org\/francais\/mentions-legales\/#breadcrumb"},"inLanguage":"fr-FR","potentialAction":[{"@type":"ReadAction","target":["http:\/\/jumelage.org\/francais\/mentions-legales\/"]}]},{"@type":"BreadcrumbList","@id":"http:\/\/jumelage.org\/francais\/mentions-legales\/#breadcrumb","itemListElement":[{"@type":"ListItem","position":1,"name":"Accueil","item":"http:\/\/jumelage.org\/francais\/"},{"@type":"ListItem","position":2,"name":"* Mentions l\u00e9gales"}]},{"@type":"WebSite","@id":"https:\/\/jumelage.org\/francais\/#website","url":"https:\/\/jumelage.org\/francais\/","name":"Jumelage","description":"Saint-Germain-en-Laye &amp; Winchester (MA)","potentialAction":[{"@type":"SearchAction","target":{"@type":"EntryPoint","urlTemplate":"https:\/\/jumelage.org\/francais\/?s={search_term_string}"},"query-input":{"@type":"PropertyValueSpecification","valueRequired":true,"valueName":"search_term_string"}}],"inLanguage":"fr-FR"}]}},"_links":{"self":[{"href":"http:\/\/jumelage.org\/francais\/wp-json\/wp\/v2\/pages\/9557","targetHints":{"allow":["GET"]}}],"collection":[{"href":"http:\/\/jumelage.org\/francais\/wp-json\/wp\/v2\/pages"}],"about":[{"href":"http:\/\/jumelage.org\/francais\/wp-json\/wp\/v2\/types\/page"}],"author":[{"embeddable":true,"href":"http:\/\/jumelage.org\/francais\/wp-json\/wp\/v2\/users\/1"}],"replies":[{"embeddable":true,"href":"http:\/\/jumelage.org\/francais\/wp-json\/wp\/v2\/comments?post=9557"}],"version-history":[{"count":0,"href":"http:\/\/jumelage.org\/francais\/wp-json\/wp\/v2\/pages\/9557\/revisions"}],"wp:attachment":[{"href":"http:\/\/jumelage.org\/francais\/wp-json\/wp\/v2\/media?parent=9557"}],"curies":[{"name":"wp","href":"https:\/\/api.w.org\/{rel}","templated":true}]}}