{"id":868,"date":"2017-03-31T16:09:59","date_gmt":"2017-03-31T14:09:59","guid":{"rendered":"http:\/\/jumelage.org\/francais\/?page_id=868"},"modified":"2026-03-03T11:45:33","modified_gmt":"2026-03-03T10:45:33","slug":"voyages-programmes","status":"publish","type":"page","link":"http:\/\/jumelage.org\/francais\/voyages\/voyages-programmes\/","title":{"rendered":"Voyages Programm\u00e9s"},"content":{"rendered":"<div id=\"pl-868\"  class=\"panel-layout\" ><div id=\"pg-868-0\"  class=\"panel-grid panel-has-style\" ><div class=\"siteorigin-panels-stretch panel-row-style panel-row-style-for-868-0\" style=\"padding: 5px 0; \" data-stretch-type=\"full-width-stretch\" data-overlay=\"true\" data-overlay-color=\"#000000\" ><div id=\"pgc-868-0-0\"  class=\"panel-grid-cell panel-grid-cell-empty\" ><\/div><div id=\"pgc-868-0-1\"  class=\"panel-grid-cell panel-grid-cell-mobile-last\" ><div id=\"panel-868-0-1-0\" class=\"so-panel widget widget_sow-editor panel-first-child panel-last-child\" data-index=\"0\" ><div style=\"text-align: left;\" data-title-color=\"#443f3f\" data-headings-color=\"#443f3f\" class=\"panel-widget-style panel-widget-style-for-868-0-1-0\" ><div\n\t\t\t\n\t\t\tclass=\"so-widget-sow-editor so-widget-sow-editor-base\"\n\t\t\t\n\t\t>\n<div class=\"siteorigin-widget-tinymce textwidget\">\n\t<p style=\"text-align: center;\"><span style=\"color: #ff0000; font-size: 24px;\">Ceci est la proposition du voyage en commun avec nos amis de Winchester<\/span><\/p>\n<p style=\"text-align: center;\"><span style=\"color: #0000ff; background-color: #ccffff; font-size: 24px;\">\u00ab Tour \u00e0 la d\u00e9couverte de la Bretagne \u00bb\u00a0: 04 \/ 10 octobre 2026<\/span><\/p>\n<p><img decoding=\"async\" class=\"wp-image-32470 aligncenter\" src=\"https:\/\/jumelage.org\/francais\/wp-content\/uploads\/2026\/02\/St-Malo.jpg\" alt=\"\" width=\"391\" height=\"220\" srcset=\"https:\/\/jumelage.org\/francais\/wp-content\/uploads\/2026\/02\/St-Malo.jpg 1214w, https:\/\/jumelage.org\/francais\/wp-content\/uploads\/2026\/02\/St-Malo-1000x563.jpg 1000w, https:\/\/jumelage.org\/francais\/wp-content\/uploads\/2026\/02\/St-Malo-768x432.jpg 768w, https:\/\/jumelage.org\/francais\/wp-content\/uploads\/2026\/02\/St-Malo-230x129.jpg 230w, https:\/\/jumelage.org\/francais\/wp-content\/uploads\/2026\/02\/St-Malo-350x197.jpg 350w, https:\/\/jumelage.org\/francais\/wp-content\/uploads\/2026\/02\/St-Malo-480x270.jpg 480w, https:\/\/jumelage.org\/francais\/wp-content\/uploads\/2026\/02\/St-Malo-600x338.jpg 600w\" sizes=\"(max-width: 391px) 100vw, 391px\" \/><\/p>\n<ul style=\"text-align: center;\">\n<li style=\"text-align: left;\">Un s\u00e9jour de 8 jours et 7 nuits sur place, avec une arriv\u00e9e le dimanche 04 octobre en fin de matin\u00e9e en Bretagne\n<ul style=\"text-align: center;\">\n<li style=\"text-align: left;\">\u00a0et un retour vers St-Germain-en-Laye le dimanche 11 octobre en fin d\u2019apr\u00e8s-midi.<\/li>\n<\/ul>\n<\/li>\n<li style=\"text-align: left;\">Arriv\u00e9e Gare SNCF de VANNES \u2013 Retour Gare SNCF de DOL DE BRETAGNE. Voyage en TGV, 1\u00e8re classe.<\/li>\n<li style=\"text-align: left;\">S\u00e9jour dans 2 h\u00f4tels de cat\u00e9gorie 4*<\/li>\n<li style=\"text-align: left;\">D\u00eeners dans les 2 h\u00f4tels<\/li>\n<li style=\"text-align: left;\">Guide bilingue pendant tout le s\u00e9jour<\/li>\n<li style=\"text-align: left;\">Le m\u00eame car de luxe et son chauffeur pendant tout le voyage en Bretagne.<\/li>\n<li style=\"text-align: left;\">Le budget est estim\u00e9, pas encore d\u00e9finitif, mais inclut la totalit\u00e9 des prestations y compris le TGV.<\/li>\n<\/ul>\n<p>D\u00e9couvrez le\u00a0<span style=\"color: #008000; background-color: #ccffcc;\"><a style=\"color: #008000; background-color: #ccffcc;\" href=\"https:\/\/jumelage.org\/francais\/wp-content\/uploads\/2026\/02\/Presentation-preliminaire-Fev-2026.pdf\">Programme pr\u00e9liminaire - F\u00e9v 2026<\/a><\/span><\/p>\n<p style=\"text-align: left;\">Merci d\u2019indiquer au plus t\u00f4t votre int\u00e9r\u00eat, en <strong><a href=\"https:\/\/www.helloasso.com\/associations\/association-des-amis-de-jumelage-saint-germain-en-laye-winchester\/evenements\/tour-a-la-decouverte-de-la-bretagne\" target=\"_blank\" rel=\"noopener\"><span style=\"color: #008000; background-color: #ccffcc;\">suivant ce lien.<\/span><\/a><\/strong><\/p>\n<\/div>\n<\/div><\/div><\/div><\/div><div id=\"pgc-868-0-2\"  class=\"panel-grid-cell panel-grid-cell-empty\" ><\/div><\/div><\/div><\/div>","protected":false},"excerpt":{"rendered":"<p>Ceci est la proposition du voyage en commun avec nos amis de Winchester \u00ab Tour \u00e0 la d\u00e9couverte de la Bretagne \u00bb\u00a0: 04 \/ 10 [&hellip;]<\/p>\n","protected":false},"author":1,"featured_media":25632,"parent":54,"menu_order":0,"comment_status":"closed","ping_status":"closed","template":"page-templates\/page_fullwidth.php","meta":{"two_page_speed":[],"footnotes":""},"class_list":["post-868","page","type-page","status-publish","has-post-thumbnail","hentry"],"yoast_head":"<!-- This site is optimized with the Yoast SEO plugin v27.3 - https:\/\/yoast.com\/product\/yoast-seo-wordpress\/ -->\n<title>Voyages Programm\u00e9s Jumelage<\/title>\n<meta name=\"robots\" content=\"index, follow, max-snippet:-1, max-image-preview:large, max-video-preview:-1\" \/>\n<link rel=\"canonical\" href=\"http:\/\/jumelage.org\/francais\/voyages\/voyages-programmes\/\" \/>\n<meta property=\"og:locale\" content=\"fr_FR\" \/>\n<meta property=\"og:type\" content=\"article\" \/>\n<meta property=\"og:title\" content=\"Voyages Programm\u00e9s Jumelage\" \/>\n<meta property=\"og:description\" content=\"Ceci est la proposition du voyage en commun avec nos amis de Winchester \u00ab Tour \u00e0 la d\u00e9couverte de la Bretagne \u00bb\u00a0: 04 \/ 10 [&hellip;]\" \/>\n<meta property=\"og:url\" content=\"http:\/\/jumelage.org\/francais\/voyages\/voyages-programmes\/\" \/>\n<meta property=\"og:site_name\" content=\"Jumelage\" \/>\n<meta property=\"article:publisher\" content=\"http:\/\/www.facebook.com\/jumelagew.sgl\/\" \/>\n<meta property=\"article:modified_time\" content=\"2026-03-03T10:45:33+00:00\" \/>\n<meta property=\"og:image\" content=\"https:\/\/jumelage.org\/francais\/wp-content\/uploads\/2020\/01\/Morvan-1.jpg\" \/>\n\t<meta property=\"og:image:width\" content=\"678\" \/>\n\t<meta property=\"og:image:height\" content=\"99\" \/>\n\t<meta property=\"og:image:type\" content=\"image\/jpeg\" \/>\n<meta name=\"twitter:card\" content=\"summary_large_image\" \/>\n<meta name=\"twitter:label1\" content=\"Dur\u00e9e de lecture estim\u00e9e\" \/>\n\t<meta name=\"twitter:data1\" content=\"2 minutes\" \/>\n<script type=\"application\/ld+json\" class=\"yoast-schema-graph\">{\"@context\":\"https:\\\/\\\/schema.org\",\"@graph\":[{\"@type\":\"WebPage\",\"@id\":\"http:\\\/\\\/jumelage.org\\\/francais\\\/voyages\\\/voyages-programmes\\\/\",\"url\":\"http:\\\/\\\/jumelage.org\\\/francais\\\/voyages\\\/voyages-programmes\\\/\",\"name\":\"Voyages Programm\u00e9s Jumelage\",\"isPartOf\":{\"@id\":\"http:\\\/\\\/jumelage.org\\\/francais\\\/#website\"},\"primaryImageOfPage\":{\"@id\":\"http:\\\/\\\/jumelage.org\\\/francais\\\/voyages\\\/voyages-programmes\\\/#primaryimage\"},\"image\":{\"@id\":\"http:\\\/\\\/jumelage.org\\\/francais\\\/voyages\\\/voyages-programmes\\\/#primaryimage\"},\"thumbnailUrl\":\"https:\\\/\\\/jumelage.org\\\/francais\\\/wp-content\\\/uploads\\\/2020\\\/01\\\/Morvan-1.jpg\",\"datePublished\":\"2017-03-31T14:09:59+00:00\",\"dateModified\":\"2026-03-03T10:45:33+00:00\",\"breadcrumb\":{\"@id\":\"http:\\\/\\\/jumelage.org\\\/francais\\\/voyages\\\/voyages-programmes\\\/#breadcrumb\"},\"inLanguage\":\"fr-FR\",\"potentialAction\":[{\"@type\":\"ReadAction\",\"target\":[\"http:\\\/\\\/jumelage.org\\\/francais\\\/voyages\\\/voyages-programmes\\\/\"]}]},{\"@type\":\"ImageObject\",\"inLanguage\":\"fr-FR\",\"@id\":\"http:\\\/\\\/jumelage.org\\\/francais\\\/voyages\\\/voyages-programmes\\\/#primaryimage\",\"url\":\"https:\\\/\\\/jumelage.org\\\/francais\\\/wp-content\\\/uploads\\\/2020\\\/01\\\/Morvan-1.jpg\",\"contentUrl\":\"https:\\\/\\\/jumelage.org\\\/francais\\\/wp-content\\\/uploads\\\/2020\\\/01\\\/Morvan-1.jpg\",\"width\":678,\"height\":99},{\"@type\":\"BreadcrumbList\",\"@id\":\"http:\\\/\\\/jumelage.org\\\/francais\\\/voyages\\\/voyages-programmes\\\/#breadcrumb\",\"itemListElement\":[{\"@type\":\"ListItem\",\"position\":1,\"name\":\"Accueil\",\"item\":\"http:\\\/\\\/jumelage.org\\\/francais\\\/\"},{\"@type\":\"ListItem\",\"position\":2,\"name\":\"Voyages\",\"item\":\"http:\\\/\\\/jumelage.org\\\/francais\\\/voyages\\\/\"},{\"@type\":\"ListItem\",\"position\":3,\"name\":\"Voyages Programm\u00e9s\"}]},{\"@type\":\"WebSite\",\"@id\":\"http:\\\/\\\/jumelage.org\\\/francais\\\/#website\",\"url\":\"http:\\\/\\\/jumelage.org\\\/francais\\\/\",\"name\":\"Jumelage\",\"description\":\"Saint-Germain-en-Laye &amp; Winchester (MA)\",\"potentialAction\":[{\"@type\":\"SearchAction\",\"target\":{\"@type\":\"EntryPoint\",\"urlTemplate\":\"http:\\\/\\\/jumelage.org\\\/francais\\\/?s={search_term_string}\"},\"query-input\":{\"@type\":\"PropertyValueSpecification\",\"valueRequired\":true,\"valueName\":\"search_term_string\"}}],\"inLanguage\":\"fr-FR\"}]}<\/script>\n<!-- \/ Yoast SEO plugin. -->","yoast_head_json":{"title":"Voyages Programm\u00e9s Jumelage","robots":{"index":"index","follow":"follow","max-snippet":"max-snippet:-1","max-image-preview":"max-image-preview:large","max-video-preview":"max-video-preview:-1"},"canonical":"http:\/\/jumelage.org\/francais\/voyages\/voyages-programmes\/","og_locale":"fr_FR","og_type":"article","og_title":"Voyages Programm\u00e9s Jumelage","og_description":"Ceci est la proposition du voyage en commun avec nos amis de Winchester \u00ab Tour \u00e0 la d\u00e9couverte de la Bretagne \u00bb\u00a0: 04 \/ 10 [&hellip;]","og_url":"http:\/\/jumelage.org\/francais\/voyages\/voyages-programmes\/","og_site_name":"Jumelage","article_publisher":"http:\/\/www.facebook.com\/jumelagew.sgl\/","article_modified_time":"2026-03-03T10:45:33+00:00","og_image":[{"width":678,"height":99,"url":"https:\/\/jumelage.org\/francais\/wp-content\/uploads\/2020\/01\/Morvan-1.jpg","type":"image\/jpeg"}],"twitter_card":"summary_large_image","twitter_misc":{"Dur\u00e9e de lecture estim\u00e9e":"2 minutes"},"schema":{"@context":"https:\/\/schema.org","@graph":[{"@type":"WebPage","@id":"http:\/\/jumelage.org\/francais\/voyages\/voyages-programmes\/","url":"http:\/\/jumelage.org\/francais\/voyages\/voyages-programmes\/","name":"Voyages Programm\u00e9s Jumelage","isPartOf":{"@id":"http:\/\/jumelage.org\/francais\/#website"},"primaryImageOfPage":{"@id":"http:\/\/jumelage.org\/francais\/voyages\/voyages-programmes\/#primaryimage"},"image":{"@id":"http:\/\/jumelage.org\/francais\/voyages\/voyages-programmes\/#primaryimage"},"thumbnailUrl":"https:\/\/jumelage.org\/francais\/wp-content\/uploads\/2020\/01\/Morvan-1.jpg","datePublished":"2017-03-31T14:09:59+00:00","dateModified":"2026-03-03T10:45:33+00:00","breadcrumb":{"@id":"http:\/\/jumelage.org\/francais\/voyages\/voyages-programmes\/#breadcrumb"},"inLanguage":"fr-FR","potentialAction":[{"@type":"ReadAction","target":["http:\/\/jumelage.org\/francais\/voyages\/voyages-programmes\/"]}]},{"@type":"ImageObject","inLanguage":"fr-FR","@id":"http:\/\/jumelage.org\/francais\/voyages\/voyages-programmes\/#primaryimage","url":"https:\/\/jumelage.org\/francais\/wp-content\/uploads\/2020\/01\/Morvan-1.jpg","contentUrl":"https:\/\/jumelage.org\/francais\/wp-content\/uploads\/2020\/01\/Morvan-1.jpg","width":678,"height":99},{"@type":"BreadcrumbList","@id":"http:\/\/jumelage.org\/francais\/voyages\/voyages-programmes\/#breadcrumb","itemListElement":[{"@type":"ListItem","position":1,"name":"Accueil","item":"http:\/\/jumelage.org\/francais\/"},{"@type":"ListItem","position":2,"name":"Voyages","item":"http:\/\/jumelage.org\/francais\/voyages\/"},{"@type":"ListItem","position":3,"name":"Voyages Programm\u00e9s"}]},{"@type":"WebSite","@id":"http:\/\/jumelage.org\/francais\/#website","url":"http:\/\/jumelage.org\/francais\/","name":"Jumelage","description":"Saint-Germain-en-Laye &amp; Winchester (MA)","potentialAction":[{"@type":"SearchAction","target":{"@type":"EntryPoint","urlTemplate":"http:\/\/jumelage.org\/francais\/?s={search_term_string}"},"query-input":{"@type":"PropertyValueSpecification","valueRequired":true,"valueName":"search_term_string"}}],"inLanguage":"fr-FR"}]}},"_links":{"self":[{"href":"http:\/\/jumelage.org\/francais\/wp-json\/wp\/v2\/pages\/868","targetHints":{"allow":["GET"]}}],"collection":[{"href":"http:\/\/jumelage.org\/francais\/wp-json\/wp\/v2\/pages"}],"about":[{"href":"http:\/\/jumelage.org\/francais\/wp-json\/wp\/v2\/types\/page"}],"author":[{"embeddable":true,"href":"http:\/\/jumelage.org\/francais\/wp-json\/wp\/v2\/users\/1"}],"replies":[{"embeddable":true,"href":"http:\/\/jumelage.org\/francais\/wp-json\/wp\/v2\/comments?post=868"}],"version-history":[{"count":14,"href":"http:\/\/jumelage.org\/francais\/wp-json\/wp\/v2\/pages\/868\/revisions"}],"predecessor-version":[{"id":32502,"href":"http:\/\/jumelage.org\/francais\/wp-json\/wp\/v2\/pages\/868\/revisions\/32502"}],"up":[{"embeddable":true,"href":"http:\/\/jumelage.org\/francais\/wp-json\/wp\/v2\/pages\/54"}],"wp:featuredmedia":[{"embeddable":true,"href":"http:\/\/jumelage.org\/francais\/wp-json\/wp\/v2\/media\/25632"}],"wp:attachment":[{"href":"http:\/\/jumelage.org\/francais\/wp-json\/wp\/v2\/media?parent=868"}],"curies":[{"name":"wp","href":"https:\/\/api.w.org\/{rel}","templated":true}]}}