{"id":5274,"date":"2017-11-07T23:09:48","date_gmt":"2017-11-07T22:09:48","guid":{"rendered":"http:\/\/jumelage.org\/francais\/?page_id=5274"},"modified":"2019-01-13T17:50:29","modified_gmt":"2019-01-13T16:50:29","slug":"introduction-du-jazz-en-france-par-les-soldats-americains-pendant-la-wwi","status":"publish","type":"page","link":"http:\/\/jumelage.org\/francais\/manifestations\/introduction-du-jazz-en-france-par-les-soldats-americains-pendant-la-wwi\/","title":{"rendered":"Introduction du jazz en France par les soldats am\u00e9ricains pendant la WWI"},"content":{"rendered":"<div class=\"description\">\n<p style=\"text-align: justify;\">Cette conf\u00e9rence-d\u00e9bat a comm\u00e9mor\u00e9 l&rsquo;arriv\u00e9e en France des orchestres militaires noirs am\u00e9ricains et du Jazz en 1917, est la plus compl\u00e8te sur le sujet. En effet, cette histoire ne se r\u00e9duit pas \u00e0 l&rsquo;arriv\u00e9e de l&rsquo;orchestre de Jim Europe, puisqu&rsquo;il y a eu 27 orchestres qui ont jou\u00e9 en France entre janvier 1918 et l&rsquo;automne 1919.<\/p>\n<p style=\"text-align: justify;\">Une projection de nombreuses rares photographies, suivie d&rsquo;audition d&rsquo;enregistrements d&rsquo;\u00e9poque a permis permet d&rsquo;approcher cette histoire de mani\u00e8re musicale et historique en focalisant sur les 4 plus importants orchestres.<\/p>\n<p style=\"text-align: justify;\">Dan Vernhettes, trompettiste et chef d&rsquo;orchestres de jazz, historien du jazz, a publi\u00e9 chez<em> Jazz&rsquo;edit<\/em> plusieurs ouvrages sur l&rsquo;\u00e9mergence du jazz en Louisiane (<em>Jazz PUzzles Vol. 1<\/em>), le jazz sur le Mississippi (<em>Jazz Puzzles Vol. 2<\/em>), ainsi que des biographies de musiciens (<em>Traveling Blues<\/em>, la superbe biographie de Tommy Ladnier &#8211; <em>Big Boy<\/em> l&rsquo;unique biographie de Frank Goudie &#8211; Hommage \u00e0 Alfredo Espinoza), et pr\u00e9pare actuellement un ouvrage intitul\u00e9 <em>Cuba en Paris<\/em>, biographies de musiciens cubains qui ont jou\u00e9 \u00e0 Paris entre 1925 et 1955. Il a obtenu le prix de l&rsquo;Acad\u00e9mie du jazz et le prix du Hot Club de France pour ses ouvrages.<\/p>\n<p style=\"text-align: center;\"><span style=\"font-size: 14px;\"><section id=\"huge_it_portfolio_content_6\"\r\n         class=\"portfolio-gallery-content sortingActive \"\r\n         data-portfolio-id=\"6\">\r\n\t<div id=\"huge-it-container-loading-overlay_6\"><\/div>\r\n\t\t\t\t\t\t<div id=\"huge_it_portfolio_options_6\"\r\n\t\t\t     data-sorting-position=\"top\">\r\n\t\t\t\t<ul  class=\"sort-by-button-group clearfix\" >\r\n\t\t\t\t\t\t\t\t\t\t\t<li><a href=\"#sortBy=original-order\" data-option-value=\"original-order\" class=\"selected\"\r\n\t\t\t\t\t\t       data>Default<\/a><\/li>\r\n\t\t\t\t\t\t\t\t\t\t\t\t\t\t\t\t<li><a href=\"#sortBy=load_date\"\r\n\t\t\t\t\t\t       data-option-value=\"load_date\">Date<\/a>\r\n\t\t\t\t\t\t<\/li>\r\n\t\t\t\t\t\t\t\t\t\t\t\t\t\t\t\t<li><a href=\"#sortBy=name\"\r\n\t\t\t\t\t\t       data-option-value=\"name\">Title<\/a>\r\n\t\t\t\t\t\t<\/li>\r\n\t\t\t\t\t\t\t\t\t\t\t\t\t\t\t\t<li id=\"shuffle\"><a data-option-value=\"random\"\r\n\t\t\t\t\t\t\t\thref='#shuffle'>Random<\/a>\r\n\t\t\t\t\t\t<\/li>\r\n\t\t\t\t\t\t\t\t\t<\/ul>\r\n\t\t\t\t<ul id=\"port-sort-direction\" class=\"option-set clearfix\" >\r\n\t\t\t\t\t\t\t\t\t\t\t<li><a href=\"#sortAscending=true\" data-option-value=\"true\"  data-option-key=\"number\"\r\n\t\t\t\t\t\t       class=\"selected\">Ascending<\/a>\r\n\t\t\t\t\t\t<\/li>\r\n\t\t\t\t\t\t\t\t\t\t\t\t\t\t\t\t<li><a href=\"#sortAscending=false\"  data-option-key=\"number\"\r\n\t\t\t\t\t\t       data-option-value=\"false\">Descending<\/a>\r\n\t\t\t\t\t\t<\/li>\r\n\t\t\t\t\t\t\t\t\t<\/ul>\r\n\t\t\t<\/div>\r\n\t\t\t\t\t<div id=\"huge_it_portfolio_container_6\"\r\n\t     class=\"huge_it_portfolio_container super-list variable-sizes clearfix view-lightbox-gallery\"\r\n\t     data-show-loading=\"on\"\r\n\t     data-show-center=\"off\" >\r\n\r\n\r\n\t\t\t\t\t<div\r\n\t\t\t\tclass=\"portelement portelement_6 portfolio-lightbox   \" tabindex=\"0\" data-symbol=\"\" data-category=\"alkaline-earth\">\r\n                <p style=\"display:none;\" class=\"load_date\">2017-11-07 22:24:03<\/p>\r\n                <p style=\"display:none;\" class=\"number\">86<\/p>\r\n\t\t\t\t<p style=\"display: none;\" class=\"id\">86<\/p>\r\n\t\t\t\t<div class=\"image-block_6\">\r\n\t\t\t\t\t\t\t\t\t\t\t\t\t\t\t\t\t\t\t\t\t\t\t<a href=\"http:\/\/jumelage.org\/francais\/wp-content\/uploads\/2017\/11\/IMG_20171107_194151.jpg\"\r\n\t\t\t\t\t\t\t\t   class=\" portfolio-lightbox-group6\"\r\n                                   data-description=\" \"\r\n\t\t\t\t\t\t\t\t   title=\"\">\r\n\t\t\t\t\t\t\t\t\t<img decoding=\"async\" alt=\"\"\r\n\t\t\t\t\t\t\t\t\t     id=\"wd-cl-img0\"\r\n                                         data-title=\" mde\"\r\n\t\t\t\t\t\t\t\t\t     src=\"https:\/\/jumelage.org\/francais\/wp-content\/uploads\/2017\/11\/IMG_20171107_194151-1024x578.jpg\"\/>\r\n\t\t\t\t\t\t\t\t<\/a>\r\n\t\t\t\t\t\t\t\t\t\t\t\t<\/div>\r\n\t\t\t\t\t\t\t<\/div>\r\n\t\t\t\t\t\t<div\r\n\t\t\t\tclass=\"portelement portelement_6 portfolio-lightbox   \" tabindex=\"0\" data-symbol=\"\" data-category=\"alkaline-earth\">\r\n                <p style=\"display:none;\" class=\"load_date\">2017-11-07 22:24:03<\/p>\r\n                <p style=\"display:none;\" class=\"number\">89<\/p>\r\n\t\t\t\t<p style=\"display: none;\" class=\"id\">89<\/p>\r\n\t\t\t\t<div class=\"image-block_6\">\r\n\t\t\t\t\t\t\t\t\t\t\t\t\t\t\t\t\t\t\t\t\t\t\t<a href=\"http:\/\/jumelage.org\/francais\/wp-content\/uploads\/2017\/11\/IMG_20171107_194206.jpg\"\r\n\t\t\t\t\t\t\t\t   class=\" portfolio-lightbox-group6\"\r\n                                   data-description=\" \"\r\n\t\t\t\t\t\t\t\t   title=\"\">\r\n\t\t\t\t\t\t\t\t\t<img decoding=\"async\" alt=\"\"\r\n\t\t\t\t\t\t\t\t\t     id=\"wd-cl-img1\"\r\n                                         data-title=\" cof\"\r\n\t\t\t\t\t\t\t\t\t     src=\"https:\/\/jumelage.org\/francais\/wp-content\/uploads\/2017\/11\/IMG_20171107_194206-1024x525.jpg\"\/>\r\n\t\t\t\t\t\t\t\t<\/a>\r\n\t\t\t\t\t\t\t\t\t\t\t\t<\/div>\r\n\t\t\t\t\t\t\t<\/div>\r\n\t\t\t\t\t\t<div\r\n\t\t\t\tclass=\"portelement portelement_6 portfolio-lightbox   \" tabindex=\"0\" data-symbol=\"\" data-category=\"alkaline-earth\">\r\n                <p style=\"display:none;\" class=\"load_date\">2017-11-07 22:24:03<\/p>\r\n                <p style=\"display:none;\" class=\"number\">91<\/p>\r\n\t\t\t\t<p style=\"display: none;\" class=\"id\">91<\/p>\r\n\t\t\t\t<div class=\"image-block_6\">\r\n\t\t\t\t\t\t\t\t\t\t\t\t\t\t\t\t\t\t\t\t\t\t\t<a href=\"http:\/\/jumelage.org\/francais\/wp-content\/uploads\/2017\/11\/IMG_20171107_194329.jpg\"\r\n\t\t\t\t\t\t\t\t   class=\" portfolio-lightbox-group6\"\r\n                                   data-description=\" \"\r\n\t\t\t\t\t\t\t\t   title=\"\">\r\n\t\t\t\t\t\t\t\t\t<img decoding=\"async\" alt=\"\"\r\n\t\t\t\t\t\t\t\t\t     id=\"wd-cl-img2\"\r\n                                         data-title=\" mde\"\r\n\t\t\t\t\t\t\t\t\t     src=\"https:\/\/jumelage.org\/francais\/wp-content\/uploads\/2017\/11\/IMG_20171107_194329-1024x578.jpg\"\/>\r\n\t\t\t\t\t\t\t\t<\/a>\r\n\t\t\t\t\t\t\t\t\t\t\t\t<\/div>\r\n\t\t\t\t\t\t\t<\/div>\r\n\t\t\t\t\t\t<div\r\n\t\t\t\tclass=\"portelement portelement_6 portfolio-lightbox   \" tabindex=\"0\" data-symbol=\"\" data-category=\"alkaline-earth\">\r\n                <p style=\"display:none;\" class=\"load_date\">2017-11-07 22:24:03<\/p>\r\n                <p style=\"display:none;\" class=\"number\">92<\/p>\r\n\t\t\t\t<p style=\"display: none;\" class=\"id\">92<\/p>\r\n\t\t\t\t<div class=\"image-block_6\">\r\n\t\t\t\t\t\t\t\t\t\t\t\t\t\t\t\t\t\t\t\t\t\t\t<a href=\"http:\/\/jumelage.org\/francais\/wp-content\/uploads\/2017\/11\/IMG_20171107_194502.jpg\"\r\n\t\t\t\t\t\t\t\t   class=\" portfolio-lightbox-group6\"\r\n                                   data-description=\" \"\r\n\t\t\t\t\t\t\t\t   title=\"\">\r\n\t\t\t\t\t\t\t\t\t<img decoding=\"async\" alt=\"\"\r\n\t\t\t\t\t\t\t\t\t     id=\"wd-cl-img3\"\r\n                                         data-title=\" cof\"\r\n\t\t\t\t\t\t\t\t\t     src=\"https:\/\/jumelage.org\/francais\/wp-content\/uploads\/2017\/11\/IMG_20171107_194502-1024x578.jpg\"\/>\r\n\t\t\t\t\t\t\t\t<\/a>\r\n\t\t\t\t\t\t\t\t\t\t\t\t<\/div>\r\n\t\t\t\t\t\t\t<\/div>\r\n\t\t\t\t\t\t<div\r\n\t\t\t\tclass=\"portelement portelement_6 portfolio-lightbox   \" tabindex=\"0\" data-symbol=\"\" data-category=\"alkaline-earth\">\r\n                <p style=\"display:none;\" class=\"load_date\">2017-11-07 22:24:03<\/p>\r\n                <p style=\"display:none;\" class=\"number\">93<\/p>\r\n\t\t\t\t<p style=\"display: none;\" class=\"id\">93<\/p>\r\n\t\t\t\t<div class=\"image-block_6\">\r\n\t\t\t\t\t\t\t\t\t\t\t\t\t\t\t\t\t\t\t\t\t\t\t<a href=\"http:\/\/jumelage.org\/francais\/wp-content\/uploads\/2017\/11\/IMG_20171107_194651.jpg\"\r\n\t\t\t\t\t\t\t\t   class=\" portfolio-lightbox-group6\"\r\n                                   data-description=\" \"\r\n\t\t\t\t\t\t\t\t   title=\"\">\r\n\t\t\t\t\t\t\t\t\t<img decoding=\"async\" alt=\"\"\r\n\t\t\t\t\t\t\t\t\t     id=\"wd-cl-img4\"\r\n                                         data-title=\" cof\"\r\n\t\t\t\t\t\t\t\t\t     src=\"https:\/\/jumelage.org\/francais\/wp-content\/uploads\/2017\/11\/IMG_20171107_194651-1024x578.jpg\"\/>\r\n\t\t\t\t\t\t\t\t<\/a>\r\n\t\t\t\t\t\t\t\t\t\t\t\t<\/div>\r\n\t\t\t\t\t\t\t<\/div>\r\n\t\t\t\r\n\t\t<div style=\"clear:both;\"><\/div>\r\n\t<\/div>\r\n\r\n\r\n<\/section><style>\r\n\/***For Lifgtbox Gallery view***\/\r\n.play-icon.youtube-icon  {\r\n    background: url(http:\/\/jumelage.org\/francais\/wp-content\/plugins\/portfolio-gallery\/assets\/images\/admin_images\/play.youtube.png) center center no-repeat;\r\n    background-size: 30% 30%;\r\n}\r\n.play-icon.vimeo-icon  {\r\n    background: url(http:\/\/jumelage.org\/francais\/wp-content\/plugins\/portfolio-gallery\/assets\/images\/admin_images\/play.vimeo.png) center center no-repeat;\r\n    background-size: 30% 30%;\r\n}\r\n.play-icon {\r\n    position: absolute;\r\n    top: 0;\r\n    left: 0;\r\n    width: 100%;\r\n    height: 100%;\r\n}\r\n\/***<\/add>***\/\r\n.portelement_6 {\r\n    max-width:275px;\r\n    width: 100%;\r\n    margin:0 0 10px 0;\r\n    border:0px solid #eeeeee;\r\n    border-radius:3px;\r\n    outline:none;\r\n    overflow:hidden;\r\n}\r\n\r\n.portelement_6 .image-block_6 {\r\n    position:relative;\r\n    max-width:275px;\r\n    width:100%;\r\n}\r\n.portelement_6 .image-block_6 a {\r\n    border:none;\r\n    display: block;\r\n    cursor: -webkit-zoom-in; cursor: -moz-zoom-in;\r\n}\r\n.portelement_6 .image-block_6 img {\r\n    margin:0 !important;\r\n    padding:0 !important;\r\n    max-width:275px !important;\r\n    width: 100%;\r\n    height:auto;\r\n    display:block;\r\n    border-radius: 0 !important;\r\n    box-shadow: 0 0 0 rgba(0, 0, 0, 0) !important;\r\n}\r\n\r\n.portelement_6 .image-block_6 img:hover {\r\n    cursor: -webkit-zoom-in; cursor: -moz-zoom-in;\r\n}\r\n\r\n.portelement_6 .title-block_6 {\r\n    position:absolute;\r\n    text-overflow: ellipsis;\r\n    overflow: hidden;\r\n    left:0;\r\n    width:100%;\r\n    height: 30px;\r\n    bottom:-31px;\r\n    background: rgba(0,0,0,0.8)  !important;\r\n    -webkit-transition: bottom 0.3s ease-out 0.1s;\r\n    -moz-transition: bottom 0.3s ease-out 0.1s;\r\n    -o-transition: bottom 0.3s ease-out 0.1s;\r\n    transition: bottom 0.3s ease-out 0.1s;\r\n}\r\n\r\n.portelement_6:hover .title-block_6 {bottom:0;}\r\n\r\n.portelement_6 .title-block_6 a, .portelement_6 .title-block_6 a:link, .portelement_6 .title-block_6 a:visited, \r\n.portelement_6 .title-block_6 {\r\n    margin:0;\r\n    padding:0 1% 0 2%;\r\n    text-decoration:none;\r\n    text-overflow: ellipsis;\r\n    overflow: hidden;\r\n    white-space:nowrap;\r\n    z-index:20;\r\n    font-size: 16px;\r\n    color:#0074A2;\r\n    font-weight:normal;\r\n    border: none;\r\n    box-shadow: none;\r\n}\r\n\r\n\r\n\r\n.portelement_6 .title-block_6 a:hover, .portelement_6 .title-block_6 a:focus, .portelement_6 .title-block_6 a:active, \r\n.portelement_6 .title-block_6:hover {\r\n    color:#2EA2CD;\r\n    text-decoration:none;\r\n}\r\n\r\n#huge_it_portfolio_content_6 #huge_it_portfolio_options_6 {\r\n    position: relative;\r\n    overflow: hidden;\r\nwidth: auto; margin-bottom: 5px;display:table;\r\nopacity: 0;    margin-bottom: 10px;\r\n}\r\n\r\n#huge_it_portfolio_content_6 #huge_it_portfolio_options_6 ul {\r\n    margin: 0 !important;\r\n    padding: 0 !important;\r\n    list-style: none;\r\nfloat:left;margin-left:1%;}\r\n\r\n#huge_it_portfolio_content_6 #huge_it_portfolio_filters_6 ul {\r\n    margin: 0 !important;\r\n    padding: 0 !important;\r\n    overflow: hidden;\r\n    width: 100%;\r\n}\r\n\r\n#huge_it_portfolio_content_6 #huge_it_portfolio_options_6 ul li {\r\n    border-radius: 0px;\r\n    list-style-type: none;\r\n    margin: 0 !important;\r\n    padding: 0;\r\nfloat:left !important;margin: 0 8px 4px 0 !important;border: 1px solid #ccc;}\r\n\r\n#huge_it_portfolio_content_6 #huge_it_portfolio_options_6 ul li a {\r\n    background-color: #F7F7F7 !important;\r\n    font-size:14px !important;\r\n    color:#555555 !important;\r\n    text-decoration: none;\r\n    cursor: pointer;\r\n    margin: 0 !important;\r\n    display: block;\r\n    padding:3px;\r\n    border-radius: 0px;\r\n}\r\n\r\n\r\n#huge_it_portfolio_content_6 #huge_it_portfolio_options_6 ul li a:hover {\r\n    background-color: #FF3845 !important;\r\n    color:#ffffff !important;\r\n    cursor: pointer;\r\n}\r\n\r\n#huge_it_portfolio_content_6 #huge_it_portfolio_filters_6 {\r\n    float: left;\r\n    position: relative;\r\nfloat:;max-width:180px;width:20%;display:inline-block;margin-left:1%;\r\nopacity: 0;}\r\n\r\n#huge_it_portfolio_content_6 #huge_it_portfolio_filters_6 ul li {\r\n    list-style-type: none;\r\n    border-radius: 0px;\r\nborder: 1px solid #ccc;}\r\n\r\n#huge_it_portfolio_content_6 #huge_it_portfolio_filters_6 ul li a {\r\n    font-size:14px !important;\r\n    color:#555555 !important;\r\n    background-color: #F7F7F7 !important;\r\n    border-radius: 0px;\r\n    padding:3px;\r\n    display: block;\r\n    text-decoration: none;\r\n}\r\n\r\n#huge_it_portfolio_content_6 #huge_it_portfolio_filters_6  ul li a:hover {\r\n    color:#ffffff !important;\r\n    background-color: #FF3845 !important;\r\n    cursor: pointer\r\n}\r\n#huge_it_portfolio_content_6 #huge_it_portfolio_filters_6 ul li.active a,\r\n#huge_it_portfolio_content_6 #huge_it_portfolio_filters_6 ul li.active a:link,\r\n#huge_it_portfolio_content_6 #huge_it_portfolio_filters_6 ul li.active a:visited,\r\n#huge_it_portfolio_content_6 #huge_it_portfolio_filters_6  ul li.active a:hover,\r\n#huge_it_portfolio_content_6 #huge_it_portfolio_filters_6  ul li.active a:focus,\r\n#huge_it_portfolio_content_6 #huge_it_portfolio_filters_6  ul li.active a:active {\r\n    color:#ffffff !important;\r\n    background-color: #FF3845 !important;\r\n    cursor: pointer;\r\n}\r\n#huge_it_portfolio_content_6 section {\r\n    position:relative;\r\n    display:block;\r\n}\r\n\r\n#huge_it_portfolio_content_6 #huge_it_portfolio_container_6 {\r\n    width: 79%;\r\n    max-width: 100%;\r\nwidth:100%;opacity: 0;}\r\n\r\n#port-sort-direction {\r\nfloat: left !important;}\r\n@media screen and (max-width: 768px) {\r\n\r\n    #huge_it_portfolio_content_6 #huge_it_portfolio_filters_6 ul li a,\r\n    #huge_it_portfolio_content_6 #huge_it_portfolio_filters_6 ul li a:link,\r\n    #huge_it_portfolio_content_6 #huge_it_portfolio_filters_6 ul li a:visited {\r\n        font-size: 2vw !important;\r\n    }\r\n    #huge_it_portfolio_content_6 #huge_it_portfolio_options_6 ul li a {\r\n        font-size:2vw !important;\r\n    }\r\n\r\n}\r\n@media screen and (max-width: 480px) {\r\n    #huge_it_portfolio_content_6 #huge_it_portfolio_options_6 {\r\n        float: left;\r\n    }\r\n    #huge_it_portfolio_content_6 #huge_it_portfolio_options_6 #sort-by{\r\n        float: left;\r\n        width: 100% !important;\r\n    }\r\n    #huge_it_portfolio_content_6 #huge_it_portfolio_options_6 #port-sort-direction{\r\n        float: left;\r\n        width: 100% !important;\r\n        position: relative;\r\n        padding-left: 31% !important;\r\n        right: 31%;\r\n    }\r\n    #huge_it_portfolio_content_6 #huge_it_portfolio_filters_6 ul li a,\r\n    #huge_it_portfolio_content_6 #huge_it_portfolio_filters_6 ul li a:link,\r\n    #huge_it_portfolio_content_6 #huge_it_portfolio_filters_6 ul li a:visited {\r\n        font-size: 3vw !important;\r\n    }\r\n    #huge_it_portfolio_content_6 #huge_it_portfolio_options_6 ul li a {\r\n        line-height: 3vw;\r\n        font-size:3vw !important;\r\n    }\r\n}\r\n@media screen and (max-width: 420px) {\r\n\r\n    #huge_it_portfolio_content_6 #huge_it_portfolio_filters_6 ul li a,\r\n    #huge_it_portfolio_content_6 #huge_it_portfolio_filters_6 ul li a:link,\r\n    #huge_it_portfolio_content_6 #huge_it_portfolio_filters_6 ul li a:visited {\r\n        font-size: 4vw !important;\r\n    }\r\n    #huge_it_portfolio_content_6 #huge_it_portfolio_options_6 ul li a {\r\n        font-size:4vw !important;\r\n    }\r\n}\r\n@media screen and (max-width: 315px) {\r\n    .portelement_6  {\r\n        width:98%;\r\n        margin: 1% !important;\r\n        float: left;\r\n        overflow: hidden;\r\n        outline:none;\r\n        border:eeeeeepx solid #D0D0D0;\r\n    }\r\n    .wd-portfolio-panel_6 {\r\n        width: 100% !important;\r\n    }\r\n}\r\n#huge-it-container-loading-overlay_6 {\r\n    width: 100%;\r\n    height: 100%;\r\n    position: absolute;\r\n    z-index: 1;\r\n    background:  url(http:\/\/jumelage.org\/francais\/wp-content\/plugins\/portfolio-gallery\/assets\/images\/loading\/loading-2.svg) center top ;\r\n    background-repeat: no-repeat;\r\n    background-size: 60px auto;\r\n}\r\n#huge_it_portfolio_options_and_filters_6 {\r\n    position: relative;\r\n    float: left;\r\n    width: 20%;\r\n    max-width: 180px;\r\n    float:top;\r\nmargin-left:1%;}\r\n<\/style><\/span><\/p>\n<p style=\"text-align: right;\"><em><span style=\"font-size: 14px;\">\u00c0 l&rsquo;issue de cette rencontre, Dan Vernhettes a d\u00e9dicac\u00e9 son dernier ouvrage, qui a servi de support \u00e0 sa conf\u00e9rence.<\/span> <\/em><\/p>\n<p style=\"text-align: center;\"><span style=\"color: #0000ff;\"><em>Le premier concert de jazz en Europe, c&rsquo;\u00e9tait au th\u00e9\u00e2tre Graslin de Nantes, il y a 100 ans, le 12 f\u00e9vrier 1918.\u00a0 Ce concert historique a \u00e9t\u00e9 donn\u00e9 par l&rsquo;orchestre du 369\u00b0 R\u00e9giment d&rsquo;Infanterie, plus connu sous le nom de Harlem Hellfighters, dirig\u00e9 par le Lieutenant et musicien James Reese Europe.<\/em><\/span><\/p>\n<\/div>\n","protected":false},"excerpt":{"rendered":"<p>Cette conf\u00e9rence-d\u00e9bat a comm\u00e9mor\u00e9 l&rsquo;arriv\u00e9e en France des orchestres militaires noirs am\u00e9ricains et du Jazz en 1917, est la plus compl\u00e8te sur le sujet. En [&hellip;]<\/p>\n","protected":false},"author":1,"featured_media":0,"parent":1400,"menu_order":-1,"comment_status":"closed","ping_status":"closed","template":"page-templates\/page_fullwidth.php","meta":{"two_page_speed":[],"footnotes":""},"class_list":["post-5274","page","type-page","status-publish","hentry"],"yoast_head":"<!-- This site is optimized with the Yoast SEO plugin v27.5 - https:\/\/yoast.com\/product\/yoast-seo-wordpress\/ -->\n<title>Introduction du jazz en France par les soldats am\u00e9ricains pendant la WWI Jumelage<\/title>\n<meta name=\"robots\" content=\"index, follow, max-snippet:-1, max-image-preview:large, max-video-preview:-1\" \/>\n<link rel=\"canonical\" href=\"http:\/\/jumelage.org\/francais\/manifestations\/introduction-du-jazz-en-france-par-les-soldats-americains-pendant-la-wwi\/\" \/>\n<meta property=\"og:locale\" content=\"fr_FR\" \/>\n<meta property=\"og:type\" content=\"article\" \/>\n<meta property=\"og:title\" content=\"Introduction du jazz en France par les soldats am\u00e9ricains pendant la WWI Jumelage\" \/>\n<meta property=\"og:description\" content=\"Cette conf\u00e9rence-d\u00e9bat a comm\u00e9mor\u00e9 l&rsquo;arriv\u00e9e en France des orchestres militaires noirs am\u00e9ricains et du Jazz en 1917, est la plus compl\u00e8te sur le sujet. En [&hellip;]\" \/>\n<meta property=\"og:url\" content=\"http:\/\/jumelage.org\/francais\/manifestations\/introduction-du-jazz-en-france-par-les-soldats-americains-pendant-la-wwi\/\" \/>\n<meta property=\"og:site_name\" content=\"Jumelage\" \/>\n<meta property=\"article:publisher\" content=\"http:\/\/www.facebook.com\/jumelagew.sgl\/\" \/>\n<meta property=\"article:modified_time\" content=\"2019-01-13T16:50:29+00:00\" \/>\n<meta name=\"twitter:card\" content=\"summary_large_image\" \/>\n<meta name=\"twitter:label1\" content=\"Dur\u00e9e de lecture estim\u00e9e\" \/>\n\t<meta name=\"twitter:data1\" content=\"1 minute\" \/>\n<script type=\"application\/ld+json\" class=\"yoast-schema-graph\">{\"@context\":\"https:\\\/\\\/schema.org\",\"@graph\":[{\"@type\":\"WebPage\",\"@id\":\"http:\\\/\\\/jumelage.org\\\/francais\\\/manifestations\\\/introduction-du-jazz-en-france-par-les-soldats-americains-pendant-la-wwi\\\/\",\"url\":\"http:\\\/\\\/jumelage.org\\\/francais\\\/manifestations\\\/introduction-du-jazz-en-france-par-les-soldats-americains-pendant-la-wwi\\\/\",\"name\":\"Introduction du jazz en France par les soldats am\u00e9ricains pendant la WWI Jumelage\",\"isPartOf\":{\"@id\":\"https:\\\/\\\/jumelage.org\\\/francais\\\/#website\"},\"datePublished\":\"2017-11-07T22:09:48+00:00\",\"dateModified\":\"2019-01-13T16:50:29+00:00\",\"breadcrumb\":{\"@id\":\"http:\\\/\\\/jumelage.org\\\/francais\\\/manifestations\\\/introduction-du-jazz-en-france-par-les-soldats-americains-pendant-la-wwi\\\/#breadcrumb\"},\"inLanguage\":\"fr-FR\",\"potentialAction\":[{\"@type\":\"ReadAction\",\"target\":[\"http:\\\/\\\/jumelage.org\\\/francais\\\/manifestations\\\/introduction-du-jazz-en-france-par-les-soldats-americains-pendant-la-wwi\\\/\"]}]},{\"@type\":\"BreadcrumbList\",\"@id\":\"http:\\\/\\\/jumelage.org\\\/francais\\\/manifestations\\\/introduction-du-jazz-en-france-par-les-soldats-americains-pendant-la-wwi\\\/#breadcrumb\",\"itemListElement\":[{\"@type\":\"ListItem\",\"position\":1,\"name\":\"Accueil\",\"item\":\"https:\\\/\\\/jumelage.org\\\/francais\\\/\"},{\"@type\":\"ListItem\",\"position\":2,\"name\":\"Manifestations\",\"item\":\"http:\\\/\\\/jumelage.org\\\/francais\\\/manifestations\\\/\"},{\"@type\":\"ListItem\",\"position\":3,\"name\":\"Introduction du jazz en France par les soldats am\u00e9ricains pendant la WWI\"}]},{\"@type\":\"WebSite\",\"@id\":\"https:\\\/\\\/jumelage.org\\\/francais\\\/#website\",\"url\":\"https:\\\/\\\/jumelage.org\\\/francais\\\/\",\"name\":\"Jumelage\",\"description\":\"Saint-Germain-en-Laye &amp; Winchester (MA)\",\"potentialAction\":[{\"@type\":\"SearchAction\",\"target\":{\"@type\":\"EntryPoint\",\"urlTemplate\":\"https:\\\/\\\/jumelage.org\\\/francais\\\/?s={search_term_string}\"},\"query-input\":{\"@type\":\"PropertyValueSpecification\",\"valueRequired\":true,\"valueName\":\"search_term_string\"}}],\"inLanguage\":\"fr-FR\"}]}<\/script>\n<!-- \/ Yoast SEO plugin. -->","yoast_head_json":{"title":"Introduction du jazz en France par les soldats am\u00e9ricains pendant la WWI Jumelage","robots":{"index":"index","follow":"follow","max-snippet":"max-snippet:-1","max-image-preview":"max-image-preview:large","max-video-preview":"max-video-preview:-1"},"canonical":"http:\/\/jumelage.org\/francais\/manifestations\/introduction-du-jazz-en-france-par-les-soldats-americains-pendant-la-wwi\/","og_locale":"fr_FR","og_type":"article","og_title":"Introduction du jazz en France par les soldats am\u00e9ricains pendant la WWI Jumelage","og_description":"Cette conf\u00e9rence-d\u00e9bat a comm\u00e9mor\u00e9 l&rsquo;arriv\u00e9e en France des orchestres militaires noirs am\u00e9ricains et du Jazz en 1917, est la plus compl\u00e8te sur le sujet. En [&hellip;]","og_url":"http:\/\/jumelage.org\/francais\/manifestations\/introduction-du-jazz-en-france-par-les-soldats-americains-pendant-la-wwi\/","og_site_name":"Jumelage","article_publisher":"http:\/\/www.facebook.com\/jumelagew.sgl\/","article_modified_time":"2019-01-13T16:50:29+00:00","twitter_card":"summary_large_image","twitter_misc":{"Dur\u00e9e de lecture estim\u00e9e":"1 minute"},"schema":{"@context":"https:\/\/schema.org","@graph":[{"@type":"WebPage","@id":"http:\/\/jumelage.org\/francais\/manifestations\/introduction-du-jazz-en-france-par-les-soldats-americains-pendant-la-wwi\/","url":"http:\/\/jumelage.org\/francais\/manifestations\/introduction-du-jazz-en-france-par-les-soldats-americains-pendant-la-wwi\/","name":"Introduction du jazz en France par les soldats am\u00e9ricains pendant la WWI Jumelage","isPartOf":{"@id":"https:\/\/jumelage.org\/francais\/#website"},"datePublished":"2017-11-07T22:09:48+00:00","dateModified":"2019-01-13T16:50:29+00:00","breadcrumb":{"@id":"http:\/\/jumelage.org\/francais\/manifestations\/introduction-du-jazz-en-france-par-les-soldats-americains-pendant-la-wwi\/#breadcrumb"},"inLanguage":"fr-FR","potentialAction":[{"@type":"ReadAction","target":["http:\/\/jumelage.org\/francais\/manifestations\/introduction-du-jazz-en-france-par-les-soldats-americains-pendant-la-wwi\/"]}]},{"@type":"BreadcrumbList","@id":"http:\/\/jumelage.org\/francais\/manifestations\/introduction-du-jazz-en-france-par-les-soldats-americains-pendant-la-wwi\/#breadcrumb","itemListElement":[{"@type":"ListItem","position":1,"name":"Accueil","item":"https:\/\/jumelage.org\/francais\/"},{"@type":"ListItem","position":2,"name":"Manifestations","item":"http:\/\/jumelage.org\/francais\/manifestations\/"},{"@type":"ListItem","position":3,"name":"Introduction du jazz en France par les soldats am\u00e9ricains pendant la WWI"}]},{"@type":"WebSite","@id":"https:\/\/jumelage.org\/francais\/#website","url":"https:\/\/jumelage.org\/francais\/","name":"Jumelage","description":"Saint-Germain-en-Laye &amp; Winchester (MA)","potentialAction":[{"@type":"SearchAction","target":{"@type":"EntryPoint","urlTemplate":"https:\/\/jumelage.org\/francais\/?s={search_term_string}"},"query-input":{"@type":"PropertyValueSpecification","valueRequired":true,"valueName":"search_term_string"}}],"inLanguage":"fr-FR"}]}},"_links":{"self":[{"href":"http:\/\/jumelage.org\/francais\/wp-json\/wp\/v2\/pages\/5274","targetHints":{"allow":["GET"]}}],"collection":[{"href":"http:\/\/jumelage.org\/francais\/wp-json\/wp\/v2\/pages"}],"about":[{"href":"http:\/\/jumelage.org\/francais\/wp-json\/wp\/v2\/types\/page"}],"author":[{"embeddable":true,"href":"http:\/\/jumelage.org\/francais\/wp-json\/wp\/v2\/users\/1"}],"replies":[{"embeddable":true,"href":"http:\/\/jumelage.org\/francais\/wp-json\/wp\/v2\/comments?post=5274"}],"version-history":[{"count":0,"href":"http:\/\/jumelage.org\/francais\/wp-json\/wp\/v2\/pages\/5274\/revisions"}],"up":[{"embeddable":true,"href":"http:\/\/jumelage.org\/francais\/wp-json\/wp\/v2\/pages\/1400"}],"wp:attachment":[{"href":"http:\/\/jumelage.org\/francais\/wp-json\/wp\/v2\/media?parent=5274"}],"curies":[{"name":"wp","href":"https:\/\/api.w.org\/{rel}","templated":true}]}}