{"id":4850,"date":"2017-10-27T17:18:42","date_gmt":"2017-10-27T15:18:42","guid":{"rendered":"http:\/\/jumelage.org\/francais\/?page_id=4850"},"modified":"2022-04-27T22:42:04","modified_gmt":"2022-04-27T20:42:04","slug":"le-mot-du-president","status":"publish","type":"page","link":"http:\/\/jumelage.org\/francais\/accueil\/le-mot-du-president\/","title":{"rendered":"Le mot de la Pr\u00e9sidente"},"content":{"rendered":"<div id=\"pl-4850\"  class=\"panel-layout\" ><div id=\"pg-4850-0\"  class=\"panel-grid panel-has-style\" ><div style=\"padding: 0px 0; \" data-overlay=\"true\" data-overlay-color=\"#000000\" class=\"panel-row-style panel-row-style-for-4850-0\" ><div id=\"pgc-4850-0-0\"  class=\"panel-grid-cell\" ><div id=\"panel-4850-0-0-0\" class=\"so-panel widget widget_sow-editor panel-first-child panel-last-child\" data-index=\"0\" ><div style=\"text-align: left;\" data-title-color=\"#443f3f\" data-headings-color=\"#443f3f\" class=\"panel-widget-style panel-widget-style-for-4850-0-0-0\" ><div\n\t\t\t\n\t\t\tclass=\"so-widget-sow-editor so-widget-sow-editor-base\"\n\t\t\t\n\t\t>\n<div class=\"siteorigin-widget-tinymce textwidget\">\n\t<p style=\"text-align: justify;\">A l\u2019occasion du 30\u00e8me anniversaire du jumelage des villes de Winchester (MA) et Saint-Germain-en-Laye, rendons hommage au Pr\u00e9sident Dwight D. Eisenhower qui cr\u00e9a en 1956 l\u2019organisation \u00ab Sisters City International \u00bb pour promouvoir la paix par le respect mutuel, la compr\u00e9hension et la coop\u00e9ration - un individu, une communaut\u00e9 \u00e0 la fois.<\/p>\n<p style=\"text-align: justify;\">Ce sont le D\u00e9put\u00e9-Maire Michel P\u00e9ricard et les Conseillers \u00e0 Winchester Judith P. Muggia et Thomas Schmitt qui sont \u00e0 l\u2019origine du rapprochement entre nos deux villes en 1990.<\/p>\n<p style=\"text-align: justify;\">Depuis, les ponts entre Winchester et la France ont permis de mettre en valeur la r\u00e9gion du Massachusetts en favorisant une meilleure compr\u00e9hension entre nos deux peuples en organisant des \u00e9changes scolaires et universitaires, des conf\u00e9rences, des expositions, des concerts, des visites, des voyages (une ann\u00e9e d\u00e9couverte d\u2019une nouvelle r\u00e9gion aux USA, une ann\u00e9e en France), des \u00e9changes officiels et en c\u00e9l\u00e9brant les f\u00eates nationales am\u00e9ricaines.<\/p>\n<p style=\"text-align: justify;\">Au cours des prochaines ann\u00e9es, le jumelage s\u2019attachera \u00e0 s\u2019ouvrir \u00e0 de nouveaux publics, aux jeunes et \u00e0 d\u00e9velopper des \u00e9changes de partenariats avec les acteurs locaux.<\/p>\n<p style=\"text-align: justify;\">Maintenir des liens culturels et d\u2019amiti\u00e9 entre la France et les Etats-Unis contribuent \u00e0 la promotion de la \u00ab\u00a0diplomatie citoyenne\u00a0\u00bb, un \u00e9l\u00e9ment essentiel \u00e0 l\u2019enrichissement de la relation entre nos deux peuples, en particulier pour la g\u00e9n\u00e9ration \u00e0 venir.<\/p>\n<p style=\"text-align: justify;\">Vous aimez \u00e9changer, partager, d\u00e9couvrir une autre culture, rejoignez-nous !<\/p>\n<p style=\"text-align: right;\">Caroline Gorse-Combalat<\/p>\n<\/div>\n<\/div><\/div><\/div><\/div><\/div><\/div><\/div>","protected":false},"excerpt":{"rendered":"<p>A l\u2019occasion du 30\u00e8me anniversaire du jumelage des villes de Winchester (MA) et Saint-Germain-en-Laye, rendons hommage au Pr\u00e9sident Dwight D. Eisenhower qui cr\u00e9a en 1956 [&hellip;]<\/p>\n","protected":false},"author":1,"featured_media":0,"parent":25474,"menu_order":0,"comment_status":"closed","ping_status":"closed","template":"page-templates\/page_fullwidth.php","meta":{"two_page_speed":[],"footnotes":""},"class_list":["post-4850","page","type-page","status-publish","hentry"],"yoast_head":"<!-- This site is optimized with the Yoast SEO plugin v27.4 - https:\/\/yoast.com\/product\/yoast-seo-wordpress\/ -->\n<title>Le mot de la Pr\u00e9sidente Jumelage<\/title>\n<meta name=\"robots\" content=\"index, follow, max-snippet:-1, max-image-preview:large, max-video-preview:-1\" \/>\n<link rel=\"canonical\" href=\"http:\/\/jumelage.org\/francais\/accueil\/le-mot-du-president\/\" \/>\n<meta property=\"og:locale\" content=\"fr_FR\" \/>\n<meta property=\"og:type\" content=\"article\" \/>\n<meta property=\"og:title\" content=\"Le mot de la Pr\u00e9sidente Jumelage\" \/>\n<meta property=\"og:description\" content=\"A l\u2019occasion du 30\u00e8me anniversaire du jumelage des villes de Winchester (MA) et Saint-Germain-en-Laye, rendons hommage au Pr\u00e9sident Dwight D. Eisenhower qui cr\u00e9a en 1956 [&hellip;]\" \/>\n<meta property=\"og:url\" content=\"http:\/\/jumelage.org\/francais\/accueil\/le-mot-du-president\/\" \/>\n<meta property=\"og:site_name\" content=\"Jumelage\" \/>\n<meta property=\"article:publisher\" content=\"http:\/\/www.facebook.com\/jumelagew.sgl\/\" \/>\n<meta property=\"article:modified_time\" content=\"2022-04-27T20:42:04+00:00\" \/>\n<meta name=\"twitter:card\" content=\"summary_large_image\" \/>\n<meta name=\"twitter:label1\" content=\"Dur\u00e9e de lecture estim\u00e9e\" \/>\n\t<meta name=\"twitter:data1\" content=\"1 minute\" \/>\n<script type=\"application\/ld+json\" class=\"yoast-schema-graph\">{\"@context\":\"https:\\\/\\\/schema.org\",\"@graph\":[{\"@type\":\"WebPage\",\"@id\":\"http:\\\/\\\/jumelage.org\\\/francais\\\/accueil\\\/le-mot-du-president\\\/\",\"url\":\"http:\\\/\\\/jumelage.org\\\/francais\\\/accueil\\\/le-mot-du-president\\\/\",\"name\":\"Le mot de la Pr\u00e9sidente Jumelage\",\"isPartOf\":{\"@id\":\"https:\\\/\\\/jumelage.org\\\/francais\\\/#website\"},\"datePublished\":\"2017-10-27T15:18:42+00:00\",\"dateModified\":\"2022-04-27T20:42:04+00:00\",\"breadcrumb\":{\"@id\":\"http:\\\/\\\/jumelage.org\\\/francais\\\/accueil\\\/le-mot-du-president\\\/#breadcrumb\"},\"inLanguage\":\"fr-FR\",\"potentialAction\":[{\"@type\":\"ReadAction\",\"target\":[\"http:\\\/\\\/jumelage.org\\\/francais\\\/accueil\\\/le-mot-du-president\\\/\"]}]},{\"@type\":\"BreadcrumbList\",\"@id\":\"http:\\\/\\\/jumelage.org\\\/francais\\\/accueil\\\/le-mot-du-president\\\/#breadcrumb\",\"itemListElement\":[{\"@type\":\"ListItem\",\"position\":1,\"name\":\"Accueil\",\"item\":\"https:\\\/\\\/jumelage.org\\\/francais\\\/\"},{\"@type\":\"ListItem\",\"position\":2,\"name\":\"Accueil\",\"item\":\"https:\\\/\\\/jumelage.org\\\/francais\\\/\"},{\"@type\":\"ListItem\",\"position\":3,\"name\":\"Le mot de la Pr\u00e9sidente\"}]},{\"@type\":\"WebSite\",\"@id\":\"https:\\\/\\\/jumelage.org\\\/francais\\\/#website\",\"url\":\"https:\\\/\\\/jumelage.org\\\/francais\\\/\",\"name\":\"Jumelage\",\"description\":\"Saint-Germain-en-Laye &amp; Winchester (MA)\",\"potentialAction\":[{\"@type\":\"SearchAction\",\"target\":{\"@type\":\"EntryPoint\",\"urlTemplate\":\"https:\\\/\\\/jumelage.org\\\/francais\\\/?s={search_term_string}\"},\"query-input\":{\"@type\":\"PropertyValueSpecification\",\"valueRequired\":true,\"valueName\":\"search_term_string\"}}],\"inLanguage\":\"fr-FR\"}]}<\/script>\n<!-- \/ Yoast SEO plugin. -->","yoast_head_json":{"title":"Le mot de la Pr\u00e9sidente Jumelage","robots":{"index":"index","follow":"follow","max-snippet":"max-snippet:-1","max-image-preview":"max-image-preview:large","max-video-preview":"max-video-preview:-1"},"canonical":"http:\/\/jumelage.org\/francais\/accueil\/le-mot-du-president\/","og_locale":"fr_FR","og_type":"article","og_title":"Le mot de la Pr\u00e9sidente Jumelage","og_description":"A l\u2019occasion du 30\u00e8me anniversaire du jumelage des villes de Winchester (MA) et Saint-Germain-en-Laye, rendons hommage au Pr\u00e9sident Dwight D. Eisenhower qui cr\u00e9a en 1956 [&hellip;]","og_url":"http:\/\/jumelage.org\/francais\/accueil\/le-mot-du-president\/","og_site_name":"Jumelage","article_publisher":"http:\/\/www.facebook.com\/jumelagew.sgl\/","article_modified_time":"2022-04-27T20:42:04+00:00","twitter_card":"summary_large_image","twitter_misc":{"Dur\u00e9e de lecture estim\u00e9e":"1 minute"},"schema":{"@context":"https:\/\/schema.org","@graph":[{"@type":"WebPage","@id":"http:\/\/jumelage.org\/francais\/accueil\/le-mot-du-president\/","url":"http:\/\/jumelage.org\/francais\/accueil\/le-mot-du-president\/","name":"Le mot de la Pr\u00e9sidente Jumelage","isPartOf":{"@id":"https:\/\/jumelage.org\/francais\/#website"},"datePublished":"2017-10-27T15:18:42+00:00","dateModified":"2022-04-27T20:42:04+00:00","breadcrumb":{"@id":"http:\/\/jumelage.org\/francais\/accueil\/le-mot-du-president\/#breadcrumb"},"inLanguage":"fr-FR","potentialAction":[{"@type":"ReadAction","target":["http:\/\/jumelage.org\/francais\/accueil\/le-mot-du-president\/"]}]},{"@type":"BreadcrumbList","@id":"http:\/\/jumelage.org\/francais\/accueil\/le-mot-du-president\/#breadcrumb","itemListElement":[{"@type":"ListItem","position":1,"name":"Accueil","item":"https:\/\/jumelage.org\/francais\/"},{"@type":"ListItem","position":2,"name":"Accueil","item":"https:\/\/jumelage.org\/francais\/"},{"@type":"ListItem","position":3,"name":"Le mot de la Pr\u00e9sidente"}]},{"@type":"WebSite","@id":"https:\/\/jumelage.org\/francais\/#website","url":"https:\/\/jumelage.org\/francais\/","name":"Jumelage","description":"Saint-Germain-en-Laye &amp; Winchester (MA)","potentialAction":[{"@type":"SearchAction","target":{"@type":"EntryPoint","urlTemplate":"https:\/\/jumelage.org\/francais\/?s={search_term_string}"},"query-input":{"@type":"PropertyValueSpecification","valueRequired":true,"valueName":"search_term_string"}}],"inLanguage":"fr-FR"}]}},"_links":{"self":[{"href":"http:\/\/jumelage.org\/francais\/wp-json\/wp\/v2\/pages\/4850","targetHints":{"allow":["GET"]}}],"collection":[{"href":"http:\/\/jumelage.org\/francais\/wp-json\/wp\/v2\/pages"}],"about":[{"href":"http:\/\/jumelage.org\/francais\/wp-json\/wp\/v2\/types\/page"}],"author":[{"embeddable":true,"href":"http:\/\/jumelage.org\/francais\/wp-json\/wp\/v2\/users\/1"}],"replies":[{"embeddable":true,"href":"http:\/\/jumelage.org\/francais\/wp-json\/wp\/v2\/comments?post=4850"}],"version-history":[{"count":1,"href":"http:\/\/jumelage.org\/francais\/wp-json\/wp\/v2\/pages\/4850\/revisions"}],"predecessor-version":[{"id":31062,"href":"http:\/\/jumelage.org\/francais\/wp-json\/wp\/v2\/pages\/4850\/revisions\/31062"}],"up":[{"embeddable":true,"href":"http:\/\/jumelage.org\/francais\/wp-json\/wp\/v2\/pages\/25474"}],"wp:attachment":[{"href":"http:\/\/jumelage.org\/francais\/wp-json\/wp\/v2\/media?parent=4850"}],"curies":[{"name":"wp","href":"https:\/\/api.w.org\/{rel}","templated":true}]}}