{"id":31024,"date":"2022-04-27T18:57:25","date_gmt":"2022-04-27T16:57:25","guid":{"rendered":"http:\/\/jumelage.org\/francais\/?page_id=31024"},"modified":"2022-04-27T22:37:47","modified_gmt":"2022-04-27T20:37:47","slug":"2022-voyage-au-pays-basque-inscription-_-cheque","status":"publish","type":"page","link":"http:\/\/jumelage.org\/francais\/voyages\/2022-voyage-au-pays-basque-inscription\/2022-voyage-au-pays-basque-inscription-_-cheque\/","title":{"rendered":"2022 &#8211; Voyage au Pays basque : Inscription _ Ch\u00e8que"},"content":{"rendered":"<div id=\"pl-31024\"  class=\"panel-layout\" ><div id=\"pg-31024-0\"  class=\"panel-grid panel-has-style\" ><div class=\"siteorigin-panels-stretch panel-row-style panel-row-style-for-31024-0\" style=\"padding: 0px 0; \" data-stretch-type=\"full\" data-overlay=\"true\" data-overlay-color=\"#000000\" ><div id=\"pgc-31024-0-0\"  class=\"panel-grid-cell\" ><div id=\"panel-31024-0-0-0\" class=\"so-panel widget widget_sow-editor panel-first-child panel-last-child\" data-index=\"0\" ><div style=\"text-align: left;\" data-title-color=\"#443f3f\" data-headings-color=\"#443f3f\" class=\"panel-widget-style panel-widget-style-for-31024-0-0-0\" ><div\n\t\t\t\n\t\t\tclass=\"so-widget-sow-editor so-widget-sow-editor-base\"\n\t\t\t\n\t\t>\n<div class=\"siteorigin-widget-tinymce textwidget\">\n\t\n<div class=\"wpcf7 no-js\" id=\"wpcf7-f30990-o1\" lang=\"fr-FR\" dir=\"ltr\" data-wpcf7-id=\"30990\">\n<div class=\"screen-reader-response\"><p role=\"status\" aria-live=\"polite\" aria-atomic=\"true\"><\/p> <ul><\/ul><\/div>\n<form action=\"\/francais\/wp-json\/wp\/v2\/pages\/31024#wpcf7-f30990-o1\" method=\"post\" class=\"wpcf7-form init\" aria-label=\"Formulaire de contact\" novalidate=\"novalidate\" data-status=\"init\">\n<fieldset class=\"hidden-fields-container\"><input type=\"hidden\" name=\"_wpcf7\" value=\"30990\" \/><input type=\"hidden\" name=\"_wpcf7_version\" value=\"6.1.5\" \/><input type=\"hidden\" name=\"_wpcf7_locale\" value=\"fr_FR\" \/><input type=\"hidden\" name=\"_wpcf7_unit_tag\" value=\"wpcf7-f30990-o1\" \/><input type=\"hidden\" name=\"_wpcf7_container_post\" value=\"0\" \/><input type=\"hidden\" name=\"_wpcf7_posted_data_hash\" value=\"\" \/>\n<\/fieldset>\n<div align=center>\n\t<font color=\"#262899\">\n\t<\/font>\n\t<font size=5>\n\t\t<p><b>ASSOCIATION des AMIS du JUMELAGE<br \/>\nSAINT-GERMAIN-EN-LAYE \/ WINCHESTER (MA)<\/b>\n\t\t<\/p>\n\t<\/font>\n\t<div >\n\t\t<p><img decoding=\"async\" src=\"http:\/\/jumelage.org\/francais\/wp-content\/uploads\/2022\/04\/Pays-basque-01.jpg\" \/>\n\t\t<\/p>\n\t<\/div>\n\t<div align=center>\n\t\t<font color=\"#2d8c08\">\n\t\t\t<p><b>\n\t\t\t\t\t<font size=5>Voyage au Pays Basque\n\t\t\t\t\t<\/font><br \/>\n<\/b><b>\n\t\t\t\t\t<font size=4>du Dim 02 au Lun 10 Octobre 2022\n\t\t\t\t\t<\/font><br \/>\n\t\t\t\t\t<font color=\"#262899\">\n\t\t\t\t\t<\/font>\n\t\t\t\t\t<font size=6><b>Inscription<\/b>\n\t\t\t\t\t<\/font><\/b>\n\t\t\t<\/p>\n\t\t<\/font>\n\t<\/div>\n\t<center>\n\t\t<p><span class=\"wpcf7-form-control-wrap\" data-name=\"checkbox-916\"><span class=\"wpcf7-form-control wpcf7-checkbox wpcf7-exclusive-checkbox\"><span class=\"wpcf7-list-item first last\"><input type=\"checkbox\" name=\"checkbox-916\" value=\"Mme \/ Mr\" \/><span class=\"wpcf7-list-item-label\">Mme \/ Mr<\/span><\/span><\/span><\/span><span class=\"wpcf7-form-control-wrap\" data-name=\"checkbox-916\"><span class=\"wpcf7-form-control wpcf7-checkbox wpcf7-exclusive-checkbox\"><span class=\"wpcf7-list-item first last\"><input type=\"checkbox\" name=\"checkbox-916\" value=\"Mme\" \/><span class=\"wpcf7-list-item-label\">Mme<\/span><\/span><\/span><\/span><span class=\"wpcf7-form-control-wrap\" data-name=\"checkbox-916\"><span class=\"wpcf7-form-control wpcf7-checkbox wpcf7-exclusive-checkbox\"><span class=\"wpcf7-list-item first last\"><input type=\"checkbox\" name=\"checkbox-916\" value=\"Mr\" \/><span class=\"wpcf7-list-item-label\">Mr<\/span><\/span><\/span><\/span>\n\t\t<\/p>\n\t\t<p>Votre \/ vos NOM(s) Pr\u00e9nom(s)<br \/>\n<span class=\"wpcf7-form-control-wrap\" data-name=\"your-name1\"><input size=\"40\" maxlength=\"400\" class=\"wpcf7-form-control wpcf7-text wpcf7-validates-as-required\" aria-required=\"true\" aria-invalid=\"false\" value=\"\" type=\"text\" name=\"your-name1\" \/><\/span> \/ <span class=\"wpcf7-form-control-wrap\" data-name=\"your-name2\"><input size=\"40\" maxlength=\"400\" class=\"wpcf7-form-control wpcf7-text\" aria-invalid=\"false\" value=\"\" type=\"text\" name=\"your-name2\" \/><\/span>\n\t\t<\/p>\n\t\t<div align=center>\n\t\t\t<div align=center>\n\t\t\t\t<p>Votre \/ vos e-mail(s) (un obligatoire)<br \/>\n<span class=\"wpcf7-form-control-wrap\" data-name=\"your-email1\"><input size=\"40\" maxlength=\"400\" class=\"wpcf7-form-control wpcf7-email wpcf7-validates-as-required wpcf7-text wpcf7-validates-as-email\" aria-required=\"true\" aria-invalid=\"false\" value=\"\" type=\"email\" name=\"your-email1\" \/><\/span> \/ <span class=\"wpcf7-form-control-wrap\" data-name=\"your-email2\"><input size=\"40\" maxlength=\"400\" class=\"wpcf7-form-control wpcf7-email wpcf7-text wpcf7-validates-as-email\" aria-invalid=\"false\" value=\"\" type=\"email\" name=\"your-email2\" \/><\/span>\n\t\t\t\t<\/p>\n\t\t\t<\/div>\n\t\t\t<div align=center>\n\t\t\t\t<p>Votre \/ vos t\u00e9l\u00e9phone(s) (un obligatoire)<br \/>\n<span class=\"wpcf7-form-control-wrap\" data-name=\"tel1\"><input size=\"40\" maxlength=\"400\" class=\"wpcf7-form-control wpcf7-text wpcf7-validates-as-required\" aria-required=\"true\" aria-invalid=\"false\" value=\"\" type=\"text\" name=\"tel1\" \/><\/span> \/ <span class=\"wpcf7-form-control-wrap\" data-name=\"tel2\"><input size=\"40\" maxlength=\"400\" class=\"wpcf7-form-control wpcf7-text\" aria-invalid=\"false\" value=\"\" type=\"text\" name=\"tel2\" \/><\/span>\n\t\t\t\t<\/p>\n\t\t\t<\/div>\n\t\t\t<div align=center>\n\t\t\t\t<p>Votre adresse (1) obligatoire, et (2) si diff\u00e9rente.<br \/>\n<span class=\"wpcf7-form-control-wrap\" data-name=\"address1\"><textarea cols=\"40\" rows=\"10\" maxlength=\"2000\" class=\"wpcf7-form-control wpcf7-textarea wpcf7-validates-as-required\" aria-required=\"true\" aria-invalid=\"false\" name=\"address1\"><\/textarea><\/span> \/ <span class=\"wpcf7-form-control-wrap\" data-name=\"address2\"><textarea cols=\"40\" rows=\"10\" maxlength=\"2000\" class=\"wpcf7-form-control wpcf7-textarea\" aria-invalid=\"false\" name=\"address2\"><\/textarea><\/span>\n\t\t\t\t<\/p>\n\t\t\t<\/div>\n\t\t\t<div align=left>\n\t\t\t\t<p>S'inscrit \/ s'inscrivent selon la formule suivante :\n\t\t\t\t<\/p>\n\t\t\t\t<p><span class=\"wpcf7-form-control-wrap\" data-name=\"checkbox-761\"><span class=\"wpcf7-form-control wpcf7-checkbox wpcf7-exclusive-checkbox\"><span class=\"wpcf7-list-item first last\"><input type=\"checkbox\" name=\"checkbox-761\" value=\"2 Participants (chambre double : 2 x 1 260 \u20ac) - Acompte :  &nbsp;&nbsp;&nbsp;&nbsp;&nbsp;&nbsp;&nbsp;&nbsp;&nbsp;&nbsp;&nbsp;&nbsp;&nbsp;&nbsp;&nbsp;&nbsp;&nbsp;&nbsp; 1 300 \u20ac\" \/><span class=\"wpcf7-list-item-label\">2 Participants (chambre double : 2 x 1 260 \u20ac) - Acompte :  &nbsp;&nbsp;&nbsp;&nbsp;&nbsp;&nbsp;&nbsp;&nbsp;&nbsp;&nbsp;&nbsp;&nbsp;&nbsp;&nbsp;&nbsp;&nbsp;&nbsp;&nbsp; 1 300 \u20ac<\/span><\/span><\/span><\/span><br \/>\n<span class=\"wpcf7-form-control-wrap\" data-name=\"checkbox-761\"><span class=\"wpcf7-form-control wpcf7-checkbox wpcf7-exclusive-checkbox\"><span class=\"wpcf7-list-item first last\"><input type=\"checkbox\" name=\"checkbox-761\" value=\"1 Participant (chambre double : 1 260 \u20ac) - &nbsp;&nbsp;&nbsp;&nbsp;&nbsp;&nbsp;&nbsp;Acompte : &nbsp;&nbsp;&nbsp;&nbsp;&nbsp;&nbsp;&nbsp;&nbsp;&nbsp;&nbsp;&nbsp;&nbsp;&nbsp;&nbsp;&nbsp;&nbsp;&nbsp;&nbsp;&nbsp;&nbsp;&nbsp;  650 \u20ac\" \/><span class=\"wpcf7-list-item-label\">1 Participant (chambre double : 1 260 \u20ac) - &nbsp;&nbsp;&nbsp;&nbsp;&nbsp;&nbsp;&nbsp;Acompte : &nbsp;&nbsp;&nbsp;&nbsp;&nbsp;&nbsp;&nbsp;&nbsp;&nbsp;&nbsp;&nbsp;&nbsp;&nbsp;&nbsp;&nbsp;&nbsp;&nbsp;&nbsp;&nbsp;&nbsp;&nbsp;  650 \u20ac<\/span><\/span><\/span><\/span><br \/>\n<span class=\"wpcf7-form-control-wrap\" data-name=\"checkbox-761\"><span class=\"wpcf7-form-control wpcf7-checkbox wpcf7-exclusive-checkbox\"><span class=\"wpcf7-list-item first last\"><input type=\"checkbox\" name=\"checkbox-761\" value=\"1 Participant (chambre simple : 1 440 \u20ac) - &nbsp;&nbsp;&nbsp;&nbsp;&nbsp;&nbsp;&nbsp;&nbsp;Acompte :&nbsp;&nbsp;&nbsp;&nbsp;&nbsp;&nbsp;&nbsp;&nbsp;&nbsp;&nbsp;&nbsp;&nbsp;&nbsp;&nbsp;&nbsp;&nbsp;&nbsp;&nbsp;&nbsp;&nbsp;&nbsp;&nbsp; 750 \u20ac\" \/><span class=\"wpcf7-list-item-label\">1 Participant (chambre simple : 1 440 \u20ac) - &nbsp;&nbsp;&nbsp;&nbsp;&nbsp;&nbsp;&nbsp;&nbsp;Acompte :&nbsp;&nbsp;&nbsp;&nbsp;&nbsp;&nbsp;&nbsp;&nbsp;&nbsp;&nbsp;&nbsp;&nbsp;&nbsp;&nbsp;&nbsp;&nbsp;&nbsp;&nbsp;&nbsp;&nbsp;&nbsp;&nbsp; 750 \u20ac<\/span><\/span><\/span><\/span>\n\t\t\t\t<\/p>\n\t\t\t\t<center>Les tarifs incluent : le transport TGV (AR Paris-Bayonne), l'h\u00f4tel, la restauration, le bus local et les visites. \nLe Jumelage a souscrit une Assurance \"annulation\" pour les participants fran\u00e7ais.\n\t\t\t\t\t<p><i>\n\t\t\t\t\t\t\t<font size=3>Les \u00e9ventuels non-adh\u00e9rents au Jumelage se verront appliquer une petite majoration ... tout \u00e0 fait raisonnable.\n\t\t\t\t\t\t\t<\/font><\/i>\n\t\t\t\t\t<\/p>\n\t\t\t\t<\/center>\n\t\t\t\t<p><span class=\"wpcf7-form-control-wrap\" data-name=\"text-446\"><input size=\"40\" maxlength=\"400\" class=\"wpcf7-form-control wpcf7-text\" aria-invalid=\"false\" value=\"Date : .\" type=\"text\" name=\"text-446\" \/><\/span>\n\t\t\t\t<\/p>\n\t\t\t\t<div align=center>\n\t\t\t\t\t<p>_____________________________________________________________________________________\n\t\t\t\t\t<\/p>\n\t\t\t\t<\/div>\n\t\t\t\t<p><b>\n\t\t\t\t\t\t<font size=4><u>Paiement par\n\t\t\t\t\t\t\t\t<font color=\"#ff0000\">Ch\u00e8que, ci-joint\n\t\t\t\t\t\t\t\t<\/font><\/u>\n&nbsp;&nbsp;&nbsp;&nbsp;&nbsp;&nbsp;&nbsp;&nbsp;&nbsp;&nbsp;&nbsp;&nbsp;&nbsp;&nbsp;&nbsp;&nbsp;&nbsp;&nbsp;&nbsp;<u>\u00e9tabli \u00e0 l\u2019ordre de :<\/u>\n\t\t\t\t\t\t<\/font>\n\t\t\t\t\t\t<font color=\"#ff0000\">\n\t\t\t\t\t\t\t<center>Association des Amis du Jumelage Saint-Germain-en-Laye \/ Winchester (MA), <u>\"Pays Basque 2022\"<\/u>\n\t\t\t\t\t\t\t<\/center>\n\t\t\t\t\t\t<\/font><\/b>\n\t\t\t\t<\/p>\n\t\t\t<\/div>\n\t\t<\/div>\n\t<\/center>\n\t<p>&nbsp;&nbsp;&nbsp;&nbsp;&nbsp;&nbsp;&nbsp;&nbsp;&nbsp;&nbsp;&nbsp;&nbsp;&nbsp;&nbsp;&nbsp;&nbsp;&nbsp;&nbsp;&nbsp;<u>et envoy\u00e9, annex\u00e9 \u00e0 une copie renseign\u00e9e de ce bulletin, \u00e0 <\/u> (T\u00e9l. : 06 12 62 05 62) :<br \/>\n\t\t<center>\n\t\t\t<font color=\"#ff0000\">Sylvie BERNARD\nAssociation des Amis du Jumelage Saint-Germain-en-Laye \/ Winchester (MA) \n3, Rue Rouget de Lisle - 78100 SAINT-GERMAIN-EN-LAYE\n\t\t\t<\/font>\n\t\t<\/center>\n\t<\/p>\n\t<p>J'ai bien not\u00e9 que cette inscription sera effective \u00e0 la r\u00e9ception du paiement.\n\t<\/p>\n\t<p><span class=\"wpcf7-form-control-wrap\" data-name=\"consentement\"><span class=\"wpcf7-form-control wpcf7-acceptance\"><span class=\"wpcf7-list-item\"><label><input type=\"checkbox\" name=\"consentement\" value=\"1\" aria-invalid=\"false\" \/><span class=\"wpcf7-list-item-label\"><i>- En cochant cette boite, je consens \u00e0 ce que vous traitiez mes donn\u00e9es personnelles ci-dessus, en conformit\u00e9 avec vos \"R\u00e8gles de Protection des Donn\u00e9es\". \n&nbsp;&nbsp;&nbsp;&nbsp;&nbsp;&nbsp;&nbsp;&nbsp;&nbsp;&nbsp; <font size=1>Cette proc\u00e9dure est requise par la r\u00e9glementation RGPD pour l'envoi de ce message. <\/font size><\/i><\/span><\/label><\/span><\/span><\/span>\n\t<\/p>\n\t<p><input class=\"wpcf7-form-control wpcf7-submit has-spinner\" type=\"submit\" value=\"Envoyer\" \/>\n\t<\/p>\n<\/div><p style=\"display: none !important;\" class=\"akismet-fields-container\" data-prefix=\"_wpcf7_ak_\"><label>&#916;<textarea name=\"_wpcf7_ak_hp_textarea\" cols=\"45\" rows=\"8\" maxlength=\"100\"><\/textarea><\/label><input type=\"hidden\" id=\"ak_js_1\" name=\"_wpcf7_ak_js\" value=\"185\"\/><script type=\"text\/javascript\">\n\/* <![CDATA[ *\/\ndocument.getElementById( \"ak_js_1\" ).setAttribute( \"value\", ( new Date() ).getTime() );\n\/* ]]> *\/\n<\/script>\n<\/p><div class=\"wpcf7-response-output\" aria-hidden=\"true\"><\/div>\n<\/form>\n<\/div>\n\n<p style=\"text-align: center;\"><span style=\"text-decoration: underline; color: #008000;\"><strong><em><a style=\"color: #008000; text-decoration: underline;\" href=\"http:\/\/jumelage.org\/francais\/wp-content\/uploads\/2022\/04\/2022-Bulletin-dInscription-Pays-Basque-_-Cheque.pdf\" target=\"_blank\" rel=\"noopener\">Je t\u00e9l\u00e9charge le bulletin \u00e0 remplir, puis \u00e0 envoyer accompagn\u00e9 du ch\u00e8que.<\/a><\/em><\/strong><\/span><\/p>\n<\/div>\n<\/div><\/div><\/div><\/div><\/div><\/div><\/div>","protected":false},"excerpt":{"rendered":"<p>Je t\u00e9l\u00e9charge le bulletin \u00e0 remplir, puis \u00e0 envoyer accompagn\u00e9 du ch\u00e8que.<\/p>\n","protected":false},"author":1,"featured_media":0,"parent":31004,"menu_order":0,"comment_status":"closed","ping_status":"closed","template":"","meta":{"two_page_speed":[],"footnotes":""},"class_list":["post-31024","page","type-page","status-publish","hentry"],"yoast_head":"<!-- This site is optimized with the Yoast SEO plugin v27.5 - https:\/\/yoast.com\/product\/yoast-seo-wordpress\/ -->\n<title>2022 - Voyage au Pays basque : Inscription _ Ch\u00e8que Jumelage<\/title>\n<meta name=\"robots\" content=\"index, follow, max-snippet:-1, max-image-preview:large, max-video-preview:-1\" \/>\n<link rel=\"canonical\" href=\"http:\/\/jumelage.org\/francais\/voyages\/2022-voyage-au-pays-basque-inscription\/2022-voyage-au-pays-basque-inscription-_-cheque\/\" \/>\n<meta property=\"og:locale\" content=\"fr_FR\" \/>\n<meta property=\"og:type\" content=\"article\" \/>\n<meta property=\"og:title\" content=\"2022 - Voyage au Pays basque : Inscription _ Ch\u00e8que Jumelage\" \/>\n<meta property=\"og:description\" content=\"Je t\u00e9l\u00e9charge le bulletin \u00e0 remplir, puis \u00e0 envoyer accompagn\u00e9 du ch\u00e8que.\" \/>\n<meta property=\"og:url\" content=\"http:\/\/jumelage.org\/francais\/voyages\/2022-voyage-au-pays-basque-inscription\/2022-voyage-au-pays-basque-inscription-_-cheque\/\" \/>\n<meta property=\"og:site_name\" content=\"Jumelage\" \/>\n<meta property=\"article:publisher\" content=\"http:\/\/www.facebook.com\/jumelagew.sgl\/\" \/>\n<meta property=\"article:modified_time\" content=\"2022-04-27T20:37:47+00:00\" \/>\n<meta name=\"twitter:card\" content=\"summary_large_image\" \/>\n<script type=\"application\/ld+json\" class=\"yoast-schema-graph\">{\"@context\":\"https:\\\/\\\/schema.org\",\"@graph\":[{\"@type\":\"WebPage\",\"@id\":\"http:\\\/\\\/jumelage.org\\\/francais\\\/voyages\\\/2022-voyage-au-pays-basque-inscription\\\/2022-voyage-au-pays-basque-inscription-_-cheque\\\/\",\"url\":\"http:\\\/\\\/jumelage.org\\\/francais\\\/voyages\\\/2022-voyage-au-pays-basque-inscription\\\/2022-voyage-au-pays-basque-inscription-_-cheque\\\/\",\"name\":\"2022 - Voyage au Pays basque : Inscription _ Ch\u00e8que Jumelage\",\"isPartOf\":{\"@id\":\"https:\\\/\\\/jumelage.org\\\/francais\\\/#website\"},\"datePublished\":\"2022-04-27T16:57:25+00:00\",\"dateModified\":\"2022-04-27T20:37:47+00:00\",\"breadcrumb\":{\"@id\":\"http:\\\/\\\/jumelage.org\\\/francais\\\/voyages\\\/2022-voyage-au-pays-basque-inscription\\\/2022-voyage-au-pays-basque-inscription-_-cheque\\\/#breadcrumb\"},\"inLanguage\":\"fr-FR\",\"potentialAction\":[{\"@type\":\"ReadAction\",\"target\":[\"http:\\\/\\\/jumelage.org\\\/francais\\\/voyages\\\/2022-voyage-au-pays-basque-inscription\\\/2022-voyage-au-pays-basque-inscription-_-cheque\\\/\"]}]},{\"@type\":\"BreadcrumbList\",\"@id\":\"http:\\\/\\\/jumelage.org\\\/francais\\\/voyages\\\/2022-voyage-au-pays-basque-inscription\\\/2022-voyage-au-pays-basque-inscription-_-cheque\\\/#breadcrumb\",\"itemListElement\":[{\"@type\":\"ListItem\",\"position\":1,\"name\":\"Accueil\",\"item\":\"https:\\\/\\\/jumelage.org\\\/francais\\\/\"},{\"@type\":\"ListItem\",\"position\":2,\"name\":\"Voyages\",\"item\":\"http:\\\/\\\/jumelage.org\\\/francais\\\/voyages\\\/\"},{\"@type\":\"ListItem\",\"position\":3,\"name\":\"2022 Voyage au Pays Basque : Inscription\",\"item\":\"http:\\\/\\\/jumelage.org\\\/francais\\\/voyages\\\/2022-voyage-au-pays-basque-inscription\\\/\"},{\"@type\":\"ListItem\",\"position\":4,\"name\":\"2022 &#8211; Voyage au Pays basque : Inscription _ Ch\u00e8que\"}]},{\"@type\":\"WebSite\",\"@id\":\"https:\\\/\\\/jumelage.org\\\/francais\\\/#website\",\"url\":\"https:\\\/\\\/jumelage.org\\\/francais\\\/\",\"name\":\"Jumelage\",\"description\":\"Saint-Germain-en-Laye &amp; Winchester (MA)\",\"potentialAction\":[{\"@type\":\"SearchAction\",\"target\":{\"@type\":\"EntryPoint\",\"urlTemplate\":\"https:\\\/\\\/jumelage.org\\\/francais\\\/?s={search_term_string}\"},\"query-input\":{\"@type\":\"PropertyValueSpecification\",\"valueRequired\":true,\"valueName\":\"search_term_string\"}}],\"inLanguage\":\"fr-FR\"}]}<\/script>\n<!-- \/ Yoast SEO plugin. -->","yoast_head_json":{"title":"2022 - Voyage au Pays basque : Inscription _ Ch\u00e8que Jumelage","robots":{"index":"index","follow":"follow","max-snippet":"max-snippet:-1","max-image-preview":"max-image-preview:large","max-video-preview":"max-video-preview:-1"},"canonical":"http:\/\/jumelage.org\/francais\/voyages\/2022-voyage-au-pays-basque-inscription\/2022-voyage-au-pays-basque-inscription-_-cheque\/","og_locale":"fr_FR","og_type":"article","og_title":"2022 - Voyage au Pays basque : Inscription _ Ch\u00e8que Jumelage","og_description":"Je t\u00e9l\u00e9charge le bulletin \u00e0 remplir, puis \u00e0 envoyer accompagn\u00e9 du ch\u00e8que.","og_url":"http:\/\/jumelage.org\/francais\/voyages\/2022-voyage-au-pays-basque-inscription\/2022-voyage-au-pays-basque-inscription-_-cheque\/","og_site_name":"Jumelage","article_publisher":"http:\/\/www.facebook.com\/jumelagew.sgl\/","article_modified_time":"2022-04-27T20:37:47+00:00","twitter_card":"summary_large_image","schema":{"@context":"https:\/\/schema.org","@graph":[{"@type":"WebPage","@id":"http:\/\/jumelage.org\/francais\/voyages\/2022-voyage-au-pays-basque-inscription\/2022-voyage-au-pays-basque-inscription-_-cheque\/","url":"http:\/\/jumelage.org\/francais\/voyages\/2022-voyage-au-pays-basque-inscription\/2022-voyage-au-pays-basque-inscription-_-cheque\/","name":"2022 - Voyage au Pays basque : Inscription _ Ch\u00e8que Jumelage","isPartOf":{"@id":"https:\/\/jumelage.org\/francais\/#website"},"datePublished":"2022-04-27T16:57:25+00:00","dateModified":"2022-04-27T20:37:47+00:00","breadcrumb":{"@id":"http:\/\/jumelage.org\/francais\/voyages\/2022-voyage-au-pays-basque-inscription\/2022-voyage-au-pays-basque-inscription-_-cheque\/#breadcrumb"},"inLanguage":"fr-FR","potentialAction":[{"@type":"ReadAction","target":["http:\/\/jumelage.org\/francais\/voyages\/2022-voyage-au-pays-basque-inscription\/2022-voyage-au-pays-basque-inscription-_-cheque\/"]}]},{"@type":"BreadcrumbList","@id":"http:\/\/jumelage.org\/francais\/voyages\/2022-voyage-au-pays-basque-inscription\/2022-voyage-au-pays-basque-inscription-_-cheque\/#breadcrumb","itemListElement":[{"@type":"ListItem","position":1,"name":"Accueil","item":"https:\/\/jumelage.org\/francais\/"},{"@type":"ListItem","position":2,"name":"Voyages","item":"http:\/\/jumelage.org\/francais\/voyages\/"},{"@type":"ListItem","position":3,"name":"2022 Voyage au Pays Basque : Inscription","item":"http:\/\/jumelage.org\/francais\/voyages\/2022-voyage-au-pays-basque-inscription\/"},{"@type":"ListItem","position":4,"name":"2022 &#8211; Voyage au Pays basque : Inscription _ Ch\u00e8que"}]},{"@type":"WebSite","@id":"https:\/\/jumelage.org\/francais\/#website","url":"https:\/\/jumelage.org\/francais\/","name":"Jumelage","description":"Saint-Germain-en-Laye &amp; Winchester (MA)","potentialAction":[{"@type":"SearchAction","target":{"@type":"EntryPoint","urlTemplate":"https:\/\/jumelage.org\/francais\/?s={search_term_string}"},"query-input":{"@type":"PropertyValueSpecification","valueRequired":true,"valueName":"search_term_string"}}],"inLanguage":"fr-FR"}]}},"_links":{"self":[{"href":"http:\/\/jumelage.org\/francais\/wp-json\/wp\/v2\/pages\/31024","targetHints":{"allow":["GET"]}}],"collection":[{"href":"http:\/\/jumelage.org\/francais\/wp-json\/wp\/v2\/pages"}],"about":[{"href":"http:\/\/jumelage.org\/francais\/wp-json\/wp\/v2\/types\/page"}],"author":[{"embeddable":true,"href":"http:\/\/jumelage.org\/francais\/wp-json\/wp\/v2\/users\/1"}],"replies":[{"embeddable":true,"href":"http:\/\/jumelage.org\/francais\/wp-json\/wp\/v2\/comments?post=31024"}],"version-history":[{"count":7,"href":"http:\/\/jumelage.org\/francais\/wp-json\/wp\/v2\/pages\/31024\/revisions"}],"predecessor-version":[{"id":31058,"href":"http:\/\/jumelage.org\/francais\/wp-json\/wp\/v2\/pages\/31024\/revisions\/31058"}],"up":[{"embeddable":true,"href":"http:\/\/jumelage.org\/francais\/wp-json\/wp\/v2\/pages\/31004"}],"wp:attachment":[{"href":"http:\/\/jumelage.org\/francais\/wp-json\/wp\/v2\/media?parent=31024"}],"curies":[{"name":"wp","href":"https:\/\/api.w.org\/{rel}","templated":true}]}}