{"id":31004,"date":"2022-04-27T18:40:25","date_gmt":"2022-04-27T16:40:25","guid":{"rendered":"http:\/\/jumelage.org\/francais\/?page_id=31004"},"modified":"2022-04-27T19:01:37","modified_gmt":"2022-04-27T17:01:37","slug":"2022-voyage-au-pays-basque-inscription","status":"publish","type":"page","link":"http:\/\/jumelage.org\/francais\/voyages\/2022-voyage-au-pays-basque-inscription\/","title":{"rendered":"2022 Voyage au Pays Basque : Inscription"},"content":{"rendered":"<div id=\"pl-31004\"  class=\"panel-layout\" ><div id=\"pg-31004-0\"  class=\"panel-grid panel-has-style\" ><div style=\"padding: 10px 0; \" data-overlay=\"true\" data-overlay-color=\"#000000\" class=\"panel-row-style panel-row-style-for-31004-0\" ><div id=\"pgc-31004-0-0\"  class=\"panel-grid-cell\" ><div id=\"panel-31004-0-0-0\" class=\"so-panel widget widget_sow-button panel-first-child panel-last-child\" data-index=\"0\" ><div style=\"text-align: center;\" data-title-color=\"#443f3f\" data-headings-color=\"#443f3f\" class=\"panel-widget-style panel-widget-style-for-31004-0-0-0\" ><div\n\t\t\t\n\t\t\tclass=\"so-widget-sow-button so-widget-sow-button-atom-d4c711c3ddb5-31004\"\n\t\t\t\n\t\t><div class=\"ow-button-base ow-button-align-center\"\n>\n\t\t\t<a\n\t\t\t\t\thref=\"http:\/\/jumelage.org\/francais\/2022-voyage-au-pays-basque-inscription-_-virement\/\"\n\t\t\t\t\tclass=\"sowb-button ow-icon-placement-left ow-button-hover\" target=\"_blank\" rel=\"noopener noreferrer\" \t>\n\t\t<span>\n\t\t\t\n\t\t\tJe m'inscris en ligne, puis je paie par VIREMENT BANCAIRE (notre pr\u00e9f\u00e9rence)\t\t<\/span>\n\t\t\t<\/a>\n\t<\/div>\n<\/div><\/div><\/div><\/div><\/div><\/div><div id=\"pg-31004-1\"  class=\"panel-grid panel-has-style\" ><div style=\"padding: 25px 0; \" data-overlay=\"true\" data-overlay-color=\"#000000\" class=\"panel-row-style panel-row-style-for-31004-1\" ><div id=\"pgc-31004-1-0\"  class=\"panel-grid-cell panel-grid-cell-empty\" ><\/div><\/div><\/div><div id=\"pg-31004-2\"  class=\"panel-grid panel-has-style\" ><div style=\"padding: 10px 0; \" data-overlay=\"true\" data-overlay-color=\"#000000\" class=\"panel-row-style panel-row-style-for-31004-2\" ><div id=\"pgc-31004-2-0\"  class=\"panel-grid-cell\" ><div id=\"panel-31004-2-0-0\" class=\"so-panel widget widget_sow-button panel-first-child panel-last-child\" data-index=\"1\" ><div style=\"text-align: center;\" data-title-color=\"#443f3f\" data-headings-color=\"#443f3f\" class=\"panel-widget-style panel-widget-style-for-31004-2-0-0\" ><div\n\t\t\t\n\t\t\tclass=\"so-widget-sow-button so-widget-sow-button-atom-437ae7f35f86-31004\"\n\t\t\t\n\t\t><div class=\"ow-button-base ow-button-align-center\"\n>\n\t\t\t<a\n\t\t\t\t\thref=\"http:\/\/jumelage.org\/francais\/2022-voyage-au-pays-basque-inscription-_-carte-bancaire\/\"\n\t\t\t\t\tclass=\"sowb-button ow-icon-placement-left ow-button-hover\" target=\"_blank\" rel=\"noopener noreferrer\" \t>\n\t\t<span>\n\t\t\t\n\t\t\tJe m'inscris en ligne, puis je paie par CARTE BANCAIRE, via HelloAsso.\t\t<\/span>\n\t\t\t<\/a>\n\t<\/div>\n<\/div><\/div><\/div><\/div><\/div><\/div><div id=\"pg-31004-3\"  class=\"panel-grid panel-has-style\" ><div style=\"padding: 25px 0; \" data-overlay=\"true\" data-overlay-color=\"#000000\" class=\"panel-row-style panel-row-style-for-31004-3\" ><div id=\"pgc-31004-3-0\"  class=\"panel-grid-cell panel-grid-cell-empty\" ><\/div><\/div><\/div><div id=\"pg-31004-4\"  class=\"panel-grid panel-has-style\" ><div class=\"mob-pad-0 panel-row-style panel-row-style-for-31004-4\" style=\"padding: 10px 0; \" data-overlay=\"true\" data-overlay-color=\"#000000\" ><div id=\"pgc-31004-4-0\"  class=\"panel-grid-cell\" ><div id=\"panel-31004-4-0-0\" class=\"so-panel widget widget_sow-button panel-first-child panel-last-child\" data-index=\"2\" ><div style=\"text-align: center;\" data-title-color=\"#443f3f\" data-headings-color=\"#443f3f\" class=\"panel-widget-style panel-widget-style-for-31004-4-0-0\" ><div\n\t\t\t\n\t\t\tclass=\"so-widget-sow-button so-widget-sow-button-atom-96da1a1fc910-31004\"\n\t\t\t\n\t\t><div class=\"ow-button-base ow-button-align-center\"\n>\n\t\t\t<a\n\t\t\t\t\thref=\"http:\/\/jumelage.org\/francais\/2022-voyage-au-pays-basque-inscription-_-cheque\/\"\n\t\t\t\t\tclass=\"sowb-button ow-icon-placement-left ow-button-hover\" target=\"_blank\" rel=\"noopener noreferrer\" \t>\n\t\t<span>\n\t\t\t\n\t\t\tJe m'inscris en ligne, puis je paie par Ch\u00e8que -options \u00e0 \u00e9viter-\t\t<\/span>\n\t\t\t<\/a>\n\t<\/div>\n<\/div><\/div><\/div><\/div><\/div><\/div><\/div>","protected":false},"excerpt":{"rendered":"<p>Je m&rsquo;inscris en ligne, puis je paie par VIREMENT BANCAIRE (notre pr\u00e9f\u00e9rence) Je m&rsquo;inscris en ligne, puis je paie par CARTE BANCAIRE, via HelloAsso. Je [&hellip;]<\/p>\n","protected":false},"author":1,"featured_media":0,"parent":54,"menu_order":0,"comment_status":"closed","ping_status":"closed","template":"","meta":{"two_page_speed":[],"footnotes":""},"class_list":["post-31004","page","type-page","status-publish","hentry"],"yoast_head":"<!-- This site is optimized with the Yoast SEO plugin v27.5 - https:\/\/yoast.com\/product\/yoast-seo-wordpress\/ -->\n<title>2022 Voyage au Pays Basque : Inscription Jumelage<\/title>\n<meta name=\"robots\" content=\"index, follow, max-snippet:-1, max-image-preview:large, max-video-preview:-1\" \/>\n<link rel=\"canonical\" href=\"http:\/\/jumelage.org\/francais\/voyages\/2022-voyage-au-pays-basque-inscription\/\" \/>\n<meta property=\"og:locale\" content=\"fr_FR\" \/>\n<meta property=\"og:type\" content=\"article\" \/>\n<meta property=\"og:title\" content=\"2022 Voyage au Pays Basque : Inscription Jumelage\" \/>\n<meta property=\"og:description\" content=\"Je m&#039;inscris en ligne, puis je paie par VIREMENT BANCAIRE (notre pr\u00e9f\u00e9rence) Je m&#039;inscris en ligne, puis je paie par CARTE BANCAIRE, via HelloAsso. Je [&hellip;]\" \/>\n<meta property=\"og:url\" content=\"http:\/\/jumelage.org\/francais\/voyages\/2022-voyage-au-pays-basque-inscription\/\" \/>\n<meta property=\"og:site_name\" content=\"Jumelage\" \/>\n<meta property=\"article:publisher\" content=\"http:\/\/www.facebook.com\/jumelagew.sgl\/\" \/>\n<meta property=\"article:modified_time\" content=\"2022-04-27T17:01:37+00:00\" \/>\n<meta name=\"twitter:card\" content=\"summary_large_image\" \/>\n<meta name=\"twitter:label1\" content=\"Dur\u00e9e de lecture estim\u00e9e\" \/>\n\t<meta name=\"twitter:data1\" content=\"1 minute\" \/>\n<script type=\"application\/ld+json\" class=\"yoast-schema-graph\">{\"@context\":\"https:\\\/\\\/schema.org\",\"@graph\":[{\"@type\":\"WebPage\",\"@id\":\"http:\\\/\\\/jumelage.org\\\/francais\\\/voyages\\\/2022-voyage-au-pays-basque-inscription\\\/\",\"url\":\"http:\\\/\\\/jumelage.org\\\/francais\\\/voyages\\\/2022-voyage-au-pays-basque-inscription\\\/\",\"name\":\"2022 Voyage au Pays Basque : Inscription Jumelage\",\"isPartOf\":{\"@id\":\"https:\\\/\\\/jumelage.org\\\/francais\\\/#website\"},\"datePublished\":\"2022-04-27T16:40:25+00:00\",\"dateModified\":\"2022-04-27T17:01:37+00:00\",\"breadcrumb\":{\"@id\":\"http:\\\/\\\/jumelage.org\\\/francais\\\/voyages\\\/2022-voyage-au-pays-basque-inscription\\\/#breadcrumb\"},\"inLanguage\":\"fr-FR\",\"potentialAction\":[{\"@type\":\"ReadAction\",\"target\":[\"http:\\\/\\\/jumelage.org\\\/francais\\\/voyages\\\/2022-voyage-au-pays-basque-inscription\\\/\"]}]},{\"@type\":\"BreadcrumbList\",\"@id\":\"http:\\\/\\\/jumelage.org\\\/francais\\\/voyages\\\/2022-voyage-au-pays-basque-inscription\\\/#breadcrumb\",\"itemListElement\":[{\"@type\":\"ListItem\",\"position\":1,\"name\":\"Accueil\",\"item\":\"https:\\\/\\\/jumelage.org\\\/francais\\\/\"},{\"@type\":\"ListItem\",\"position\":2,\"name\":\"Voyages\",\"item\":\"http:\\\/\\\/jumelage.org\\\/francais\\\/voyages\\\/\"},{\"@type\":\"ListItem\",\"position\":3,\"name\":\"2022 Voyage au Pays Basque : Inscription\"}]},{\"@type\":\"WebSite\",\"@id\":\"https:\\\/\\\/jumelage.org\\\/francais\\\/#website\",\"url\":\"https:\\\/\\\/jumelage.org\\\/francais\\\/\",\"name\":\"Jumelage\",\"description\":\"Saint-Germain-en-Laye &amp; Winchester (MA)\",\"potentialAction\":[{\"@type\":\"SearchAction\",\"target\":{\"@type\":\"EntryPoint\",\"urlTemplate\":\"https:\\\/\\\/jumelage.org\\\/francais\\\/?s={search_term_string}\"},\"query-input\":{\"@type\":\"PropertyValueSpecification\",\"valueRequired\":true,\"valueName\":\"search_term_string\"}}],\"inLanguage\":\"fr-FR\"}]}<\/script>\n<!-- \/ Yoast SEO plugin. -->","yoast_head_json":{"title":"2022 Voyage au Pays Basque : Inscription Jumelage","robots":{"index":"index","follow":"follow","max-snippet":"max-snippet:-1","max-image-preview":"max-image-preview:large","max-video-preview":"max-video-preview:-1"},"canonical":"http:\/\/jumelage.org\/francais\/voyages\/2022-voyage-au-pays-basque-inscription\/","og_locale":"fr_FR","og_type":"article","og_title":"2022 Voyage au Pays Basque : Inscription Jumelage","og_description":"Je m'inscris en ligne, puis je paie par VIREMENT BANCAIRE (notre pr\u00e9f\u00e9rence) Je m'inscris en ligne, puis je paie par CARTE BANCAIRE, via HelloAsso. Je [&hellip;]","og_url":"http:\/\/jumelage.org\/francais\/voyages\/2022-voyage-au-pays-basque-inscription\/","og_site_name":"Jumelage","article_publisher":"http:\/\/www.facebook.com\/jumelagew.sgl\/","article_modified_time":"2022-04-27T17:01:37+00:00","twitter_card":"summary_large_image","twitter_misc":{"Dur\u00e9e de lecture estim\u00e9e":"1 minute"},"schema":{"@context":"https:\/\/schema.org","@graph":[{"@type":"WebPage","@id":"http:\/\/jumelage.org\/francais\/voyages\/2022-voyage-au-pays-basque-inscription\/","url":"http:\/\/jumelage.org\/francais\/voyages\/2022-voyage-au-pays-basque-inscription\/","name":"2022 Voyage au Pays Basque : Inscription Jumelage","isPartOf":{"@id":"https:\/\/jumelage.org\/francais\/#website"},"datePublished":"2022-04-27T16:40:25+00:00","dateModified":"2022-04-27T17:01:37+00:00","breadcrumb":{"@id":"http:\/\/jumelage.org\/francais\/voyages\/2022-voyage-au-pays-basque-inscription\/#breadcrumb"},"inLanguage":"fr-FR","potentialAction":[{"@type":"ReadAction","target":["http:\/\/jumelage.org\/francais\/voyages\/2022-voyage-au-pays-basque-inscription\/"]}]},{"@type":"BreadcrumbList","@id":"http:\/\/jumelage.org\/francais\/voyages\/2022-voyage-au-pays-basque-inscription\/#breadcrumb","itemListElement":[{"@type":"ListItem","position":1,"name":"Accueil","item":"https:\/\/jumelage.org\/francais\/"},{"@type":"ListItem","position":2,"name":"Voyages","item":"http:\/\/jumelage.org\/francais\/voyages\/"},{"@type":"ListItem","position":3,"name":"2022 Voyage au Pays Basque : Inscription"}]},{"@type":"WebSite","@id":"https:\/\/jumelage.org\/francais\/#website","url":"https:\/\/jumelage.org\/francais\/","name":"Jumelage","description":"Saint-Germain-en-Laye &amp; Winchester (MA)","potentialAction":[{"@type":"SearchAction","target":{"@type":"EntryPoint","urlTemplate":"https:\/\/jumelage.org\/francais\/?s={search_term_string}"},"query-input":{"@type":"PropertyValueSpecification","valueRequired":true,"valueName":"search_term_string"}}],"inLanguage":"fr-FR"}]}},"_links":{"self":[{"href":"http:\/\/jumelage.org\/francais\/wp-json\/wp\/v2\/pages\/31004","targetHints":{"allow":["GET"]}}],"collection":[{"href":"http:\/\/jumelage.org\/francais\/wp-json\/wp\/v2\/pages"}],"about":[{"href":"http:\/\/jumelage.org\/francais\/wp-json\/wp\/v2\/types\/page"}],"author":[{"embeddable":true,"href":"http:\/\/jumelage.org\/francais\/wp-json\/wp\/v2\/users\/1"}],"replies":[{"embeddable":true,"href":"http:\/\/jumelage.org\/francais\/wp-json\/wp\/v2\/comments?post=31004"}],"version-history":[{"count":19,"href":"http:\/\/jumelage.org\/francais\/wp-json\/wp\/v2\/pages\/31004\/revisions"}],"predecessor-version":[{"id":31007,"href":"http:\/\/jumelage.org\/francais\/wp-json\/wp\/v2\/pages\/31004\/revisions\/31007"}],"up":[{"embeddable":true,"href":"http:\/\/jumelage.org\/francais\/wp-json\/wp\/v2\/pages\/54"}],"wp:attachment":[{"href":"http:\/\/jumelage.org\/francais\/wp-json\/wp\/v2\/media?parent=31004"}],"curies":[{"name":"wp","href":"https:\/\/api.w.org\/{rel}","templated":true}]}}