{"id":30940,"date":"2022-04-25T21:10:21","date_gmt":"2022-04-25T19:10:21","guid":{"rendered":"http:\/\/jumelage.org\/francais\/?page_id=30940"},"modified":"2025-12-29T11:09:17","modified_gmt":"2025-12-29T10:09:17","slug":"se-rendre-aux-usa","status":"publish","type":"page","link":"http:\/\/jumelage.org\/francais\/accueil\/se-rendre-aux-usa\/","title":{"rendered":"Se rendre aux USA"},"content":{"rendered":"<div id=\"pl-30940\"  class=\"panel-layout\" ><div id=\"pg-30940-0\"  class=\"panel-grid panel-has-style\" ><div style=\"padding: 0px 0; \" data-overlay=\"true\" data-overlay-color=\"#000000\" class=\"panel-row-style panel-row-style-for-30940-0\" ><div id=\"pgc-30940-0-0\"  class=\"panel-grid-cell\" ><div id=\"panel-30940-0-0-0\" class=\"so-panel widget widget_sow-button panel-first-child panel-last-child\" data-index=\"0\" ><div style=\"text-align: left;\" data-title-color=\"#443f3f\" data-headings-color=\"#443f3f\" class=\"panel-widget-style panel-widget-style-for-30940-0-0-0\" ><div\n\t\t\t\n\t\t\tclass=\"so-widget-sow-button so-widget-sow-button-atom-477d6f6f9a2f-30940\"\n\t\t\t\n\t\t><div class=\"ow-button-base ow-button-align-center\"\n>\n\t\t\t<a\n\t\t\t\t\thref=\"https:\/\/www.service-public.fr\/particuliers\/vosdroits\/F14079\"\n\t\t\t\t\tclass=\"sowb-button ow-icon-placement-left\" target=\"_blank\" rel=\"noopener noreferrer\" \t>\n\t\t<span>\n\t\t\t<span class=\"sow-icon-fontawesome sow-fas\" data-sow-icon=\"&#xf138;\"\n\t\tstyle=\"color: #2d8c08\" \n\t\taria-hidden=\"true\"><\/span>\n\t\t\tSe rendre aux USA : Formalit\u00e9s (passeport, ESTA, visa...) ?\t\t<\/span>\n\t\t\t<\/a>\n\t<\/div>\n<\/div><\/div><\/div><\/div><\/div><\/div><div id=\"pg-30940-1\"  class=\"panel-grid panel-has-style\" ><div style=\"padding: 0px 0; \" data-overlay=\"true\" data-overlay-color=\"#000000\" class=\"panel-row-style panel-row-style-for-30940-1\" ><div id=\"pgc-30940-1-0\"  class=\"panel-grid-cell\" ><div id=\"panel-30940-1-0-0\" class=\"so-panel widget widget_sow-button panel-first-child panel-last-child\" data-index=\"1\" ><div style=\"text-align: left;\" data-title-color=\"#443f3f\" data-headings-color=\"#443f3f\" class=\"panel-widget-style panel-widget-style-for-30940-1-0-0\" ><div\n\t\t\t\n\t\t\tclass=\"so-widget-sow-button so-widget-sow-button-atom-477d6f6f9a2f-30940\"\n\t\t\t\n\t\t><div class=\"ow-button-base ow-button-align-center\"\n>\n\t\t\t<a\n\t\t\t\t\thref=\"https:\/\/esta.cbp.dhs.gov\/\"\n\t\t\t\t\tclass=\"sowb-button ow-icon-placement-left\" target=\"_blank\" rel=\"noopener noreferrer\" \t>\n\t\t<span>\n\t\t\t<span class=\"sow-icon-fontawesome sow-fas\" data-sow-icon=\"&#xf138;\"\n\t\tstyle=\"color: #2d8c08\" \n\t\taria-hidden=\"true\"><\/span>\n\t\t\tSe rendre aux USA : ESTA : Site officiel @ 40$. (Si sup\u00e9rieur \u00e0 40$, attention site marchand)- demande et information\t\t<\/span>\n\t\t\t<\/a>\n\t<\/div>\n<\/div><\/div><\/div><\/div><\/div><\/div><div id=\"pg-30940-2\"  class=\"panel-grid panel-has-style\" ><div style=\"padding: 0px 0; \" data-overlay=\"true\" data-overlay-color=\"#000000\" class=\"panel-row-style panel-row-style-for-30940-2\" ><div id=\"pgc-30940-2-0\"  class=\"panel-grid-cell\" ><div id=\"panel-30940-2-0-0\" class=\"so-panel widget widget_sow-button panel-first-child panel-last-child\" data-index=\"2\" ><div style=\"text-align: left;\" data-title-color=\"#443f3f\" data-headings-color=\"#443f3f\" class=\"panel-widget-style panel-widget-style-for-30940-2-0-0\" ><div\n\t\t\t\n\t\t\tclass=\"so-widget-sow-button so-widget-sow-button-atom-9c61ab0aa2e0-30940\"\n\t\t\t\n\t\t><div class=\"ow-button-base ow-button-align-center\"\n>\n\t\t\t<a\n\t\t\t\t\thref=\"https:\/\/fr.usembassy.gov\/fr\/passports-fr\/faq-passports-fr\/?_ga=2.3110960.1654257526.1732482141-572523552.1732482141\"\n\t\t\t\t\tclass=\"sowb-button ow-icon-placement-left\" target=\"_blank\" rel=\"noopener noreferrer\" \t>\n\t\t<span>\n\t\t\t<span class=\"sow-icon-fontawesome sow-fas\" data-sow-icon=\"&#xf138;\"\n\t\tstyle=\"color: #2d8c08\" \n\t\taria-hidden=\"true\"><\/span>\n\t\t\tSe rendre aux USA : Passeports FAQ\t\t<\/span>\n\t\t\t<\/a>\n\t<\/div>\n<\/div><\/div><\/div><\/div><\/div><\/div><\/div>","protected":false},"excerpt":{"rendered":"<p>Se rendre aux USA : Formalit\u00e9s (passeport, ESTA, visa&#8230;) ? Se rendre aux USA : ESTA : Site officiel @ 40$. (Si sup\u00e9rieur \u00e0 40$, [&hellip;]<\/p>\n","protected":false},"author":1,"featured_media":0,"parent":25474,"menu_order":0,"comment_status":"closed","ping_status":"closed","template":"page-templates\/page_fullwidth.php","meta":{"two_page_speed":[],"footnotes":""},"class_list":["post-30940","page","type-page","status-publish","hentry"],"yoast_head":"<!-- This site is optimized with the Yoast SEO plugin v27.3 - https:\/\/yoast.com\/product\/yoast-seo-wordpress\/ -->\n<title>Se rendre aux USA Jumelage<\/title>\n<meta name=\"robots\" content=\"index, follow, max-snippet:-1, max-image-preview:large, max-video-preview:-1\" \/>\n<link rel=\"canonical\" href=\"http:\/\/jumelage.org\/francais\/accueil\/se-rendre-aux-usa\/\" \/>\n<meta property=\"og:locale\" content=\"fr_FR\" \/>\n<meta property=\"og:type\" content=\"article\" \/>\n<meta property=\"og:title\" content=\"Se rendre aux USA Jumelage\" \/>\n<meta property=\"og:description\" content=\"Se rendre aux USA : Formalit\u00e9s (passeport, ESTA, visa...) ? Se rendre aux USA : ESTA : Site officiel @ 40$. (Si sup\u00e9rieur \u00e0 40$, [&hellip;]\" \/>\n<meta property=\"og:url\" content=\"http:\/\/jumelage.org\/francais\/accueil\/se-rendre-aux-usa\/\" \/>\n<meta property=\"og:site_name\" content=\"Jumelage\" \/>\n<meta property=\"article:publisher\" content=\"http:\/\/www.facebook.com\/jumelagew.sgl\/\" \/>\n<meta property=\"article:modified_time\" content=\"2025-12-29T10:09:17+00:00\" \/>\n<meta name=\"twitter:card\" content=\"summary_large_image\" \/>\n<meta name=\"twitter:label1\" content=\"Dur\u00e9e de lecture estim\u00e9e\" \/>\n\t<meta name=\"twitter:data1\" content=\"1 minute\" \/>\n<script type=\"application\/ld+json\" class=\"yoast-schema-graph\">{\"@context\":\"https:\\\/\\\/schema.org\",\"@graph\":[{\"@type\":\"WebPage\",\"@id\":\"http:\\\/\\\/jumelage.org\\\/francais\\\/accueil\\\/se-rendre-aux-usa\\\/\",\"url\":\"http:\\\/\\\/jumelage.org\\\/francais\\\/accueil\\\/se-rendre-aux-usa\\\/\",\"name\":\"Se rendre aux USA Jumelage\",\"isPartOf\":{\"@id\":\"https:\\\/\\\/jumelage.org\\\/francais\\\/#website\"},\"datePublished\":\"2022-04-25T19:10:21+00:00\",\"dateModified\":\"2025-12-29T10:09:17+00:00\",\"breadcrumb\":{\"@id\":\"http:\\\/\\\/jumelage.org\\\/francais\\\/accueil\\\/se-rendre-aux-usa\\\/#breadcrumb\"},\"inLanguage\":\"fr-FR\",\"potentialAction\":[{\"@type\":\"ReadAction\",\"target\":[\"http:\\\/\\\/jumelage.org\\\/francais\\\/accueil\\\/se-rendre-aux-usa\\\/\"]}]},{\"@type\":\"BreadcrumbList\",\"@id\":\"http:\\\/\\\/jumelage.org\\\/francais\\\/accueil\\\/se-rendre-aux-usa\\\/#breadcrumb\",\"itemListElement\":[{\"@type\":\"ListItem\",\"position\":1,\"name\":\"Accueil\",\"item\":\"http:\\\/\\\/jumelage.org\\\/francais\\\/\"},{\"@type\":\"ListItem\",\"position\":2,\"name\":\"Accueil\",\"item\":\"http:\\\/\\\/jumelage.org\\\/francais\\\/\"},{\"@type\":\"ListItem\",\"position\":3,\"name\":\"Se rendre aux USA\"}]},{\"@type\":\"WebSite\",\"@id\":\"https:\\\/\\\/jumelage.org\\\/francais\\\/#website\",\"url\":\"https:\\\/\\\/jumelage.org\\\/francais\\\/\",\"name\":\"Jumelage\",\"description\":\"Saint-Germain-en-Laye &amp; Winchester (MA)\",\"potentialAction\":[{\"@type\":\"SearchAction\",\"target\":{\"@type\":\"EntryPoint\",\"urlTemplate\":\"https:\\\/\\\/jumelage.org\\\/francais\\\/?s={search_term_string}\"},\"query-input\":{\"@type\":\"PropertyValueSpecification\",\"valueRequired\":true,\"valueName\":\"search_term_string\"}}],\"inLanguage\":\"fr-FR\"}]}<\/script>\n<!-- \/ Yoast SEO plugin. -->","yoast_head_json":{"title":"Se rendre aux USA Jumelage","robots":{"index":"index","follow":"follow","max-snippet":"max-snippet:-1","max-image-preview":"max-image-preview:large","max-video-preview":"max-video-preview:-1"},"canonical":"http:\/\/jumelage.org\/francais\/accueil\/se-rendre-aux-usa\/","og_locale":"fr_FR","og_type":"article","og_title":"Se rendre aux USA Jumelage","og_description":"Se rendre aux USA : Formalit\u00e9s (passeport, ESTA, visa...) ? Se rendre aux USA : ESTA : Site officiel @ 40$. (Si sup\u00e9rieur \u00e0 40$, [&hellip;]","og_url":"http:\/\/jumelage.org\/francais\/accueil\/se-rendre-aux-usa\/","og_site_name":"Jumelage","article_publisher":"http:\/\/www.facebook.com\/jumelagew.sgl\/","article_modified_time":"2025-12-29T10:09:17+00:00","twitter_card":"summary_large_image","twitter_misc":{"Dur\u00e9e de lecture estim\u00e9e":"1 minute"},"schema":{"@context":"https:\/\/schema.org","@graph":[{"@type":"WebPage","@id":"http:\/\/jumelage.org\/francais\/accueil\/se-rendre-aux-usa\/","url":"http:\/\/jumelage.org\/francais\/accueil\/se-rendre-aux-usa\/","name":"Se rendre aux USA Jumelage","isPartOf":{"@id":"https:\/\/jumelage.org\/francais\/#website"},"datePublished":"2022-04-25T19:10:21+00:00","dateModified":"2025-12-29T10:09:17+00:00","breadcrumb":{"@id":"http:\/\/jumelage.org\/francais\/accueil\/se-rendre-aux-usa\/#breadcrumb"},"inLanguage":"fr-FR","potentialAction":[{"@type":"ReadAction","target":["http:\/\/jumelage.org\/francais\/accueil\/se-rendre-aux-usa\/"]}]},{"@type":"BreadcrumbList","@id":"http:\/\/jumelage.org\/francais\/accueil\/se-rendre-aux-usa\/#breadcrumb","itemListElement":[{"@type":"ListItem","position":1,"name":"Accueil","item":"http:\/\/jumelage.org\/francais\/"},{"@type":"ListItem","position":2,"name":"Accueil","item":"http:\/\/jumelage.org\/francais\/"},{"@type":"ListItem","position":3,"name":"Se rendre aux USA"}]},{"@type":"WebSite","@id":"https:\/\/jumelage.org\/francais\/#website","url":"https:\/\/jumelage.org\/francais\/","name":"Jumelage","description":"Saint-Germain-en-Laye &amp; Winchester (MA)","potentialAction":[{"@type":"SearchAction","target":{"@type":"EntryPoint","urlTemplate":"https:\/\/jumelage.org\/francais\/?s={search_term_string}"},"query-input":{"@type":"PropertyValueSpecification","valueRequired":true,"valueName":"search_term_string"}}],"inLanguage":"fr-FR"}]}},"_links":{"self":[{"href":"http:\/\/jumelage.org\/francais\/wp-json\/wp\/v2\/pages\/30940","targetHints":{"allow":["GET"]}}],"collection":[{"href":"http:\/\/jumelage.org\/francais\/wp-json\/wp\/v2\/pages"}],"about":[{"href":"http:\/\/jumelage.org\/francais\/wp-json\/wp\/v2\/types\/page"}],"author":[{"embeddable":true,"href":"http:\/\/jumelage.org\/francais\/wp-json\/wp\/v2\/users\/1"}],"replies":[{"embeddable":true,"href":"http:\/\/jumelage.org\/francais\/wp-json\/wp\/v2\/comments?post=30940"}],"version-history":[{"count":17,"href":"http:\/\/jumelage.org\/francais\/wp-json\/wp\/v2\/pages\/30940\/revisions"}],"predecessor-version":[{"id":32412,"href":"http:\/\/jumelage.org\/francais\/wp-json\/wp\/v2\/pages\/30940\/revisions\/32412"}],"up":[{"embeddable":true,"href":"http:\/\/jumelage.org\/francais\/wp-json\/wp\/v2\/pages\/25474"}],"wp:attachment":[{"href":"http:\/\/jumelage.org\/francais\/wp-json\/wp\/v2\/media?parent=30940"}],"curies":[{"name":"wp","href":"https:\/\/api.w.org\/{rel}","templated":true}]}}