{"id":24473,"date":"2019-08-31T23:22:09","date_gmt":"2019-08-31T21:22:09","guid":{"rendered":"http:\/\/jumelage.org\/francais\/?page_id=24473"},"modified":"2019-09-05T11:22:18","modified_gmt":"2019-09-05T09:22:18","slug":"stage-2019-maria","status":"publish","type":"page","link":"http:\/\/jumelage.org\/francais\/echanges-culturels\/stage-2019-maria\/","title":{"rendered":"Echange culturel 2019 &#8211; Maria"},"content":{"rendered":"<div id=\"pl-24473\"  class=\"panel-layout\" ><div id=\"pg-24473-0\"  class=\"panel-grid panel-has-style\" ><div class=\"siteorigin-panels-stretch panel-row-style panel-row-style-for-24473-0\" style=\"padding: 0px 0; \" data-stretch-type=\"full\" data-overlay=\"true\" data-overlay-color=\"#000000\" ><div id=\"pgc-24473-0-0\"  class=\"panel-grid-cell\" ><div id=\"panel-24473-0-0-0\" class=\"so-panel widget widget_sow-editor panel-first-child panel-last-child\" data-index=\"0\" ><div style=\"text-align: left;\" data-title-color=\"#443f3f\" data-headings-color=\"#443f3f\" class=\"panel-widget-style panel-widget-style-for-24473-0-0-0\" ><div\n\t\t\t\n\t\t\tclass=\"so-widget-sow-editor so-widget-sow-editor-base\"\n\t\t\t\n\t\t>\n<div class=\"siteorigin-widget-tinymce textwidget\">\n\t<p style=\"text-align: justify;\"><span style=\"color: #000000;\"><span style=\"color: #ffffff;\">.\u00a0\u00a0\u00a0\u00a0\u00a0\u00a0\u00a0\u00a0\u00a0\u00a0 <\/span>Cet \u00e9t\u00e9, j'ai eu l'occasion de passer trois semaines \u00e0 Saint-Germain-en-Laye. Ce fut l'une des exp\u00e9riences les plus enrichissantes et \u00e9ducatives que j'aie jamais eues. J'ai \u00e9t\u00e9 accueillie par Madame Ghislaine LeBouffo, qui a \u00e9t\u00e9 extr\u00eamement gentille avec mes amis et moi. Tous les matins, Ghislaine et moi prenions le petit d\u00e9jeuner ensemble et regardions les nouvelles. Ghislaine expliquait tous les \u00e9v\u00e9nements actuels en France et ce que les journalistes disaient. Gr\u00e2ce \u00e0 Ghislaine, j'ai pu comprendre ce qui se passait aux infos et j'ai beaucoup appris sur ce qui se passait en France. La fille de Ghislaine, Lucie, nous rendait souvent visite. Elle m'a appris beaucoup d'argot fran\u00e7ais et m\u2019a racont\u00e9 plusieurs histoires dr\u00f4les. Le premier jour o\u00f9 nous \u00e9tions en France, Marc et Sylvie sont venus nous chercher \u00e0 l'a\u00e9roport et nous ont fait visiter Saint-Germain-en-Laye. Nous avons visit\u00e9 les lieux o\u00f9 nous allions travailler, ainsi que le ch\u00e2teau et la mairie. Ce soir-l\u00e0, nous avons eu de la raclette, un plat que je n'ai vu que dans des vid\u00e9os et que j'ai toujours voulu essayer. (C'\u00e9tait d\u00e9licieux!)<\/span><\/p>\n<p style=\"text-align: justify;\"><span style=\"color: #000000;\">J'ai \u00e9t\u00e9 affect\u00e9 \u00e0 la Maison de l'Europe des Yvelines, une organisation qui g\u00e8re des projets qui contribuent \u00e0 sensibiliser le grand public aux enjeux europ\u00e9ens. J'ai surtout travaill\u00e9 sous la rel\u00e8ve de Madame Marie Minier. Elle \u00e9tait si amicale que je me suis rapidement install\u00e9e sur le lieu de travail sans trop de probl\u00e8mes. Marie organise des ateliers pour les enfants dans diff\u00e9rentes \u00e9coles primaires chaque semaine et elle a des th\u00e8mes diff\u00e9rents pour chacun. Elle a voulu ajouter un atelier sur le th\u00e8me \u201clangues du monde\u201d, alors pendant les premiers jours, j'ai travaill\u00e9 \u00e0 la cr\u00e9ation du nouvel atelier. J\u2019ai trouv\u00e9 diff\u00e9rentes activit\u00e9s pour apprendre aux enfants le vocabulaire de base dans diff\u00e9rentes langues, ainsi que l'artisanat et des histoires de diff\u00e9rents pays. Apr\u00e8s \u00e7a, j'ai traduit les itin\u00e9raires de certains voyages que la Maison de l'Europe propose de fran\u00e7ais \u00e0 l'anglais. J'ai beaucoup appris sur l'Europe en lisant ces voyages. Le vendredi, Marie m'emmenait avec elle \u00e0 l'\u00e9cole primaire o\u00f9 elle travaillait et j'observais ses cours. Lors de mon dernier vendredi en France, j'ai appris aux enfants comment dire les nombres 1 \u00e0 10 en chinois!<\/span><\/p>\n<p style=\"text-align: justify;\"><span style=\"color: #000000;\">Le week-end ou apr\u00e8s le travail, les membres du Jumelage nous emmenaient \u00e0 Paris ou nous invitaient \u00e0 d\u00eener chez eux. Au cours de ma premi\u00e8re semaine \u00e0 Saint-Germain, l'un des membres du Jumelage, Khady, m'a appris \u00e0 cuisiner la blanquette de poulet et un g\u00e2teau au yaourt. Elle m'a emmen\u00e9e \u00e0 un march\u00e9 en plein air pour acheter des produits d'\u00e9picerie et m\u2019a parl\u00e9 de la fa\u00e7on dont elle enseigne aux immigrants de son quartier comment cuisiner les repas fran\u00e7ais. J'aime cuisiner \u00e0 la maison, donc j'ai vraiment appr\u00e9ci\u00e9 apprendre \u00e0 cuisiner des plats fran\u00e7ais authentiques. Le Jumelage a \u00e9galement organis\u00e9 deux d\u00eeners pour nous, l'un quand nous sommes arriv\u00e9s et l'autre juste avant notre d\u00e9part. L\u00e0, nous avons rencontr\u00e9 de nombreux membres du Jumelage ainsi que les trois \u00e9tudiants qui se rendraient \u00e0 Winchester pour leurs stages en juillet. J'ai ador\u00e9 rencontrer tant de nouvelles personnes et les \u00e9couter parler des plans futurs pour le Jumelage. Nous avons aussi \u00e9t\u00e9 emmen\u00e9s \u00e0 la maison d\u2019Alexandre Dumas, \u00e0 la maison de Jos\u00e9phine \u00e0 Rueil, \u00e0 la maison de Marie-Antoinette \u00e0 Versailles et \u00e0 la Sainte-Chapelle \u00e0 Paris. Une de mes excursions pr\u00e9f\u00e9r\u00e9es \u00e9tait \u00e0 Honfleur et Le Havre en Normandie. Honfleur \u00e9tait une ville tr\u00e8s artistique, avec de nombreuses galeries d'art et d\u2019architecture int\u00e9ressantes. Nous sommes all\u00e9s \u00e0 une plage au Havre et nous avons eu beaucoup de plaisir \u00e0 trouver du verre de mer et de jolis rochers.<\/span><\/p>\n<p style=\"text-align: justify;\"><span style=\"color: #000000;\">Je suis vraiment reconnaissante pour chaque minute du temps que j'ai pass\u00e9 \u00e0 Saint-Germain. Tous ceux que j'ai rencontr\u00e9s \u00e9taient extr\u00eamement gentils et accueillants. Les membres du jumelage voulaient vraiment que nous nous amusions en France et j'ai \u00e9t\u00e9 touch\u00e9e par leur hospitalit\u00e9. Mon fran\u00e7ais s'est tellement am\u00e9lior\u00e9, j'ai h\u00e2te de revoir tout le monde \u00e0 Saint-Germain!<\/span><\/p>\n<p style=\"text-align: justify;\"><span style=\"color: #0000ff;\"><em><span style=\"color: #ffffff;\">.\u00a0\u00a0\u00a0\u00a0\u00a0\u00a0\u00a0\u00a0\u00a0\u00a0 <\/span>This summer I had the opportunity to spend three weeks in Saint Germain en Laye, and it was one of the most rewarding and educational experiences I\u2019ve ever had. I was hosted by Madame Ghislaine LeBouffo, who was extremely kind to my friends and I. Every morning, Ghislaine and I would eat breakfast together and watch the news. Ghislaine would explain all the current events in France and what the reporters were saying. Thanks to Ghislaine, I was able to understand what was happening on the news and learned a lot about what was going on in France. Ghislaine\u2019s daughter, Lucie, visited often, and she taught me a lot of French slang and told me many funny stories. On the first day we were in France, Marc and Sylvie picked us up from the airport and gave us a tour of Saint Germain en Laye. We visited the places that we would be working at as well as the castle and the town hall. That night, we had raclette, a dish that I\u2019ve only seen in videos and always wanted to try. (It was delicious!)\u00a0\u00a0<\/em><\/span><\/p>\n<p style=\"text-align: justify;\"><span style=\"color: #0000ff;\"><em>I was assigned to work at la Maison de l\u2019Europe des Yvelines, an organization that manages projects that help raise the public\u2019s awareness of European issues. I mostly worked under Madame Marie Minier. She was so unbelievably friendly that I quickly settled into the workplace without much trouble. Marie hosts workshops for children at different elementary schools each week and has different themes for each one. She wanted to add a workshop with the theme World Languages, so for the first few days I worked on researching different activities for kids to learn basic vocabulary in different languages, as well as crafts and stories from different countries. Afterward, I translated the itineraries of some of the trips the Maison de l\u2019Europe offers from French to English. I learned a lot about Europe by reading about these trips. On Fridays, Marie would take me with her to the elementary school she worked at and I would observe her classes. On my last Friday in France, I taught the kids how to say numbers 1 to 10 in Chinese!\u00a0\u00a0\u00a0<\/em><\/span><\/p>\n<p style=\"text-align: justify;\"><span style=\"color: #0000ff;\"><em>On the weekends or after work, members of the Jumelage would take us out to Paris or invite us to their houses for dinner. During my first week in Saint Germain, one of the members of the Jumelage, Khady, taught me how to cook blanquette de poulet and a yogurt cake. She took me to an open-air market to buy groceries and talked about how she teaches immigrants in her neighborhood how to cook French meals. I love to cook at home, so I really enjoyed learning how to cook authentic French dishes. The Jumelage also organized two dinner parties for us, one when we arrived and one right before we left. There, we met many members of the Jumelage as well as the three students who would be going to Winchester for their internships in July. I loved meeting so many new people and listening to them talk about future plans for the Jumelage. We were also taken to the Alexander Dumas house, Josephine\u2019s mansion in Reuil, Marie Antoinette\u2019s house in Versailles, and the Sainte-Chapelle in Paris. One of my favorite trips was to Honfleur and Le Havre in Normandy. Honfleur was a very artsy town, with many art galleries and cool architecture. We went to a beach in Le Havre and had lots of fun finding sea glass and pretty rocks.\u00a0\u00a0<\/em><\/span><\/p>\n<p style=\"text-align: justify;\"><span style=\"color: #0000ff;\"><em>I am truly grateful for every minute of the time I spent in Saint Germain. Everyone I met was extremely kind and welcoming. The members of the Jumelage genuinely wanted us to have a good time in France, and I was touched by their endless hospitality. My french improved so much, and I can\u2019t wait to visit everyone in Saint Germain again!\u00a0\u00a0<\/em><\/span><\/p>\n<\/div>\n<\/div><\/div><\/div><\/div><\/div><\/div><\/div>","protected":false},"excerpt":{"rendered":"<p>.\u00a0\u00a0\u00a0\u00a0\u00a0\u00a0\u00a0\u00a0\u00a0\u00a0 Cet \u00e9t\u00e9, j&rsquo;ai eu l&rsquo;occasion de passer trois semaines \u00e0 Saint-Germain-en-Laye. Ce fut l&rsquo;une des exp\u00e9riences les plus enrichissantes et \u00e9ducatives que j&rsquo;aie jamais [&hellip;]<\/p>\n","protected":false},"author":1,"featured_media":0,"parent":3383,"menu_order":0,"comment_status":"closed","ping_status":"closed","template":"page-templates\/page_fullwidth.php","meta":{"two_page_speed":[],"footnotes":""},"class_list":["post-24473","page","type-page","status-publish","hentry"],"yoast_head":"<!-- This site is optimized with the Yoast SEO plugin v27.4 - https:\/\/yoast.com\/product\/yoast-seo-wordpress\/ -->\n<title>Echange culturel 2019 - Maria Jumelage<\/title>\n<meta name=\"robots\" content=\"index, follow, max-snippet:-1, max-image-preview:large, max-video-preview:-1\" \/>\n<link rel=\"canonical\" href=\"http:\/\/jumelage.org\/francais\/echanges-culturels\/stage-2019-maria\/\" \/>\n<meta property=\"og:locale\" content=\"fr_FR\" \/>\n<meta property=\"og:type\" content=\"article\" \/>\n<meta property=\"og:title\" content=\"Echange culturel 2019 - Maria Jumelage\" \/>\n<meta property=\"og:description\" content=\".\u00a0\u00a0\u00a0\u00a0\u00a0\u00a0\u00a0\u00a0\u00a0\u00a0 Cet \u00e9t\u00e9, j&#039;ai eu l&#039;occasion de passer trois semaines \u00e0 Saint-Germain-en-Laye. Ce fut l&#039;une des exp\u00e9riences les plus enrichissantes et \u00e9ducatives que j&#039;aie jamais [&hellip;]\" \/>\n<meta property=\"og:url\" content=\"http:\/\/jumelage.org\/francais\/echanges-culturels\/stage-2019-maria\/\" \/>\n<meta property=\"og:site_name\" content=\"Jumelage\" \/>\n<meta property=\"article:publisher\" content=\"http:\/\/www.facebook.com\/jumelagew.sgl\/\" \/>\n<meta property=\"article:modified_time\" content=\"2019-09-05T09:22:18+00:00\" \/>\n<meta name=\"twitter:card\" content=\"summary_large_image\" \/>\n<meta name=\"twitter:label1\" content=\"Dur\u00e9e de lecture estim\u00e9e\" \/>\n\t<meta name=\"twitter:data1\" content=\"7 minutes\" \/>\n<script type=\"application\/ld+json\" class=\"yoast-schema-graph\">{\"@context\":\"https:\\\/\\\/schema.org\",\"@graph\":[{\"@type\":\"WebPage\",\"@id\":\"http:\\\/\\\/jumelage.org\\\/francais\\\/echanges-culturels\\\/stage-2019-maria\\\/\",\"url\":\"http:\\\/\\\/jumelage.org\\\/francais\\\/echanges-culturels\\\/stage-2019-maria\\\/\",\"name\":\"Echange culturel 2019 - Maria Jumelage\",\"isPartOf\":{\"@id\":\"https:\\\/\\\/jumelage.org\\\/francais\\\/#website\"},\"datePublished\":\"2019-08-31T21:22:09+00:00\",\"dateModified\":\"2019-09-05T09:22:18+00:00\",\"breadcrumb\":{\"@id\":\"http:\\\/\\\/jumelage.org\\\/francais\\\/echanges-culturels\\\/stage-2019-maria\\\/#breadcrumb\"},\"inLanguage\":\"fr-FR\",\"potentialAction\":[{\"@type\":\"ReadAction\",\"target\":[\"http:\\\/\\\/jumelage.org\\\/francais\\\/echanges-culturels\\\/stage-2019-maria\\\/\"]}]},{\"@type\":\"BreadcrumbList\",\"@id\":\"http:\\\/\\\/jumelage.org\\\/francais\\\/echanges-culturels\\\/stage-2019-maria\\\/#breadcrumb\",\"itemListElement\":[{\"@type\":\"ListItem\",\"position\":1,\"name\":\"Accueil\",\"item\":\"https:\\\/\\\/jumelage.org\\\/francais\\\/\"},{\"@type\":\"ListItem\",\"position\":2,\"name\":\"Echanges culturels\",\"item\":\"https:\\\/\\\/jumelage.org\\\/francais\\\/echanges-culturels\\\/\"},{\"@type\":\"ListItem\",\"position\":3,\"name\":\"Echange culturel 2019 &#8211; Maria\"}]},{\"@type\":\"WebSite\",\"@id\":\"https:\\\/\\\/jumelage.org\\\/francais\\\/#website\",\"url\":\"https:\\\/\\\/jumelage.org\\\/francais\\\/\",\"name\":\"Jumelage\",\"description\":\"Saint-Germain-en-Laye &amp; Winchester (MA)\",\"potentialAction\":[{\"@type\":\"SearchAction\",\"target\":{\"@type\":\"EntryPoint\",\"urlTemplate\":\"https:\\\/\\\/jumelage.org\\\/francais\\\/?s={search_term_string}\"},\"query-input\":{\"@type\":\"PropertyValueSpecification\",\"valueRequired\":true,\"valueName\":\"search_term_string\"}}],\"inLanguage\":\"fr-FR\"}]}<\/script>\n<!-- \/ Yoast SEO plugin. -->","yoast_head_json":{"title":"Echange culturel 2019 - Maria Jumelage","robots":{"index":"index","follow":"follow","max-snippet":"max-snippet:-1","max-image-preview":"max-image-preview:large","max-video-preview":"max-video-preview:-1"},"canonical":"http:\/\/jumelage.org\/francais\/echanges-culturels\/stage-2019-maria\/","og_locale":"fr_FR","og_type":"article","og_title":"Echange culturel 2019 - Maria Jumelage","og_description":".\u00a0\u00a0\u00a0\u00a0\u00a0\u00a0\u00a0\u00a0\u00a0\u00a0 Cet \u00e9t\u00e9, j'ai eu l'occasion de passer trois semaines \u00e0 Saint-Germain-en-Laye. Ce fut l'une des exp\u00e9riences les plus enrichissantes et \u00e9ducatives que j'aie jamais [&hellip;]","og_url":"http:\/\/jumelage.org\/francais\/echanges-culturels\/stage-2019-maria\/","og_site_name":"Jumelage","article_publisher":"http:\/\/www.facebook.com\/jumelagew.sgl\/","article_modified_time":"2019-09-05T09:22:18+00:00","twitter_card":"summary_large_image","twitter_misc":{"Dur\u00e9e de lecture estim\u00e9e":"7 minutes"},"schema":{"@context":"https:\/\/schema.org","@graph":[{"@type":"WebPage","@id":"http:\/\/jumelage.org\/francais\/echanges-culturels\/stage-2019-maria\/","url":"http:\/\/jumelage.org\/francais\/echanges-culturels\/stage-2019-maria\/","name":"Echange culturel 2019 - Maria Jumelage","isPartOf":{"@id":"https:\/\/jumelage.org\/francais\/#website"},"datePublished":"2019-08-31T21:22:09+00:00","dateModified":"2019-09-05T09:22:18+00:00","breadcrumb":{"@id":"http:\/\/jumelage.org\/francais\/echanges-culturels\/stage-2019-maria\/#breadcrumb"},"inLanguage":"fr-FR","potentialAction":[{"@type":"ReadAction","target":["http:\/\/jumelage.org\/francais\/echanges-culturels\/stage-2019-maria\/"]}]},{"@type":"BreadcrumbList","@id":"http:\/\/jumelage.org\/francais\/echanges-culturels\/stage-2019-maria\/#breadcrumb","itemListElement":[{"@type":"ListItem","position":1,"name":"Accueil","item":"https:\/\/jumelage.org\/francais\/"},{"@type":"ListItem","position":2,"name":"Echanges culturels","item":"https:\/\/jumelage.org\/francais\/echanges-culturels\/"},{"@type":"ListItem","position":3,"name":"Echange culturel 2019 &#8211; Maria"}]},{"@type":"WebSite","@id":"https:\/\/jumelage.org\/francais\/#website","url":"https:\/\/jumelage.org\/francais\/","name":"Jumelage","description":"Saint-Germain-en-Laye &amp; Winchester (MA)","potentialAction":[{"@type":"SearchAction","target":{"@type":"EntryPoint","urlTemplate":"https:\/\/jumelage.org\/francais\/?s={search_term_string}"},"query-input":{"@type":"PropertyValueSpecification","valueRequired":true,"valueName":"search_term_string"}}],"inLanguage":"fr-FR"}]}},"_links":{"self":[{"href":"http:\/\/jumelage.org\/francais\/wp-json\/wp\/v2\/pages\/24473","targetHints":{"allow":["GET"]}}],"collection":[{"href":"http:\/\/jumelage.org\/francais\/wp-json\/wp\/v2\/pages"}],"about":[{"href":"http:\/\/jumelage.org\/francais\/wp-json\/wp\/v2\/types\/page"}],"author":[{"embeddable":true,"href":"http:\/\/jumelage.org\/francais\/wp-json\/wp\/v2\/users\/1"}],"replies":[{"embeddable":true,"href":"http:\/\/jumelage.org\/francais\/wp-json\/wp\/v2\/comments?post=24473"}],"version-history":[{"count":0,"href":"http:\/\/jumelage.org\/francais\/wp-json\/wp\/v2\/pages\/24473\/revisions"}],"up":[{"embeddable":true,"href":"http:\/\/jumelage.org\/francais\/wp-json\/wp\/v2\/pages\/3383"}],"wp:attachment":[{"href":"http:\/\/jumelage.org\/francais\/wp-json\/wp\/v2\/media?parent=24473"}],"curies":[{"name":"wp","href":"https:\/\/api.w.org\/{rel}","templated":true}]}}