{"id":24471,"date":"2019-08-31T23:18:56","date_gmt":"2019-08-31T21:18:56","guid":{"rendered":"http:\/\/jumelage.org\/francais\/?page_id=24471"},"modified":"2019-09-05T11:21:12","modified_gmt":"2019-09-05T09:21:12","slug":"stage-2019-andrea","status":"publish","type":"page","link":"http:\/\/jumelage.org\/francais\/echanges-culturels\/stage-2019-andrea\/","title":{"rendered":"Echange culturel 2019 &#8211; Andrea"},"content":{"rendered":"<div id=\"pl-24471\"  class=\"panel-layout\" ><div id=\"pg-24471-0\"  class=\"panel-grid panel-has-style\" ><div class=\"siteorigin-panels-stretch panel-row-style panel-row-style-for-24471-0\" style=\"padding: 0px 0; \" data-stretch-type=\"full\" data-overlay=\"true\" data-overlay-color=\"#000000\" ><div id=\"pgc-24471-0-0\"  class=\"panel-grid-cell\" ><div id=\"panel-24471-0-0-0\" class=\"so-panel widget widget_sow-editor panel-first-child panel-last-child\" data-index=\"0\" ><div style=\"text-align: left;\" data-title-color=\"#443f3f\" data-headings-color=\"#443f3f\" class=\"panel-widget-style panel-widget-style-for-24471-0-0-0\" ><div\n\t\t\t\n\t\t\tclass=\"so-widget-sow-editor so-widget-sow-editor-base\"\n\t\t\t\n\t\t>\n<div class=\"siteorigin-widget-tinymce textwidget\">\n\t<p style=\"text-align: justify;\"><span style=\"color: #ffffff;\">.\u00a0\u00a0\u00a0\u00a0\u00a0\u00a0\u00a0\u00a0\u00a0\u00a0\u00a0<\/span> Pendant trois semaines cet \u00e9t\u00e9, je suis rest\u00e9e \u00e0 Saint-Germain-en-Laye avec Maria et Leo, deux autres \u00e9l\u00e8ves du lyc\u00e9e de Winchester, pour un \u00e9change culturel. J\u2019ai habit\u00e9 pour quelques jours chez Marc et Sylvie, et puis chez R\u00e9gine pour le reste de mon s\u00e9jour. R\u00e9gine et moi, nous aimons la musique classique et j'ai eu la chance d'assister \u00e0 quelques concerts en France. Aussi, j'ai eu le plaisir de rencontrer les \u00e9tudiants fran\u00e7ais qui ont arriv\u00e9s \u00e0 Winchester en juillet. C'\u00e9tait vraiment int\u00e9ressant de discuter les similarit\u00e9s et diff\u00e9rences entre leur \u00e9ducation et les n\u00f4tres aux \u00c9tats-Unis.<\/p>\n<p style=\"text-align: justify;\">J'\u00e9tais vraiment impatient de travailler \u00e0 La CLEF parce qu\u2019ils sont tr\u00e8s impliqu\u00e9s dans la communaut\u00e9. \u00c0 La CLEF, on peut participer dans une vari\u00e9t\u00e9 de cours pour apprendre beaucoup de choses comme la danse, les instruments de musique et les langues diff\u00e9rentes. Apr\u00e8s avoir suivi Fouzia lors de l'enregistrement de ces cours \u00e0 l\u2019accueil et plus tard quand j\u2019ai appris \u00e0 les faire moi-m\u00eame sur l\u2019ordinateur, je me suis rendu compte que tout le monde \u00e0 la CLEF \u00e9tait gentil, en particulier Fouzia, et j\u2019ai r\u00e9alis\u00e9 qu\u2019il y avait beaucoup de responsabilit\u00e9s dans chaque travail. Tout le monde travaillant \u00e0 La CLEF \u00e9tait vraiment gentil et patient avec moi. Aussi, j'ai eu l'occasion de travailler avec Busy Bees, l'\u00e9cole maternelle anglophone \u00e0 La CLEF, et je les ai aid\u00e9s avec leur pi\u00e8ce et un cours d'instrument de musique. Une autre chose qui me plaisait \u00e9tait la pr\u00e9paration des caf\u00e9s pour les \u00e9tudiants \u00e9trangers qui prendre des cours de fran\u00e7ais \u00e0 La CLEF, parce que l'environnement \u00e9tait chaleureux et accueillant. Pendant le dernier caf\u00e9, j'ai le plaisir de jouer un morceau sur mon violon comme musique de fond.<\/p>\n<p style=\"text-align: justify;\">En dehors du travail, j'ai explor\u00e9 les r\u00e9gions diff\u00e9rentes de France avec les membres du Jumelage. Pendant la premi\u00e8re semaine, j'ai assist\u00e9 \u00e0 une exposition d'art d'impressionnisme avec R\u00e9gine \u00e0 la Fondation Louis Vuitton. L\u2019ann\u00e9e derni\u00e8re au lyc\u00e9e, j\u2019ai d\u00e9couvert et analys\u00e9 les techniques de l\u2019impression fran\u00e7aise, et j\u2019ai vraiment aim\u00e9 essayer de trouver ces aspects dans de nombreuses pi\u00e8ces que j\u2019ai vu. Pour voir l\u2019art de Manet, Monet, Degas, Renoir, C\u00e9zanne et Van Gogh moi-m\u00eame \u00e9tait vraiment remarquable. Plus tard dans la semaine, je suis all\u00e9 au ch\u00e2teau de Monte Cristo avec Colette, la tante d'une des filles qui venait \u00e0 Winchester, et nous avons parl\u00e9 de la litt\u00e9rature fran\u00e7aise que j'avais \u00e9tudi\u00e9 dans ma classe de fran\u00e7ais. Nous avons aussi parl\u00e9 avec son voisin, qui a quitt\u00e9 Chicago pour habiter en France, et nous avons discut\u00e9 nos premi\u00e8res impressions de la culture fran\u00e7aise et de ce que nous avons trouv\u00e9 int\u00e9ressant dans la vie de tous les jours. Plus tard \u00e0 Paris, Maria, Leo et moi avons explor\u00e9 les magasins des Champs-\u00c9lys\u00e9es et j\u2019ai pris beaucoup de photos \u00e0 l'Arc de Triomphe et \u00e0 la Tour Eiffel. Et puis, nous sommes all\u00e9s \u00e0 une f\u00eate s\u00e9n\u00e9galaise avec la famille d'accueil de Leo pour c\u00e9l\u00e9brer le bapt\u00eame d'un membre de leur communaut\u00e9. J'ai eu beaucoup de plaisir \u00e0 participer dans cette culture fran\u00e7aise diff\u00e9rent. Nous sommes \u00e9galement all\u00e9s en Normandie avec R\u00e9gine et une de ses amies o\u00f9 nous avons appris les caract\u00e9ristiques des b\u00e2timents traditionnels, puis nous avons explor\u00e9 la plage du Havre. La visite de Normandie cette ann\u00e9e \u00e9tait particuli\u00e8rement important pour moi \u00e0 cause du 75e anniversaire du jour J, une partie avec beaucoup d\u2019importance dans l'histoire de la France et des \u00c9tats-Unis.<\/p>\n<p style=\"text-align: justify;\">Nous avons pass\u00e9 le deuxi\u00e8me week-end avec Allen et Julie \u00e0 explorer les jardins du ch\u00e2teau de Versailles, o\u00f9 nous avons ram\u00e9 un bateau et appr\u00e9ci\u00e9 les fontaines. Plus tard dans l\u2019apr\u00e8s-midi, nous avons visit\u00e9 la ferme de Marie-Antoinette et, apr\u00e8s nous sommes retourn\u00e9s \u00e0 Saint-Germain-en-Laye, nous avons explor\u00e9 une foire d'art locale. Didier et Brigitte nous ont montr\u00e9 les quartiers historiques de Paris comme la Sainte-Chapelle et la Conciergerie. Pendant que nous sommes promen\u00e9s dans les rues, nous avons vu un march\u00e9 pour les animaux domestiques et apr\u00e8s nous avons regard\u00e9 un spectacle de patinage \u00e0 roulettes.<\/p>\n<p style=\"text-align: justify;\">Dans notre derni\u00e8re semaine, nous avons rencontr\u00e9 le Maire de Saint-Germain-en-Laye et nous avons discut\u00e9 avec Mme Sylvia et M Ren\u00e9 des mesures que les citoyens peuvent faire pour prot\u00e9ger l'environnement et de l'importance des \u00e9changes culturels pour les relations entre la France et les \u00c9tats-Unis.<\/p>\n<p style=\"text-align: justify;\">Pendant ce voyage, j'ai beaucoup appris de la culture fran\u00e7aise et j'ai appliqu\u00e9 ce que j'avais appris en classe au monde r\u00e9el. Je veux remercier tous mes professeurs de fran\u00e7ais, l\u2019organisation Jumelage, mes familles d\u2019accueil et toutes les personnes que j\u2019ai rencontr\u00e9es en France pour avoir rendu ce voyage aussi m\u00e9morable que possible. Je souhaite de revenir bient\u00f4t!<\/p>\n<p style=\"text-align: justify;\"><em><span style=\"color: #0000ff;\"><span style=\"color: #ffffff;\">.\u00a0\u00a0\u00a0\u00a0\u00a0\u00a0\u00a0\u00a0\u00a0\u00a0\u00a0<\/span> For three weeks this summer, I stayed in Saint-Germain-en-Laye along with Maria and Leo, two other students from Winchester High School for a cultural exchange. I lived with Marc and Sylvie for the first few days, and then with Regine for the rest of my stay. Both Regine and I are very involved in music, and I was fortunate to be able to attend many concerts in France. I also had the pleasure of meeting the French students coming to Winchester this July. It was really interesting to learn about how their education path looked like in comparison to ours in the United States.<\/span><\/em><\/p>\n<p style=\"text-align: justify;\"><em><span style=\"color: #0000ff;\">I was really excited about my job at La CLEF because of its involvement in the community. At La CLEF, people can take a variety of classes to learn many things like dance, musical instruments, and different languages. Through following Fouzia with the registration of these classes at the welcome desk and later learning how to do registrations on the computer myself, I realized how kind everyone at La CLEF was, especially Fouzia, and how much responsibility there is with every job. Everyone working at La CLEF was really kind and patient with me. I also got to work with Busy Bees, the English preschool at La CLEF, and I helped them with their play and a musical instrument class. Another thing I liked was preparing for cafes for the foreign students taking French classes at La CLEF because of the warm and welcoming environment. During the last cafe, I also played a piece on my violin as background music.<\/span><\/em><\/p>\n<p style=\"text-align: justify;\"><em><span style=\"color: #0000ff;\">Outside of work, I explored the different regions of France with the members of the Jumelage. During the first week, I went to an art exhibition on Impressionism with Regine at the Louis Vuitton Foundation. Last year in school we learned about and analyzed the techniques of French impressionism, and I really enjoyed trying to find these aspects in many of the pieces I saw. To see the work of Manet, Monet, Degas, Renoir, Cezanne, and Van Gogh myself was truly remarkable. Later in the week, I visited the house of Monte Cristo with Colette, the aunt of one of the girls coming to Winchester and we talked about the French literature that I had studied in French class. We also talked with her neighbor, who moved to France from Chicago, and discussed our first impressions of French culture and what we found interesting about daily life there. Later in Paris, Maria, Leo and I explored the stores on the Champs Elysees and took pictures at the Arc de Triomphe and the Eiffel Tower. We also went to a Senegalese celebration with Leo\u2019s host family to celebrate the baptism of one of the members of their community. I had a lot of fun taking part in a different type of French culture. We also went to Normandy with Regine and one of her friends where we learned about the characteristics of the traditional buildings and then explored the beach in Le Havre. Being able to visit Normandy this year was particularly important to me because of the 75th anniversary of D-Day, a truly significant part of the shared history of France and the United States.<\/span><\/em><\/p>\n<p style=\"text-align: justify;\"><em><span style=\"color: #0000ff;\">We spent the second weekend with Allen and Julie exploring the gardens at the Palace of Versailles, where we got to row a boat and enjoy the fountains. Later in the afternoon, we also visited Marie Antoinette\u2019s farm, and when we came back to Saint-Germain-en-Laye, we explored the local art exposition\/fair. Didier and Bridgitte showed us the historical parts of Paris like Sainte-Chapelle and the Conciergerie. Walking around the streets, we saw a pet market and watched roller skating street show.<\/span><\/em><\/p>\n<p style=\"text-align: justify;\"><em><span style=\"color: #0000ff;\">During our last week, we met the Mayor of Saint-Germain-en-Laye and talked with Mme Sylvia and M Rene about the steps people take to protect the environment and the importance of cultural exchanges for the relationship between France and the United States.<\/span><\/em><\/p>\n<p style=\"text-align: justify;\"><em><span style=\"color: #0000ff;\">Throughout this entire trip, I learned so much about French culture and was able to apply what I had learned in class to the real world. Thank you to all of my French teachers, the Jumelage organization, my host families, and everyone else I met in France for making such a memorable trip possible. I wish to come back soon!<\/span><\/em><\/p>\n<p>&nbsp;<\/p>\n<p>&nbsp;<\/p>\n<p>&nbsp;<\/p>\n<p>&nbsp;<\/p>\n<\/div>\n<\/div><\/div><\/div><\/div><\/div><\/div><\/div>","protected":false},"excerpt":{"rendered":"<p>.\u00a0\u00a0\u00a0\u00a0\u00a0\u00a0\u00a0\u00a0\u00a0\u00a0\u00a0 Pendant trois semaines cet \u00e9t\u00e9, je suis rest\u00e9e \u00e0 Saint-Germain-en-Laye avec Maria et Leo, deux autres \u00e9l\u00e8ves du lyc\u00e9e de Winchester, pour un \u00e9change [&hellip;]<\/p>\n","protected":false},"author":1,"featured_media":0,"parent":3383,"menu_order":0,"comment_status":"closed","ping_status":"closed","template":"page-templates\/page_fullwidth.php","meta":{"two_page_speed":[],"footnotes":""},"class_list":["post-24471","page","type-page","status-publish","hentry"],"yoast_head":"<!-- This site is optimized with the Yoast SEO plugin v27.4 - https:\/\/yoast.com\/product\/yoast-seo-wordpress\/ -->\n<title>Echange culturel 2019 - Andrea Jumelage<\/title>\n<meta name=\"robots\" content=\"index, follow, max-snippet:-1, max-image-preview:large, max-video-preview:-1\" \/>\n<link rel=\"canonical\" href=\"http:\/\/jumelage.org\/francais\/echanges-culturels\/stage-2019-andrea\/\" \/>\n<meta property=\"og:locale\" content=\"fr_FR\" \/>\n<meta property=\"og:type\" content=\"article\" \/>\n<meta property=\"og:title\" content=\"Echange culturel 2019 - Andrea Jumelage\" \/>\n<meta property=\"og:description\" content=\".\u00a0\u00a0\u00a0\u00a0\u00a0\u00a0\u00a0\u00a0\u00a0\u00a0\u00a0 Pendant trois semaines cet \u00e9t\u00e9, je suis rest\u00e9e \u00e0 Saint-Germain-en-Laye avec Maria et Leo, deux autres \u00e9l\u00e8ves du lyc\u00e9e de Winchester, pour un \u00e9change [&hellip;]\" \/>\n<meta property=\"og:url\" content=\"http:\/\/jumelage.org\/francais\/echanges-culturels\/stage-2019-andrea\/\" \/>\n<meta property=\"og:site_name\" content=\"Jumelage\" \/>\n<meta property=\"article:publisher\" content=\"http:\/\/www.facebook.com\/jumelagew.sgl\/\" \/>\n<meta property=\"article:modified_time\" content=\"2019-09-05T09:21:12+00:00\" \/>\n<meta name=\"twitter:card\" content=\"summary_large_image\" \/>\n<meta name=\"twitter:label1\" content=\"Dur\u00e9e de lecture estim\u00e9e\" \/>\n\t<meta name=\"twitter:data1\" content=\"8 minutes\" \/>\n<script type=\"application\/ld+json\" class=\"yoast-schema-graph\">{\"@context\":\"https:\\\/\\\/schema.org\",\"@graph\":[{\"@type\":\"WebPage\",\"@id\":\"http:\\\/\\\/jumelage.org\\\/francais\\\/echanges-culturels\\\/stage-2019-andrea\\\/\",\"url\":\"http:\\\/\\\/jumelage.org\\\/francais\\\/echanges-culturels\\\/stage-2019-andrea\\\/\",\"name\":\"Echange culturel 2019 - Andrea Jumelage\",\"isPartOf\":{\"@id\":\"https:\\\/\\\/jumelage.org\\\/francais\\\/#website\"},\"datePublished\":\"2019-08-31T21:18:56+00:00\",\"dateModified\":\"2019-09-05T09:21:12+00:00\",\"breadcrumb\":{\"@id\":\"http:\\\/\\\/jumelage.org\\\/francais\\\/echanges-culturels\\\/stage-2019-andrea\\\/#breadcrumb\"},\"inLanguage\":\"fr-FR\",\"potentialAction\":[{\"@type\":\"ReadAction\",\"target\":[\"http:\\\/\\\/jumelage.org\\\/francais\\\/echanges-culturels\\\/stage-2019-andrea\\\/\"]}]},{\"@type\":\"BreadcrumbList\",\"@id\":\"http:\\\/\\\/jumelage.org\\\/francais\\\/echanges-culturels\\\/stage-2019-andrea\\\/#breadcrumb\",\"itemListElement\":[{\"@type\":\"ListItem\",\"position\":1,\"name\":\"Accueil\",\"item\":\"https:\\\/\\\/jumelage.org\\\/francais\\\/\"},{\"@type\":\"ListItem\",\"position\":2,\"name\":\"Echanges culturels\",\"item\":\"https:\\\/\\\/jumelage.org\\\/francais\\\/echanges-culturels\\\/\"},{\"@type\":\"ListItem\",\"position\":3,\"name\":\"Echange culturel 2019 &#8211; Andrea\"}]},{\"@type\":\"WebSite\",\"@id\":\"https:\\\/\\\/jumelage.org\\\/francais\\\/#website\",\"url\":\"https:\\\/\\\/jumelage.org\\\/francais\\\/\",\"name\":\"Jumelage\",\"description\":\"Saint-Germain-en-Laye &amp; Winchester (MA)\",\"potentialAction\":[{\"@type\":\"SearchAction\",\"target\":{\"@type\":\"EntryPoint\",\"urlTemplate\":\"https:\\\/\\\/jumelage.org\\\/francais\\\/?s={search_term_string}\"},\"query-input\":{\"@type\":\"PropertyValueSpecification\",\"valueRequired\":true,\"valueName\":\"search_term_string\"}}],\"inLanguage\":\"fr-FR\"}]}<\/script>\n<!-- \/ Yoast SEO plugin. -->","yoast_head_json":{"title":"Echange culturel 2019 - Andrea Jumelage","robots":{"index":"index","follow":"follow","max-snippet":"max-snippet:-1","max-image-preview":"max-image-preview:large","max-video-preview":"max-video-preview:-1"},"canonical":"http:\/\/jumelage.org\/francais\/echanges-culturels\/stage-2019-andrea\/","og_locale":"fr_FR","og_type":"article","og_title":"Echange culturel 2019 - Andrea Jumelage","og_description":".\u00a0\u00a0\u00a0\u00a0\u00a0\u00a0\u00a0\u00a0\u00a0\u00a0\u00a0 Pendant trois semaines cet \u00e9t\u00e9, je suis rest\u00e9e \u00e0 Saint-Germain-en-Laye avec Maria et Leo, deux autres \u00e9l\u00e8ves du lyc\u00e9e de Winchester, pour un \u00e9change [&hellip;]","og_url":"http:\/\/jumelage.org\/francais\/echanges-culturels\/stage-2019-andrea\/","og_site_name":"Jumelage","article_publisher":"http:\/\/www.facebook.com\/jumelagew.sgl\/","article_modified_time":"2019-09-05T09:21:12+00:00","twitter_card":"summary_large_image","twitter_misc":{"Dur\u00e9e de lecture estim\u00e9e":"8 minutes"},"schema":{"@context":"https:\/\/schema.org","@graph":[{"@type":"WebPage","@id":"http:\/\/jumelage.org\/francais\/echanges-culturels\/stage-2019-andrea\/","url":"http:\/\/jumelage.org\/francais\/echanges-culturels\/stage-2019-andrea\/","name":"Echange culturel 2019 - Andrea Jumelage","isPartOf":{"@id":"https:\/\/jumelage.org\/francais\/#website"},"datePublished":"2019-08-31T21:18:56+00:00","dateModified":"2019-09-05T09:21:12+00:00","breadcrumb":{"@id":"http:\/\/jumelage.org\/francais\/echanges-culturels\/stage-2019-andrea\/#breadcrumb"},"inLanguage":"fr-FR","potentialAction":[{"@type":"ReadAction","target":["http:\/\/jumelage.org\/francais\/echanges-culturels\/stage-2019-andrea\/"]}]},{"@type":"BreadcrumbList","@id":"http:\/\/jumelage.org\/francais\/echanges-culturels\/stage-2019-andrea\/#breadcrumb","itemListElement":[{"@type":"ListItem","position":1,"name":"Accueil","item":"https:\/\/jumelage.org\/francais\/"},{"@type":"ListItem","position":2,"name":"Echanges culturels","item":"https:\/\/jumelage.org\/francais\/echanges-culturels\/"},{"@type":"ListItem","position":3,"name":"Echange culturel 2019 &#8211; Andrea"}]},{"@type":"WebSite","@id":"https:\/\/jumelage.org\/francais\/#website","url":"https:\/\/jumelage.org\/francais\/","name":"Jumelage","description":"Saint-Germain-en-Laye &amp; Winchester (MA)","potentialAction":[{"@type":"SearchAction","target":{"@type":"EntryPoint","urlTemplate":"https:\/\/jumelage.org\/francais\/?s={search_term_string}"},"query-input":{"@type":"PropertyValueSpecification","valueRequired":true,"valueName":"search_term_string"}}],"inLanguage":"fr-FR"}]}},"_links":{"self":[{"href":"http:\/\/jumelage.org\/francais\/wp-json\/wp\/v2\/pages\/24471","targetHints":{"allow":["GET"]}}],"collection":[{"href":"http:\/\/jumelage.org\/francais\/wp-json\/wp\/v2\/pages"}],"about":[{"href":"http:\/\/jumelage.org\/francais\/wp-json\/wp\/v2\/types\/page"}],"author":[{"embeddable":true,"href":"http:\/\/jumelage.org\/francais\/wp-json\/wp\/v2\/users\/1"}],"replies":[{"embeddable":true,"href":"http:\/\/jumelage.org\/francais\/wp-json\/wp\/v2\/comments?post=24471"}],"version-history":[{"count":0,"href":"http:\/\/jumelage.org\/francais\/wp-json\/wp\/v2\/pages\/24471\/revisions"}],"up":[{"embeddable":true,"href":"http:\/\/jumelage.org\/francais\/wp-json\/wp\/v2\/pages\/3383"}],"wp:attachment":[{"href":"http:\/\/jumelage.org\/francais\/wp-json\/wp\/v2\/media?parent=24471"}],"curies":[{"name":"wp","href":"https:\/\/api.w.org\/{rel}","templated":true}]}}