{"id":10718,"date":"2018-08-30T17:50:11","date_gmt":"2018-08-30T15:50:11","guid":{"rendered":"http:\/\/jumelage.org\/francais\/?page_id=10718"},"modified":"2022-06-02T11:21:11","modified_gmt":"2022-06-02T09:21:11","slug":"stage-2018-lulu","status":"publish","type":"page","link":"http:\/\/jumelage.org\/francais\/echanges-culturels\/stage-2018-lulu\/","title":{"rendered":"Echange culturel 2018 &#8211; Lulu"},"content":{"rendered":"<div id=\"pl-10718\"  class=\"panel-layout\" ><div id=\"pg-10718-0\"  class=\"panel-grid panel-has-style\" ><div class=\"siteorigin-panels-stretch panel-row-style panel-row-style-for-10718-0\" style=\"padding: 5px 0; \" data-stretch-type=\"full-stretched\" data-overlay=\"true\" data-overlay-color=\"#000000\" ><div id=\"pgc-10718-0-0\"  class=\"panel-grid-cell panel-grid-cell-empty\" ><\/div><div id=\"pgc-10718-0-1\"  class=\"panel-grid-cell panel-grid-cell-mobile-last\" ><div id=\"panel-10718-0-1-0\" class=\"so-panel widget widget_sow-editor panel-first-child panel-last-child\" data-index=\"0\" ><div style=\"text-align: left;\" data-title-color=\"#443f3f\" data-headings-color=\"#443f3f\" class=\"panel-widget-style panel-widget-style-for-10718-0-1-0\" ><div\n\t\t\t\n\t\t\tclass=\"so-widget-sow-editor so-widget-sow-editor-base\"\n\t\t\t\n\t\t>\n<div class=\"siteorigin-widget-tinymce textwidget\">\n\t<p style=\"text-align: justify;\"><span style=\"color: #ffffff;\">. \u00a0 \u00a0 \u00a0 \u00a0 \u00a0<span style=\"color: #0000ff;\"> \u00a0<\/span><\/span><span style=\"color: #0000ff;\">Cet \u00e9t\u00e9 j\u2019ai v\u00e9cu a Saint-Germain-en-Laye pour trois semaines. Ce s\u00e9jour \u00e9tait formidable\u00a0! J\u2019ai voyag\u00e9, travaill\u00e9, mang\u00e9, et appris beaucoup. R\u00e9gine Cetin et sa fille Sophie m\u2019ont accueilli, et elles \u00e9taient tr\u00e8s sympas. R\u00e9gine aime chanter, donc, j\u2019ai eu la chance parce que j\u2019ai pu voir les concerts de son ch\u0153ur et aussi les autres ensembles de la musique classique avec elle. Nous avons vu aussi une maison de l\u2019architecte Corbusier. J\u2019ai appris beaucoup de la vie de cet architecte et ses \u0153uvres. Avec R\u00e9gine, j\u2019ai appris beaucoup d\u2019autres choses aussi, par exemple, les noms des fromages diff\u00e9rents, et les origines des mots.<\/span><\/p>\n<p style=\"text-align: justify;\"><span style=\"color: #0000ff;\">J\u2019ai voyag\u00e9 beaucoup aussi avec les autres personnages de Jumelage. Le premier week-end, Anna et moi sommes all\u00e9es \u00e0 Versailles, Giverny, et Rouen. Versailles \u00e9tait tr\u00e8s calme au matin quand il n\u2019y avait pas beaucoup de personnes. J\u2019aimais beaucoup le grand parc. J\u2019avais h\u00e2te de visiter Giverny parce que j\u2019aime beaucoup Claude Monet. Nous sommes all\u00e9es au jardin et \u00e0 la maison de Monet, qui \u00e9taient beaux. Les personnes qui nous ont accueilli ont expliqu\u00e9 beaucoup concernant l\u2019histoire des diff\u00e9rents endroits et de la culture fran\u00e7aise.<\/span><\/p>\n<p style=\"text-align: justify;\"><span style=\"color: #0000ff;\">J\u2019aimais beaucoup mon travail \u00e0 la Clef, un endroit o\u00f9 les gens peuvent prendre les cours d\u2019arts, de la musique, de l\u2019anglais, et plein d\u2019autres sujets. Quand j\u2019ai commenc\u00e9 le travail, j\u2019\u00e9tais un peu nerveuse mais aussi j\u2019\u00e9tais enthousiaste. J\u2019ai travaill\u00e9 \u00e0 l\u2019accueil avec Fouzia, qui m\u2019a aid\u00e9 beaucoup. J\u2019ai aid\u00e9 avec les inscriptions pour la nouvelle saison des activit\u00e9s. Quand il y avait La F\u00eate de la Musique \u00e0 Saint Germain-en-Laye, La Clef avait beaucoup de concerts. J\u2019ai aid\u00e9 avec les pr\u00e9parations et apr\u00e8s, j\u2019ai vu les concerts \u00e0 La Clef, qui \u00e9taient magnifique\u00a0! A La Clef, j\u2019ai aid\u00e9 aussi les Busy Bees, une \u00e9cole maternelle o\u00f9 les enfants parlent en anglais. Un jour, j\u2019ai particip\u00e9 avec un cours de fran\u00e7ais. Nous avons discut\u00e9 comment parler de nos r\u00eaves et aspirations. Je suis tr\u00e8s heureuse que j\u2019aie l\u2019exp\u00e9rience de travailler \u00e0 La Clef. Je me suis rencontr\u00e9 avec beaucoup de personnes qui m\u2019ont aid\u00e9 beaucoup.<\/span><\/p>\n<p style=\"text-align: justify;\"><span style=\"color: #0000ff;\">Anna, Saskia, et moi, nous sommes all\u00e9es \u00e0 Paris pour les weekends. Le premier weekend, notre guide Marc a explique les faits int\u00e9ressants de la ville, par exemple, o\u00f9 les \u00e9crivains Am\u00e9ricains ont v\u00e9cu. Le weekend prochain, nous avons visit\u00e9 Val\u00e9rie, qui travaille pr\u00e8s de l\u2019Op\u00e9ra. Cette r\u00e9gion \u00e9tait tr\u00e8s vivante. Nous avons vu aussi les endroits connus comme Notre Dame, la Tour Eiffel, et Montmartre. Ces endroits \u00e9taient si beaux\u00a0! Nous avons regarde aussi L\u2019Atelier des Lumi\u00e8res, un spectacle d\u2019arts, des lumi\u00e8res, et de la musique qui \u00e9tait tr\u00e8s unique. Moi, j\u2019aimais particuli\u00e8rement promener le long de la Seine.<\/span><\/p>\n<p style=\"text-align: justify;\"><span style=\"color: #0000ff;\">La France me manque, et je me souviendrai cette exp\u00e9rience certainement. Je remercie les personnages de Jumelage pour me donner cette opportunit\u00e9. Les barbecues o\u00f9 nous avons pu parler avec beaucoup de gens et manger bien \u00e9taient sympas. J\u2019ai trouve que la ville de Saint Germain-en-Laye est tr\u00e8s sp\u00e9ciale. La ville a beaucoup de l\u2019histoire et une ambiance g\u00e9niale. Je remercie aussi les familles d\u2019accueil et les personnes avec qui nous avons travaill\u00e9 pour toute sa gentillesse.<\/span><\/p>\n<p style=\"text-align: center;\"><img decoding=\"async\" class=\"alignnone wp-image-10554\" src=\"http:\/\/jumelage.org\/francais\/wp-content\/uploads\/2018\/07\/Lulu-R\u00e9gine.jpg\" alt=\"\" width=\"313\" height=\"393\" srcset=\"https:\/\/jumelage.org\/francais\/wp-content\/uploads\/2018\/07\/Lulu-R\u00e9gine.jpg 1530w, https:\/\/jumelage.org\/francais\/wp-content\/uploads\/2018\/07\/Lulu-R\u00e9gine-239x300.jpg 239w, https:\/\/jumelage.org\/francais\/wp-content\/uploads\/2018\/07\/Lulu-R\u00e9gine-768x964.jpg 768w, https:\/\/jumelage.org\/francais\/wp-content\/uploads\/2018\/07\/Lulu-R\u00e9gine-816x1024.jpg 816w, https:\/\/jumelage.org\/francais\/wp-content\/uploads\/2018\/07\/Lulu-R\u00e9gine-600x753.jpg 600w, https:\/\/jumelage.org\/francais\/wp-content\/uploads\/2018\/07\/Lulu-R\u00e9gine-830x1042.jpg 830w, https:\/\/jumelage.org\/francais\/wp-content\/uploads\/2018\/07\/Lulu-R\u00e9gine-230x289.jpg 230w, https:\/\/jumelage.org\/francais\/wp-content\/uploads\/2018\/07\/Lulu-R\u00e9gine-350x439.jpg 350w, https:\/\/jumelage.org\/francais\/wp-content\/uploads\/2018\/07\/Lulu-R\u00e9gine-480x602.jpg 480w\" sizes=\"(max-width: 313px) 100vw, 313px\" \/>\u00a0\u00a0\u00a0 <img decoding=\"async\" class=\"alignnone wp-image-10719\" src=\"http:\/\/jumelage.org\/francais\/wp-content\/uploads\/2018\/08\/Lulu_Accueil-La-Clef.jpg\" alt=\"\" width=\"532\" height=\"393\" srcset=\"https:\/\/jumelage.org\/francais\/wp-content\/uploads\/2018\/08\/Lulu_Accueil-La-Clef.jpg 798w, https:\/\/jumelage.org\/francais\/wp-content\/uploads\/2018\/08\/Lulu_Accueil-La-Clef-300x222.jpg 300w, https:\/\/jumelage.org\/francais\/wp-content\/uploads\/2018\/08\/Lulu_Accueil-La-Clef-768x568.jpg 768w, https:\/\/jumelage.org\/francais\/wp-content\/uploads\/2018\/08\/Lulu_Accueil-La-Clef-600x444.jpg 600w, https:\/\/jumelage.org\/francais\/wp-content\/uploads\/2018\/08\/Lulu_Accueil-La-Clef-230x170.jpg 230w, https:\/\/jumelage.org\/francais\/wp-content\/uploads\/2018\/08\/Lulu_Accueil-La-Clef-350x259.jpg 350w, https:\/\/jumelage.org\/francais\/wp-content\/uploads\/2018\/08\/Lulu_Accueil-La-Clef-480x355.jpg 480w\" sizes=\"(max-width: 532px) 100vw, 532px\" \/>\u00a0\u00a0\u00a0 <img decoding=\"async\" class=\"alignnone wp-image-10857\" src=\"http:\/\/jumelage.org\/francais\/wp-content\/uploads\/2018\/08\/Lulu-la-Clef.jpg\" alt=\"\" width=\"301\" height=\"394\" srcset=\"https:\/\/jumelage.org\/francais\/wp-content\/uploads\/2018\/08\/Lulu-la-Clef.jpg 600w, https:\/\/jumelage.org\/francais\/wp-content\/uploads\/2018\/08\/Lulu-la-Clef-229x300.jpg 229w, https:\/\/jumelage.org\/francais\/wp-content\/uploads\/2018\/08\/Lulu-la-Clef-230x301.jpg 230w, https:\/\/jumelage.org\/francais\/wp-content\/uploads\/2018\/08\/Lulu-la-Clef-350x459.jpg 350w, https:\/\/jumelage.org\/francais\/wp-content\/uploads\/2018\/08\/Lulu-la-Clef-480x629.jpg 480w\" sizes=\"(max-width: 301px) 100vw, 301px\" \/><\/p>\n<p>&amp;<img decoding=\"async\" class=\"wp-image-31197 aligncenter\" src=\"http:\/\/jumelage.org\/francais\/wp-content\/uploads\/2022\/06\/Lulu-MIT.jpg\" alt=\"\" width=\"313\" height=\"418\" srcset=\"https:\/\/jumelage.org\/francais\/wp-content\/uploads\/2022\/06\/Lulu-MIT.jpg 1440w, https:\/\/jumelage.org\/francais\/wp-content\/uploads\/2022\/06\/Lulu-MIT-1000x1333.jpg 1000w, https:\/\/jumelage.org\/francais\/wp-content\/uploads\/2022\/06\/Lulu-MIT-768x1024.jpg 768w, https:\/\/jumelage.org\/francais\/wp-content\/uploads\/2022\/06\/Lulu-MIT-1152x1536.jpg 1152w, https:\/\/jumelage.org\/francais\/wp-content\/uploads\/2022\/06\/Lulu-MIT-920x1227.jpg 920w, https:\/\/jumelage.org\/francais\/wp-content\/uploads\/2022\/06\/Lulu-MIT-230x307.jpg 230w, https:\/\/jumelage.org\/francais\/wp-content\/uploads\/2022\/06\/Lulu-MIT-350x467.jpg 350w, https:\/\/jumelage.org\/francais\/wp-content\/uploads\/2022\/06\/Lulu-MIT-480x640.jpg 480w, https:\/\/jumelage.org\/francais\/wp-content\/uploads\/2022\/06\/Lulu-MIT-1320x1760.jpg 1320w\" sizes=\"(max-width: 313px) 100vw, 313px\" \/><\/p>\n<div class=\"\" dir=\"auto\">\n<div id=\"jsc_c_14\" class=\"ecm0bbzt hv4rvrfc ihqw7lf3 dati1w0a\" data-ad-comet-preview=\"message\" data-ad-preview=\"message\">\n<div class=\"j83agx80 cbu4d94t ew0dbk1b irj2b8pg\">\n<div class=\"qzhwtbm6 knvmm38d\">\n<div class=\"kvgmc6g5 cxmmr5t8 oygrvhab hcukyx3x c1et5uql ii04i59q\">\n<div dir=\"auto\" style=\"text-align: center;\"><span style=\"font-size: 14px;\">M<em>any congratulations to Lulu Tian, upon her graduation from MIT two days ago (May 29, 2022). Lulu was one of our Winchester students who studied in St-Germain in June 2018.<\/em><\/span><\/div>\n<\/div>\n<div class=\"cxmmr5t8 oygrvhab hcukyx3x c1et5uql o9v6fnle ii04i59q\">\n<div dir=\"auto\" style=\"text-align: center;\"><em><span style=\"font-size: 14px;\">Toutes nos f\u00e9licitations \u00e0 Lulu Tian, \u200b\u200bpour l'obtention de son dipl\u00f4me du MIT il y a deux jours (29 mai 2022). Lulu \u00e9tait l'une de nos \u00e9tudiantes de Winchester qui ont fait un stage \u00e0 St-Germain en juin 2018.<\/span><\/em><\/div>\n<\/div>\n<\/div>\n<\/div>\n<\/div>\n<\/div>\n<p style=\"text-align: justify;\"><span style=\"color: #008000;\"><em><span style=\"font-size: 14px;\"><span style=\"color: #ffffff;\">.\u00a0\u00a0\u00a0\u00a0\u00a0\u00a0\u00a0\u00a0<\/span> This summer, I had the wonderful opportunity to live in St. Germain-en-Laye for three weeks, along with two other students who graduated from Winchester High School. During this time, I was hosted by Regine Cetin and her daughter Sophie Cetin, who were very accommodating and taught me a lot. At first, I had some trouble speaking French and understanding others, but my hosts were very patient with me and even explained to me the origins of words and the usages of certain phrases. In no time, my French began to improve. Regine is very active in singing, and I was fortunate enough to attend a concert where her choir sang, as well as other classical music concerts she brought me to. The first weekend after Anna and I arrived, we went to Versailles, Giverny, and Rouen, accompanied by members of Jumelage. I really enjoyed this weekend because we got to see different parts of France and met kind people. Versailles was really quiet in the morning, and there was some fog so it looked really peaceful and serene, especially since we were in the huge gardens. In Giverny, we visited Monet\u2019s house and garden. I was especially excited about this trip because I really love Monet\u2019s paintings, and it definitely lived up to my expectations. The garden was full of colorful flowers and the house was so quaint and had its own special charm. In Rouen, we enjoyed visiting an old cathedral and walked around the town.<\/span><\/em><\/span><\/p>\n<p style=\"text-align: justify;\"><span style=\"color: #008000;\"><em><span style=\"font-size: 14px;\">The next day, all three of us began our work. I was excited and a little nervous to start my job at La Clef, a recreation center offering services in arts, music, languages, and more. However, I was quickly put to ease with everyone\u2019s kindness. Marthe had showed me around La Clef earlier so I was familiar with the building, and I quickly adjusted to my work with Fouzia at the greeting desk thanks to Fouzia\u2019s patience and kindness. At the greeting desk, I helped Fouzia with registering people for the next season of activities. As I was working, I found it interesting that there are so many au pairs in Saint-Germain-en-Laye. Becoming an au pair is also a great opportunity to experience life in France and learn the French language. I got to see many au pairs passing by on their way to French class, and had fun talking to some as well. At La Clef, I also got to help out with the Busy Bees, which is an English-speaking preschool. One day, I also sat in on a French class, where we discussed how to talk about one\u2019s dreams and aspirations. During La Fete de la Musique, La Clef held many concerts, which I helped set up for. Later that day, I went to see the concerts, which were full of energy and great music.<\/span><\/em><\/span><\/p>\n<p style=\"text-align: justify;\"><span style=\"color: #008000;\"><em><span style=\"font-size: 14px;\">On the weekends, Anna, Saskia, and I would go into Paris, which is only around an hour train ride away. The first weekend, we were very lucky to have Marc as a tour guide around Paris, and he showed us unique locations like where famous American writers once lived.\u00a0 The other weekend, Valerie kindly showed us around her work place, which is located by the Opera. We had fun looking in shops and learning about the area. On our own, we explored all different parts of Paris, from the Eiffel Tower, to Notre Dame, to less-known attractions such as the art exhibition called \u201cAtelier des Lumieres.\u201d Atelier des Lumieres was truly magical, and after that, the three of us headed to Montmartre, which gave us a spectacular view of the city. By the last day, I was reluctant to leave. This journey was truly an experience I would never want to miss, and my appreciation for French language and culture really developed. Many thanks to the Jumelage program and to all of our host families and coworkers for making everything so meaningful!<\/span><\/em><\/span><\/p>\n<\/div>\n<\/div><\/div><\/div><\/div><div id=\"pgc-10718-0-2\"  class=\"panel-grid-cell panel-grid-cell-empty\" ><\/div><\/div><\/div><\/div>","protected":false},"excerpt":{"rendered":"<p>. \u00a0 \u00a0 \u00a0 \u00a0 \u00a0 \u00a0Cet \u00e9t\u00e9 j\u2019ai v\u00e9cu a Saint-Germain-en-Laye pour trois semaines. Ce s\u00e9jour \u00e9tait formidable\u00a0! J\u2019ai voyag\u00e9, travaill\u00e9, mang\u00e9, et appris [&hellip;]<\/p>\n","protected":false},"author":34,"featured_media":0,"parent":3383,"menu_order":0,"comment_status":"closed","ping_status":"closed","template":"page-templates\/page_fullwidth.php","meta":{"two_page_speed":[],"footnotes":""},"class_list":["post-10718","page","type-page","status-publish","hentry"],"yoast_head":"<!-- This site is optimized with the Yoast SEO plugin v27.4 - https:\/\/yoast.com\/product\/yoast-seo-wordpress\/ -->\n<title>Echange culturel 2018 - Lulu Jumelage<\/title>\n<meta name=\"robots\" content=\"index, follow, max-snippet:-1, max-image-preview:large, max-video-preview:-1\" \/>\n<link rel=\"canonical\" href=\"http:\/\/jumelage.org\/francais\/echanges-culturels\/stage-2018-lulu\/\" \/>\n<meta property=\"og:locale\" content=\"fr_FR\" \/>\n<meta property=\"og:type\" content=\"article\" \/>\n<meta property=\"og:title\" content=\"Echange culturel 2018 - Lulu Jumelage\" \/>\n<meta property=\"og:description\" content=\". \u00a0 \u00a0 \u00a0 \u00a0 \u00a0 \u00a0Cet \u00e9t\u00e9 j\u2019ai v\u00e9cu a Saint-Germain-en-Laye pour trois semaines. Ce s\u00e9jour \u00e9tait formidable\u00a0! J\u2019ai voyag\u00e9, travaill\u00e9, mang\u00e9, et appris [&hellip;]\" \/>\n<meta property=\"og:url\" content=\"http:\/\/jumelage.org\/francais\/echanges-culturels\/stage-2018-lulu\/\" \/>\n<meta property=\"og:site_name\" content=\"Jumelage\" \/>\n<meta property=\"article:publisher\" content=\"http:\/\/www.facebook.com\/jumelagew.sgl\/\" \/>\n<meta property=\"article:modified_time\" content=\"2022-06-02T09:21:11+00:00\" \/>\n<meta property=\"og:image\" content=\"http:\/\/jumelage.org\/francais\/wp-content\/uploads\/2018\/08\/Lulu_Accueil-La-Clef.jpg\" \/>\n<meta name=\"twitter:card\" content=\"summary_large_image\" \/>\n<meta name=\"twitter:label1\" content=\"Dur\u00e9e de lecture estim\u00e9e\" \/>\n\t<meta name=\"twitter:data1\" content=\"7 minutes\" \/>\n<script type=\"application\/ld+json\" class=\"yoast-schema-graph\">{\"@context\":\"https:\\\/\\\/schema.org\",\"@graph\":[{\"@type\":\"WebPage\",\"@id\":\"http:\\\/\\\/jumelage.org\\\/francais\\\/echanges-culturels\\\/stage-2018-lulu\\\/\",\"url\":\"http:\\\/\\\/jumelage.org\\\/francais\\\/echanges-culturels\\\/stage-2018-lulu\\\/\",\"name\":\"Echange culturel 2018 - Lulu Jumelage\",\"isPartOf\":{\"@id\":\"https:\\\/\\\/jumelage.org\\\/francais\\\/#website\"},\"primaryImageOfPage\":{\"@id\":\"http:\\\/\\\/jumelage.org\\\/francais\\\/echanges-culturels\\\/stage-2018-lulu\\\/#primaryimage\"},\"image\":{\"@id\":\"http:\\\/\\\/jumelage.org\\\/francais\\\/echanges-culturels\\\/stage-2018-lulu\\\/#primaryimage\"},\"thumbnailUrl\":\"http:\\\/\\\/jumelage.org\\\/francais\\\/wp-content\\\/uploads\\\/2018\\\/08\\\/Lulu_Accueil-La-Clef.jpg\",\"datePublished\":\"2018-08-30T15:50:11+00:00\",\"dateModified\":\"2022-06-02T09:21:11+00:00\",\"breadcrumb\":{\"@id\":\"http:\\\/\\\/jumelage.org\\\/francais\\\/echanges-culturels\\\/stage-2018-lulu\\\/#breadcrumb\"},\"inLanguage\":\"fr-FR\",\"potentialAction\":[{\"@type\":\"ReadAction\",\"target\":[\"http:\\\/\\\/jumelage.org\\\/francais\\\/echanges-culturels\\\/stage-2018-lulu\\\/\"]}]},{\"@type\":\"ImageObject\",\"inLanguage\":\"fr-FR\",\"@id\":\"http:\\\/\\\/jumelage.org\\\/francais\\\/echanges-culturels\\\/stage-2018-lulu\\\/#primaryimage\",\"url\":\"https:\\\/\\\/jumelage.org\\\/francais\\\/wp-content\\\/uploads\\\/2018\\\/08\\\/Lulu_Accueil-La-Clef.jpg\",\"contentUrl\":\"https:\\\/\\\/jumelage.org\\\/francais\\\/wp-content\\\/uploads\\\/2018\\\/08\\\/Lulu_Accueil-La-Clef.jpg\",\"width\":798,\"height\":590},{\"@type\":\"BreadcrumbList\",\"@id\":\"http:\\\/\\\/jumelage.org\\\/francais\\\/echanges-culturels\\\/stage-2018-lulu\\\/#breadcrumb\",\"itemListElement\":[{\"@type\":\"ListItem\",\"position\":1,\"name\":\"Accueil\",\"item\":\"https:\\\/\\\/jumelage.org\\\/francais\\\/\"},{\"@type\":\"ListItem\",\"position\":2,\"name\":\"Echanges culturels\",\"item\":\"https:\\\/\\\/jumelage.org\\\/francais\\\/echanges-culturels\\\/\"},{\"@type\":\"ListItem\",\"position\":3,\"name\":\"Echange culturel 2018 &#8211; Lulu\"}]},{\"@type\":\"WebSite\",\"@id\":\"https:\\\/\\\/jumelage.org\\\/francais\\\/#website\",\"url\":\"https:\\\/\\\/jumelage.org\\\/francais\\\/\",\"name\":\"Jumelage\",\"description\":\"Saint-Germain-en-Laye &amp; Winchester (MA)\",\"potentialAction\":[{\"@type\":\"SearchAction\",\"target\":{\"@type\":\"EntryPoint\",\"urlTemplate\":\"https:\\\/\\\/jumelage.org\\\/francais\\\/?s={search_term_string}\"},\"query-input\":{\"@type\":\"PropertyValueSpecification\",\"valueRequired\":true,\"valueName\":\"search_term_string\"}}],\"inLanguage\":\"fr-FR\"}]}<\/script>\n<!-- \/ Yoast SEO plugin. -->","yoast_head_json":{"title":"Echange culturel 2018 - Lulu Jumelage","robots":{"index":"index","follow":"follow","max-snippet":"max-snippet:-1","max-image-preview":"max-image-preview:large","max-video-preview":"max-video-preview:-1"},"canonical":"http:\/\/jumelage.org\/francais\/echanges-culturels\/stage-2018-lulu\/","og_locale":"fr_FR","og_type":"article","og_title":"Echange culturel 2018 - Lulu Jumelage","og_description":". \u00a0 \u00a0 \u00a0 \u00a0 \u00a0 \u00a0Cet \u00e9t\u00e9 j\u2019ai v\u00e9cu a Saint-Germain-en-Laye pour trois semaines. Ce s\u00e9jour \u00e9tait formidable\u00a0! J\u2019ai voyag\u00e9, travaill\u00e9, mang\u00e9, et appris [&hellip;]","og_url":"http:\/\/jumelage.org\/francais\/echanges-culturels\/stage-2018-lulu\/","og_site_name":"Jumelage","article_publisher":"http:\/\/www.facebook.com\/jumelagew.sgl\/","article_modified_time":"2022-06-02T09:21:11+00:00","og_image":[{"url":"http:\/\/jumelage.org\/francais\/wp-content\/uploads\/2018\/08\/Lulu_Accueil-La-Clef.jpg","type":"","width":"","height":""}],"twitter_card":"summary_large_image","twitter_misc":{"Dur\u00e9e de lecture estim\u00e9e":"7 minutes"},"schema":{"@context":"https:\/\/schema.org","@graph":[{"@type":"WebPage","@id":"http:\/\/jumelage.org\/francais\/echanges-culturels\/stage-2018-lulu\/","url":"http:\/\/jumelage.org\/francais\/echanges-culturels\/stage-2018-lulu\/","name":"Echange culturel 2018 - Lulu Jumelage","isPartOf":{"@id":"https:\/\/jumelage.org\/francais\/#website"},"primaryImageOfPage":{"@id":"http:\/\/jumelage.org\/francais\/echanges-culturels\/stage-2018-lulu\/#primaryimage"},"image":{"@id":"http:\/\/jumelage.org\/francais\/echanges-culturels\/stage-2018-lulu\/#primaryimage"},"thumbnailUrl":"http:\/\/jumelage.org\/francais\/wp-content\/uploads\/2018\/08\/Lulu_Accueil-La-Clef.jpg","datePublished":"2018-08-30T15:50:11+00:00","dateModified":"2022-06-02T09:21:11+00:00","breadcrumb":{"@id":"http:\/\/jumelage.org\/francais\/echanges-culturels\/stage-2018-lulu\/#breadcrumb"},"inLanguage":"fr-FR","potentialAction":[{"@type":"ReadAction","target":["http:\/\/jumelage.org\/francais\/echanges-culturels\/stage-2018-lulu\/"]}]},{"@type":"ImageObject","inLanguage":"fr-FR","@id":"http:\/\/jumelage.org\/francais\/echanges-culturels\/stage-2018-lulu\/#primaryimage","url":"https:\/\/jumelage.org\/francais\/wp-content\/uploads\/2018\/08\/Lulu_Accueil-La-Clef.jpg","contentUrl":"https:\/\/jumelage.org\/francais\/wp-content\/uploads\/2018\/08\/Lulu_Accueil-La-Clef.jpg","width":798,"height":590},{"@type":"BreadcrumbList","@id":"http:\/\/jumelage.org\/francais\/echanges-culturels\/stage-2018-lulu\/#breadcrumb","itemListElement":[{"@type":"ListItem","position":1,"name":"Accueil","item":"https:\/\/jumelage.org\/francais\/"},{"@type":"ListItem","position":2,"name":"Echanges culturels","item":"https:\/\/jumelage.org\/francais\/echanges-culturels\/"},{"@type":"ListItem","position":3,"name":"Echange culturel 2018 &#8211; Lulu"}]},{"@type":"WebSite","@id":"https:\/\/jumelage.org\/francais\/#website","url":"https:\/\/jumelage.org\/francais\/","name":"Jumelage","description":"Saint-Germain-en-Laye &amp; Winchester (MA)","potentialAction":[{"@type":"SearchAction","target":{"@type":"EntryPoint","urlTemplate":"https:\/\/jumelage.org\/francais\/?s={search_term_string}"},"query-input":{"@type":"PropertyValueSpecification","valueRequired":true,"valueName":"search_term_string"}}],"inLanguage":"fr-FR"}]}},"_links":{"self":[{"href":"http:\/\/jumelage.org\/francais\/wp-json\/wp\/v2\/pages\/10718","targetHints":{"allow":["GET"]}}],"collection":[{"href":"http:\/\/jumelage.org\/francais\/wp-json\/wp\/v2\/pages"}],"about":[{"href":"http:\/\/jumelage.org\/francais\/wp-json\/wp\/v2\/types\/page"}],"author":[{"embeddable":true,"href":"http:\/\/jumelage.org\/francais\/wp-json\/wp\/v2\/users\/34"}],"replies":[{"embeddable":true,"href":"http:\/\/jumelage.org\/francais\/wp-json\/wp\/v2\/comments?post=10718"}],"version-history":[{"count":2,"href":"http:\/\/jumelage.org\/francais\/wp-json\/wp\/v2\/pages\/10718\/revisions"}],"predecessor-version":[{"id":31199,"href":"http:\/\/jumelage.org\/francais\/wp-json\/wp\/v2\/pages\/10718\/revisions\/31199"}],"up":[{"embeddable":true,"href":"http:\/\/jumelage.org\/francais\/wp-json\/wp\/v2\/pages\/3383"}],"wp:attachment":[{"href":"http:\/\/jumelage.org\/francais\/wp-json\/wp\/v2\/media?parent=10718"}],"curies":[{"name":"wp","href":"https:\/\/api.w.org\/{rel}","templated":true}]}}